{"id":3463,"date":"2020-12-14T20:00:01","date_gmt":"2020-12-14T20:00:01","guid":{"rendered":"https:\/\/pt.neorejuvenation.com\/?page_id=1083"},"modified":"2024-06-09T01:36:23","modified_gmt":"2024-06-09T01:36:23","slug":"treinamento-neorejuvenation","status":"publish","type":"page","link":"https:\/\/antoniomoll.com\/pt\/treinamento-neorejuvenation\/","title":{"rendered":"TREINAMENTO NEOREJUVENATION"},"content":{"rendered":"<p>[et_pb_section fb_built=&#8221;1&#8243; admin_label=&#8221;About&#8221; _builder_version=&#8221;4.16&#8243; background_color_gradient_direction=&#8221;77deg&#8221; background_size=&#8221;initial&#8221; background_position=&#8221;top_center&#8221; custom_padding=&#8221;40px||0px|||&#8221;][et_pb_row _builder_version=&#8221;4.16&#8243;][et_pb_column type=&#8221;1_2&#8243; _builder_version=&#8221;4.16&#8243; custom_padding__hover=&#8221;|||&#8221; parallax=&#8221;off&#8221; parallax_method=&#8221;on&#8221;][et_pb_image src=&#8221;https:\/\/pt.neorejuvenation.com\/wp-content\/uploads\/2021\/02\/antonio-moll-neorejuvenation.png&#8221; align=&#8221;center&#8221; force_fullwidth=&#8221;on&#8221; _builder_version=&#8221;4.16&#8243; custom_margin=&#8221;-30px||||false|false&#8221; custom_margin_tablet=&#8221;-40px||||false|false&#8221; custom_margin_phone=&#8221;-50px||||false|false&#8221; custom_margin_last_edited=&#8221;on|phone&#8221;][\/et_pb_image][\/et_pb_column][et_pb_column type=&#8221;1_2&#8243; _builder_version=&#8221;4.16&#8243; custom_padding__hover=&#8221;|||&#8221; parallax=&#8221;off&#8221; parallax_method=&#8221;on&#8221;][et_pb_text _builder_version=&#8221;4.16&#8243; header_font=&#8221;Oxygen||||||||&#8221; header_text_align=&#8221;justify&#8221; header_text_color=&#8221;#3a1e8c&#8221; header_font_size=&#8221;50px&#8221; header_font_size_phone=&#8221;35px&#8221; header_font_size_last_edited=&#8221;on|phone&#8221; header_line_height=&#8221;1.5em&#8221; header_2_font=&#8221;Oxygen||||||||&#8221; header_2_text_color=&#8221;#821096&#8243; header_2_font_size=&#8221;32px&#8221; header_2_font_size_tablet=&#8221;32px&#8221; header_2_font_size_phone=&#8221;24px&#8221; header_2_font_size_last_edited=&#8221;on|desktop&#8221; header_2_letter_spacing_tablet=&#8221;0px&#8221; header_2_letter_spacing_phone=&#8221;0px&#8221; header_2_letter_spacing_last_edited=&#8221;off|tablet&#8221; header_2_line_height=&#8221;1.3em&#8221; header_3_font=&#8221;Montserrat|500|||||||&#8221; header_3_text_align=&#8221;center&#8221; header_3_text_color=&#8221;#171728&#8243; header_3_font_size_phone=&#8221;19px&#8221; header_3_font_size_last_edited=&#8221;on|desktop&#8221; header_3_letter_spacing=&#8221;3px&#8221; header_3_line_height=&#8221;1.2em&#8221; custom_margin=&#8221;|||-12px||&#8221; inline_fonts=&#8221;Oswald,ABeeZee,Montserrat,Oxygen&#8221;]<\/p>\n<h1 style=\"text-align: center;\"><span style=\"font-family: Oxygen; font-weight: normal;\"><strong><span style=\"color: rgba(131, 22, 150, 0.76);\"><span style=\"color: #7f0096;\"><span style=\"color: rgba(0, 0, 0, 0.86);\">Aprenda a<\/span><br \/>REJUVENESCER<\/span><\/span><\/strong><\/span><\/h1>\n<p><span style=\"font-family: Oxygen; font-weight: normal;\"><strong><span style=\"color: rgba(131, 22, 150, 0.76);\"><span style=\"color: #7f0096;\"><\/span><\/span><\/strong><\/span><\/p>\n<p>[\/et_pb_text][et_pb_text _builder_version=&#8221;4.16&#8243; text_font=&#8221;Source Sans Pro||||||||&#8221; text_font_size=&#8221;18px&#8221; text_font_size_tablet=&#8221;18px&#8221; text_font_size_phone=&#8221;18px&#8221; text_font_size_last_edited=&#8221;on|phone&#8221; text_letter_spacing_phone=&#8221;0px&#8221; text_letter_spacing_last_edited=&#8221;on|tablet&#8221; text_line_height=&#8221;1.9em&#8221;]<\/p>\n<p style=\"text-align: center;\"><span><strong>NeoRejuvenation<\/strong> \u00e9 um <strong>m\u00e9todo pr\u00e1tico<\/strong> para <strong>reverter<\/strong> naturalmente o <strong>envelhecimento f\u00edsico<\/strong> desde sua origem.<\/span><\/p>\n<p style=\"text-align: center;\"><span style=\"color: #171728;\"><strong><\/strong><\/span><\/p>\n<p>[\/et_pb_text][et_pb_button button_url=&#8221;https:\/\/br.neorejuvenation.com&#8221; button_text=&#8221;Saiba mais&#8221; button_alignment=&#8221;center&#8221; _builder_version=&#8221;3.17.6&#8243; custom_button=&#8221;on&#8221; button_text_color=&#8221;#ffffff&#8221; button_bg_color=&#8221;#0072bf&#8221; button_bg_use_color_gradient=&#8221;on&#8221; button_bg_color_gradient_start=&#8221;#71d0ce&#8221; button_bg_color_gradient_end=&#8221;#821096&#8243; button_bg_color_gradient_direction=&#8221;120deg&#8221; button_border_width=&#8221;0px&#8221; button_border_color=&#8221;rgba(0,0,0,0)&#8221; button_border_radius=&#8221;0px&#8221; button_letter_spacing=&#8221;1px&#8221; button_font=&#8221;Oxygen|500||on|||||&#8221; custom_margin=&#8221;50px||&#8221; custom_padding=&#8221;10px|40px|10px|40px|true|true&#8221; button_bg_color__hover_enabled=&#8221;on|hover&#8221; button_bg_use_color_gradient__hover=&#8221;off&#8221; button_bg_color_gradient_start__hover=&#8221;#0072bf&#8221; button_bg_color_gradient_end__hover=&#8221;#71d0ce&#8221; button_bg_color__hover=&#8221;#6f1791&#8243; button_bg_enable_color__hover=&#8221;on&#8221; button_bg_color_gradient_stops__hover=&#8221;#0072bf 0%|#71d0ce 100%&#8221;][\/et_pb_button][\/et_pb_column][\/et_pb_row][et_pb_row custom_padding=&#8221;9px||0px|||&#8221; custom_margin=&#8221;60px|auto||auto||&#8221; _builder_version=&#8221;4.16&#8243; custom_margin_tablet=&#8221;||&#8221; custom_margin_phone=&#8221;0px|||&#8221; custom_margin_last_edited=&#8221;on|tablet&#8221;][et_pb_column type=&#8221;4_4&#8243; _builder_version=&#8221;4.16&#8243; custom_padding__hover=&#8221;|||&#8221; parallax=&#8221;off&#8221; parallax_method=&#8221;on&#8221;][\/et_pb_column][\/et_pb_row][\/et_pb_section]<\/p>\n","protected":false},"excerpt":{"rendered":"<p>[et_pb_section fb_built=&#8221;1&#8243; admin_label=&#8221;About&#8221; _builder_version=&#8221;4.16&#8243; background_color_gradient_direction=&#8221;77deg&#8221; background_size=&#8221;initial&#8221; background_position=&#8221;top_center&#8221; custom_padding=&#8221;40px||0px|||&#8221;][et_pb_row _builder_version=&#8221;4.16&#8243;][et_pb_column type=&#8221;1_2&#8243; _builder_version=&#8221;4.16&#8243; custom_padding__hover=&#8221;|||&#8221; parallax=&#8221;off&#8221; parallax_method=&#8221;on&#8221;][et_pb_image src=&#8221;https:\/\/pt.neorejuvenation.com\/wp-content\/uploads\/2021\/02\/antonio-moll-neorejuvenation.png&#8221; align=&#8221;center&#8221; force_fullwidth=&#8221;on&#8221; _builder_version=&#8221;4.16&#8243; custom_margin=&#8221;-30px||||false|false&#8221; custom_margin_tablet=&#8221;-40px||||false|false&#8221; custom_margin_phone=&#8221;-50px||||false|false&#8221; custom_margin_last_edited=&#8221;on|phone&#8221;][\/et_pb_image][\/et_pb_column][et_pb_column type=&#8221;1_2&#8243; _builder_version=&#8221;4.16&#8243; custom_padding__hover=&#8221;|||&#8221; parallax=&#8221;off&#8221; parallax_method=&#8221;on&#8221;][et_pb_text _builder_version=&#8221;4.16&#8243; header_font=&#8221;Oxygen||||||||&#8221; header_text_align=&#8221;justify&#8221; header_text_color=&#8221;#3a1e8c&#8221; header_font_size=&#8221;50px&#8221; header_font_size_phone=&#8221;35px&#8221; header_font_size_last_edited=&#8221;on|phone&#8221; header_line_height=&#8221;1.5em&#8221; header_2_font=&#8221;Oxygen||||||||&#8221; header_2_text_color=&#8221;#821096&#8243; header_2_font_size=&#8221;32px&#8221; header_2_font_size_tablet=&#8221;32px&#8221; header_2_font_size_phone=&#8221;24px&#8221; header_2_font_size_last_edited=&#8221;on|desktop&#8221; header_2_letter_spacing_tablet=&#8221;0px&#8221; header_2_letter_spacing_phone=&#8221;0px&#8221; header_2_letter_spacing_last_edited=&#8221;off|tablet&#8221; header_2_line_height=&#8221;1.3em&#8221; header_3_font=&#8221;Montserrat|500|||||||&#8221; header_3_text_align=&#8221;center&#8221; header_3_text_color=&#8221;#171728&#8243; header_3_font_size_phone=&#8221;19px&#8221; header_3_font_size_last_edited=&#8221;on|desktop&#8221; header_3_letter_spacing=&#8221;3px&#8221; header_3_line_height=&#8221;1.2em&#8221; custom_margin=&#8221;|||-12px||&#8221; inline_fonts=&#8221;Oswald,ABeeZee,Montserrat,Oxygen&#8221;] Aprenda [&hellip;]<\/p>\n","protected":false},"author":1,"featured_media":0,"parent":0,"menu_order":0,"comment_status":"closed","ping_status":"closed","template":"","meta":{"footnotes":""},"yoast_head":"<!-- This site is optimized with the Yoast SEO plugin v21.2 - https:\/\/yoast.com\/wordpress\/plugins\/seo\/ -->\n<title>TREINAMENTO NEOREJUVENATION - Antonio Moll - PORTUGU\u00caS<\/title>\n<meta name=\"description\" content=\"Site oficial do NeoRejuvenation em portugu\u00eas (PT). O Neo Rejuvenescimento \u00e9 um m\u00e9todo pr\u00e1tico para reverter naturalmente o envelhecimento.\" \/>\n<meta name=\"robots\" content=\"index, follow, max-snippet:-1, max-image-preview:large, max-video-preview:-1\" \/>\n<link rel=\"canonical\" href=\"https:\/\/antoniomoll.com\/pt\/treinamento-neorejuvenation\/\" \/>\n<meta property=\"og:locale\" content=\"pt_BR\" \/>\n<meta property=\"og:type\" content=\"article\" \/>\n<meta property=\"og:title\" content=\"TREINAMENTO NEOREJUVENATION - Antonio Moll - PORTUGU\u00caS\" \/>\n<meta property=\"og:description\" content=\"Site oficial do NeoRejuvenation em portugu\u00eas (PT). O Neo Rejuvenescimento \u00e9 um m\u00e9todo pr\u00e1tico para reverter naturalmente o envelhecimento.\" \/>\n<meta property=\"og:url\" content=\"https:\/\/antoniomoll.com\/pt\/treinamento-neorejuvenation\/\" \/>\n<meta property=\"og:site_name\" content=\"Antonio Moll - PORTUGU\u00caS\" \/>\n<meta property=\"article:modified_time\" content=\"2024-06-09T01:36:23+00:00\" \/>\n<meta name=\"twitter:card\" content=\"summary_large_image\" \/>\n<meta name=\"twitter:label1\" content=\"Est. tempo de leitura\" \/>\n\t<meta name=\"twitter:data1\" content=\"26 minutos\" \/>\n<script type=\"application\/ld+json\" class=\"yoast-schema-graph\">{\"@context\":\"https:\/\/schema.org\",\"@graph\":[{\"@type\":\"WebPage\",\"@id\":\"https:\/\/antoniomoll.com\/pt\/treinamento-neorejuvenation\/\",\"url\":\"https:\/\/antoniomoll.com\/pt\/treinamento-neorejuvenation\/\",\"name\":\"TREINAMENTO NEOREJUVENATION - Antonio Moll - PORTUGU\u00caS\",\"isPartOf\":{\"@id\":\"https:\/\/antoniomoll.com\/pt\/#website\"},\"datePublished\":\"2020-12-14T20:00:01+00:00\",\"dateModified\":\"2024-06-09T01:36:23+00:00\",\"description\":\"Site oficial do NeoRejuvenation em portugu\u00eas (PT). O Neo Rejuvenescimento \u00e9 um m\u00e9todo pr\u00e1tico para reverter naturalmente o envelhecimento.\",\"breadcrumb\":{\"@id\":\"https:\/\/antoniomoll.com\/pt\/treinamento-neorejuvenation\/#breadcrumb\"},\"inLanguage\":\"pt-BR\",\"potentialAction\":[{\"@type\":\"ReadAction\",\"target\":[\"https:\/\/antoniomoll.com\/pt\/treinamento-neorejuvenation\/\"]}]},{\"@type\":\"BreadcrumbList\",\"@id\":\"https:\/\/antoniomoll.com\/pt\/treinamento-neorejuvenation\/#breadcrumb\",\"itemListElement\":[{\"@type\":\"ListItem\",\"position\":1,\"name\":\"Portada\",\"item\":\"https:\/\/antoniomoll.com\/pt\/\"},{\"@type\":\"ListItem\",\"position\":2,\"name\":\"TREINAMENTO NEOREJUVENATION\"}]},{\"@type\":\"WebSite\",\"@id\":\"https:\/\/antoniomoll.com\/pt\/#website\",\"url\":\"https:\/\/antoniomoll.com\/pt\/\",\"name\":\"Antonio Moll - PORTUGU\u00caS\",\"description\":\"Site oficial de Antonio Moll, fundador da NEOREJUVENATION\",\"publisher\":{\"@id\":\"https:\/\/antoniomoll.com\/pt\/#\/schema\/person\/1aaf79d79909f6ae144a533565ec2ba9\"},\"potentialAction\":[{\"@type\":\"SearchAction\",\"target\":{\"@type\":\"EntryPoint\",\"urlTemplate\":\"https:\/\/antoniomoll.com\/pt\/?s={search_term_string}\"},\"query-input\":\"required name=search_term_string\"}],\"inLanguage\":\"pt-BR\"},{\"@type\":[\"Person\",\"Organization\"],\"@id\":\"https:\/\/antoniomoll.com\/pt\/#\/schema\/person\/1aaf79d79909f6ae144a533565ec2ba9\",\"name\":\"Antonio Moll\",\"image\":{\"@type\":\"ImageObject\",\"inLanguage\":\"pt-BR\",\"@id\":\"https:\/\/antoniomoll.com\/pt\/#\/schema\/person\/image\/\",\"url\":\"https:\/\/antoniomoll.com\/pt\/wp-content\/uploads\/2018\/11\/favicon_AM.png\",\"contentUrl\":\"https:\/\/antoniomoll.com\/pt\/wp-content\/uploads\/2018\/11\/favicon_AM.png\",\"width\":512,\"height\":512,\"caption\":\"Antonio Moll\"},\"logo\":{\"@id\":\"https:\/\/antoniomoll.com\/pt\/#\/schema\/person\/image\/\"}}]}<\/script>\n<!-- \/ Yoast SEO plugin. -->","yoast_head_json":{"title":"TREINAMENTO NEOREJUVENATION - Antonio Moll - PORTUGU\u00caS","description":"Site oficial do NeoRejuvenation em portugu\u00eas (PT). O Neo Rejuvenescimento \u00e9 um m\u00e9todo pr\u00e1tico para reverter naturalmente o envelhecimento.","robots":{"index":"index","follow":"follow","max-snippet":"max-snippet:-1","max-image-preview":"max-image-preview:large","max-video-preview":"max-video-preview:-1"},"canonical":"https:\/\/antoniomoll.com\/pt\/treinamento-neorejuvenation\/","og_locale":"pt_BR","og_type":"article","og_title":"TREINAMENTO NEOREJUVENATION - Antonio Moll - PORTUGU\u00caS","og_description":"Site oficial do NeoRejuvenation em portugu\u00eas (PT). O Neo Rejuvenescimento \u00e9 um m\u00e9todo pr\u00e1tico para reverter naturalmente o envelhecimento.","og_url":"https:\/\/antoniomoll.com\/pt\/treinamento-neorejuvenation\/","og_site_name":"Antonio Moll - PORTUGU\u00caS","article_modified_time":"2024-06-09T01:36:23+00:00","twitter_card":"summary_large_image","twitter_misc":{"Est. tempo de leitura":"26 minutos"},"schema":{"@context":"https:\/\/schema.org","@graph":[{"@type":"WebPage","@id":"https:\/\/antoniomoll.com\/pt\/treinamento-neorejuvenation\/","url":"https:\/\/antoniomoll.com\/pt\/treinamento-neorejuvenation\/","name":"TREINAMENTO NEOREJUVENATION - Antonio Moll - PORTUGU\u00caS","isPartOf":{"@id":"https:\/\/antoniomoll.com\/pt\/#website"},"datePublished":"2020-12-14T20:00:01+00:00","dateModified":"2024-06-09T01:36:23+00:00","description":"Site oficial do NeoRejuvenation em portugu\u00eas (PT). O Neo Rejuvenescimento \u00e9 um m\u00e9todo pr\u00e1tico para reverter naturalmente o envelhecimento.","breadcrumb":{"@id":"https:\/\/antoniomoll.com\/pt\/treinamento-neorejuvenation\/#breadcrumb"},"inLanguage":"pt-BR","potentialAction":[{"@type":"ReadAction","target":["https:\/\/antoniomoll.com\/pt\/treinamento-neorejuvenation\/"]}]},{"@type":"BreadcrumbList","@id":"https:\/\/antoniomoll.com\/pt\/treinamento-neorejuvenation\/#breadcrumb","itemListElement":[{"@type":"ListItem","position":1,"name":"Portada","item":"https:\/\/antoniomoll.com\/pt\/"},{"@type":"ListItem","position":2,"name":"TREINAMENTO NEOREJUVENATION"}]},{"@type":"WebSite","@id":"https:\/\/antoniomoll.com\/pt\/#website","url":"https:\/\/antoniomoll.com\/pt\/","name":"Antonio Moll - PORTUGU\u00caS","description":"Site oficial de Antonio Moll, fundador da NEOREJUVENATION","publisher":{"@id":"https:\/\/antoniomoll.com\/pt\/#\/schema\/person\/1aaf79d79909f6ae144a533565ec2ba9"},"potentialAction":[{"@type":"SearchAction","target":{"@type":"EntryPoint","urlTemplate":"https:\/\/antoniomoll.com\/pt\/?s={search_term_string}"},"query-input":"required name=search_term_string"}],"inLanguage":"pt-BR"},{"@type":["Person","Organization"],"@id":"https:\/\/antoniomoll.com\/pt\/#\/schema\/person\/1aaf79d79909f6ae144a533565ec2ba9","name":"Antonio Moll","image":{"@type":"ImageObject","inLanguage":"pt-BR","@id":"https:\/\/antoniomoll.com\/pt\/#\/schema\/person\/image\/","url":"https:\/\/antoniomoll.com\/pt\/wp-content\/uploads\/2018\/11\/favicon_AM.png","contentUrl":"https:\/\/antoniomoll.com\/pt\/wp-content\/uploads\/2018\/11\/favicon_AM.png","width":512,"height":512,"caption":"Antonio Moll"},"logo":{"@id":"https:\/\/antoniomoll.com\/pt\/#\/schema\/person\/image\/"}}]}},"_links":{"self":[{"href":"https:\/\/antoniomoll.com\/pt\/wp-json\/wp\/v2\/pages\/3463"}],"collection":[{"href":"https:\/\/antoniomoll.com\/pt\/wp-json\/wp\/v2\/pages"}],"about":[{"href":"https:\/\/antoniomoll.com\/pt\/wp-json\/wp\/v2\/types\/page"}],"author":[{"embeddable":true,"href":"https:\/\/antoniomoll.com\/pt\/wp-json\/wp\/v2\/users\/1"}],"replies":[{"embeddable":true,"href":"https:\/\/antoniomoll.com\/pt\/wp-json\/wp\/v2\/comments?post=3463"}],"version-history":[{"count":8,"href":"https:\/\/antoniomoll.com\/pt\/wp-json\/wp\/v2\/pages\/3463\/revisions"}],"predecessor-version":[{"id":3512,"href":"https:\/\/antoniomoll.com\/pt\/wp-json\/wp\/v2\/pages\/3463\/revisions\/3512"}],"wp:attachment":[{"href":"https:\/\/antoniomoll.com\/pt\/wp-json\/wp\/v2\/media?parent=3463"}],"curies":[{"name":"wp","href":"https:\/\/api.w.org\/{rel}","templated":true}]}}