{"id":261,"date":"2018-11-22T05:29:09","date_gmt":"2018-11-22T05:29:09","guid":{"rendered":"https:\/\/antoniomoll.com\/pt\/?page_id=261"},"modified":"2026-04-10T17:55:00","modified_gmt":"2026-04-10T17:55:00","slug":"sobre-me","status":"publish","type":"page","link":"https:\/\/antoniomoll.com\/pt\/sobre-me\/","title":{"rendered":"SOBRE ME"},"content":{"rendered":"<p>[et_pb_section fb_built=&#8221;1&#8243; _builder_version=&#8221;3.22&#8243; custom_padding=&#8221;90px||80px||false|false&#8221;][et_pb_row custom_padding=&#8221;||0px|||&#8221; _builder_version=&#8221;3.25&#8243;][et_pb_column type=&#8221;1_2&#8243; _builder_version=&#8221;3.25&#8243; custom_padding__hover=&#8221;|||&#8221; parallax=&#8221;off&#8221; parallax_method=&#8221;on&#8221;][et_pb_text admin_label=&#8221;Title&#8221; _builder_version=&#8221;4.4.7&#8243; text_font=&#8221;||||&#8221; text_text_color=&#8221;#1a1a1a&#8221; header_font=&#8221;Oswald|on||on|&#8221; header_text_align=&#8221;left&#8221; header_font_size=&#8221;60px&#8221; header_line_height=&#8221;1.3em&#8221; max_width=&#8221;450px&#8221; custom_margin=&#8221;|||&#8221; custom_padding=&#8221;|||&#8221; animation_direction=&#8221;top&#8221; locked=&#8221;off&#8221;]<\/p>\n<h1>SUa HIST\u00d3RIA<\/h1>\n<p>[\/et_pb_text][et_pb_divider divider_position=&#8221;center&#8221; divider_weight=&#8221;3px&#8221; height=&#8221;false&#8221; disabled_on=&#8221;off|off|off%22&#8243; _builder_version=&#8221;4.4.7&#8243; max_width=&#8221;150px&#8221; custom_margin=&#8221;30px|||&#8221; animation_direction=&#8221;top&#8221; locked=&#8221;off&#8221;][\/et_pb_divider][et_pb_text _builder_version=&#8221;4.4.7&#8243; text_font=&#8221;Roboto||||&#8221; text_font_size=&#8221;16px&#8221; text_line_height=&#8221;1.9em&#8221; background_size=&#8221;initial&#8221; background_position=&#8221;top_left&#8221; background_repeat=&#8221;repeat&#8221; max_width=&#8221;450px&#8221; custom_margin=&#8221;60|||&#8221; custom_padding=&#8221;||60px|&#8221; animation_direction=&#8221;top&#8221; locked=&#8221;off&#8221;]<\/p>\n<div>\n<div class=\"standard-markdown grid-cols-1 grid [&amp;_&gt;_*]:min-w-0 gap-3\">\n<p class=\"font-claude-response-body break-words whitespace-normal leading-[1.7]\">Antonio Moll nasceu em Madrid a 22 de abril de 1979, com ra\u00edzes italianas. Tem 46 anos. Autor e empreendedor sem manual, come\u00e7ou aos 20 anos a construir audi\u00eancias na internet quando ningu\u00e9m sabia muito bem o que era a internet. Foi pioneiro em v\u00e1rios modelos de neg\u00f3cio em Espanha \u2014 do zero a milh\u00f5es de utilizadores em tempos que ent\u00e3o pareciam imposs\u00edveis.<\/p>\n<\/div>\n<\/div>\n<div>\n<div class=\"standard-markdown grid-cols-1 grid [&amp;_&gt;_*]:min-w-0 gap-3\">\n<p class=\"font-claude-response-body break-words whitespace-normal leading-[1.7]\">Em 2014 tocou o fundo. O que veio a seguir ningu\u00e9m viu chegar \u2014 incluindo ele. Passou dois anos a ler e a fazer-se as perguntas que a maioria das pessoas evita durante toda a vida. Cem livros. Literalmente cem livros. E no final desse percurso teve a ideia que s\u00f3 tem algu\u00e9m a quem ningu\u00e9m explicou que h\u00e1 coisas que n\u00e3o se podem fazer: convidar os autores desses livros para um palco \u2014 e ver tudo ao vivo e em direto.<\/p>\n<\/div>\n<\/div>\n<p>[\/et_pb_text][\/et_pb_column][et_pb_column type=&#8221;1_2&#8243; _builder_version=&#8221;3.25&#8243; custom_padding__hover=&#8221;|||&#8221; parallax=&#8221;off&#8221; parallax_method=&#8221;on&#8221;][et_pb_image src=&#8221;https:\/\/antoniomoll.com\/pt\/wp-content\/uploads\/2018\/11\/ANTONIO-MOLL-AUTOR.jpg&#8221; force_fullwidth=&#8221;on&#8221; _builder_version=&#8221;4.4.7&#8243; custom_margin=&#8221;|||&#8221; custom_margin_tablet=&#8221;-38px||||false|false&#8221; custom_margin_phone=&#8221;-80px||||false|false&#8221; custom_margin_last_edited=&#8221;on|phone&#8221; animation=&#8221;fade_in&#8221;][\/et_pb_image][\/et_pb_column][\/et_pb_row][et_pb_row _builder_version=&#8221;3.25&#8243; background_size=&#8221;initial&#8221; background_position=&#8221;top_left&#8221; background_repeat=&#8221;repeat&#8221;][et_pb_column type=&#8221;4_4&#8243; _builder_version=&#8221;3.25&#8243; custom_padding__hover=&#8221;|||&#8221; parallax=&#8221;off&#8221; parallax_method=&#8221;on&#8221;][et_pb_text _builder_version=&#8221;3.17.6&#8243; text_font=&#8221;Roboto||||||||&#8221; text_font_size=&#8221;16px&#8221; text_line_height=&#8221;1.9em&#8221; animation_direction=&#8221;top&#8221;]<\/p>\n<p class=\"font-claude-response-body break-words whitespace-normal leading-[1.7]\">Em 2017 e 2018, para o espanto do setor e contra todas as probabilidades, reuniu sem contactos pr\u00e9vios e a partir do zero 26 autores bestsellers internacionais \u2014 entre eles Daniel Goleman, Joe Dispenza, Gregg Braden, Marianne Williamson, Elizabeth Gilbert, Robin Sharma, Michael Beckwith, Joe Vitale e Bruce Lipton. O maior evento de desenvolvimento pessoal alguma vez realizado na Europa. Duas edi\u00e7\u00f5es. Duas cidades. Apesar das dificuldades log\u00edsticas de \u00faltima hora, Being One Forum faz hist\u00f3ria.<\/p>\n<p class=\"font-claude-response-body break-words whitespace-normal leading-[1.7]\">Em 2019 iniciou a sua carreira como orador em solit\u00e1rio, percorrendo palcos pela Am\u00e9rica e pela Europa. Mais de 20.000 participantes nesse ano.<\/p>\n<p class=\"font-claude-response-body break-words whitespace-normal leading-[1.7]\">Todo o seu trabalho nasce do mesmo lugar: a observa\u00e7\u00e3o, o senso comum, a biologia e a neuroci\u00eancia como chaves para entender por que os seres humanos fazem o que fazem \u2014 e o neorejuvenescimento e a beleza como express\u00e3o m\u00e1xima do que o corpo humano \u00e9 capaz de ser.<\/p>\n<p class=\"font-claude-response-body break-words whitespace-normal leading-[1.7]\">Em 2021 publicou o seu primeiro livro, <em>Voc\u00ea n\u00e3o \u00e9 o Problema, Voc\u00ea \u00e9 a Solu\u00e7\u00e3o. Ho&#8217;oponopono Hou<\/em>. Nesse mesmo ano criou a <a href=\"https:\/\/neorejuvenation.com\/global\/\">NeoRejuvenation<\/a>, programa pioneiro em <a href=\"https:\/\/neorejuvenation.com\/global\/\">neorejuvenescimento<\/a> humano \u2014 mais de 50.000 leitores e alunos, em 6 idiomas, em 65 pa\u00edses, constru\u00eddo de forma independente da ind\u00fastria editorial.<\/p>\n<p class=\"font-claude-response-body break-words whitespace-normal leading-[1.7]\">Mais de 700.000 seguidores. +200 milh\u00f5es de visualiza\u00e7\u00f5es desde 2022.<\/p>\n<p class=\"font-claude-response-body break-words whitespace-normal leading-[1.7]\">Mas se h\u00e1 uma coisa que o move acima de tudo, \u00e9 a beleza. Sem ela, nada disto existiria.<\/p>\n<p class=\"font-claude-response-body break-words whitespace-normal leading-[1.7]\">Agora chega nKosmos.<\/p>\n<p>[\/et_pb_text][et_pb_button button_url=&#8221;https:\/\/br.neorejuvenation.com\/&#8221; button_text=&#8221;VER TREINAMENTO&#8221; _builder_version=&#8221;4.4.7&#8243; custom_button=&#8221;on&#8221; button_text_color=&#8221;#000000&#8243; button_border_color=&#8221;#000000&#8243; button_border_radius=&#8221;3px&#8221; button_letter_spacing=&#8221;3px&#8221; button_font=&#8221;Oswald||||||||&#8221; button_icon=&#8221;%%3%%&#8221; custom_margin=&#8221;16px|||||&#8221;][\/et_pb_button][\/et_pb_column][\/et_pb_row][\/et_pb_section][et_pb_section fb_built=&#8221;1&#8243; _builder_version=&#8221;3.22&#8243;][et_pb_row _builder_version=&#8221;3.25&#8243; locked=&#8221;off&#8221;][et_pb_column type=&#8221;4_4&#8243; _builder_version=&#8221;3.25&#8243; custom_padding__hover=&#8221;|||&#8221; parallax=&#8221;off&#8221; parallax_method=&#8221;on&#8221;][et_pb_text admin_label=&#8221;Title&#8221; _builder_version=&#8221;4.4.7&#8243; text_font=&#8221;||||&#8221; text_text_color=&#8221;#1a1a1a&#8221; header_font=&#8221;Oswald|on||on|&#8221; header_text_align=&#8221;center&#8221; header_font_size=&#8221;60px&#8221; header_line_height=&#8221;1.3em&#8221; module_alignment=&#8221;center&#8221; custom_margin=&#8221;|||&#8221; custom_padding=&#8221;|||&#8221; animation_direction=&#8221;top&#8221; locked=&#8221;off&#8221;]<\/p>\n<h1>ME SIGA<\/h1>\n<p>[\/et_pb_text][et_pb_divider divider_position=&#8221;center&#8221; divider_weight=&#8221;3px&#8221; height=&#8221;false&#8221; disabled_on=&#8221;off|off|off%22&#8243; _builder_version=&#8221;4.4.7&#8243; max_width=&#8221;150px&#8221; module_alignment=&#8221;center&#8221; custom_margin=&#8221;30px|||&#8221; animation_direction=&#8221;top&#8221; locked=&#8221;off&#8221;][\/et_pb_divider][et_pb_text admin_label=&#8221;Sub Title&#8221; _builder_version=&#8221;4.4.7&#8243; text_font=&#8221;Roboto||||&#8221; text_text_color=&#8221;#1a1a1a&#8221; text_font_size=&#8221;24px&#8221; text_line_height=&#8221;1.4em&#8221; background_size=&#8221;initial&#8221; background_position=&#8221;top_left&#8221; background_repeat=&#8221;repeat&#8221; text_orientation=&#8221;center&#8221; max_width=&#8221;800px&#8221; module_alignment=&#8221;center&#8221; custom_margin=&#8221;|||&#8221; custom_padding=&#8221;30px|||&#8221; animation_direction=&#8221;top&#8221; locked=&#8221;off&#8221;]Vou seguir o Antonio atrav\u00e9s e em sua rede social.[\/et_pb_text][\/et_pb_column][\/et_pb_row][et_pb_row _builder_version=&#8221;4.4.7&#8243;][et_pb_column type=&#8221;4_4&#8243; _builder_version=&#8221;4.4.7&#8243; parallax=&#8221;off&#8221; parallax_method=&#8221;on&#8221;][et_pb_social_media_follow _builder_version=&#8221;4.4.7&#8243; text_orientation=&#8221;center&#8221;][et_pb_social_media_follow_network social_network=&#8221;facebook&#8221; url=&#8221;https:\/\/www.facebook.com\/AntonioMollBeingOne\/&#8221; _builder_version=&#8221;4.4.7&#8243; background_color=&#8221;#3b5998&#8243; follow_button=&#8221;off&#8221; url_new_window=&#8221;on&#8221;]facebook[\/et_pb_social_media_follow_network][et_pb_social_media_follow_network social_network=&#8221;instagram&#8221; url=&#8221;https:\/\/www.instagram.com\/antonio.moll.official\/&#8221; _builder_version=&#8221;4.4.7&#8243; background_color=&#8221;#ea2c59&#8243; follow_button=&#8221;off&#8221; url_new_window=&#8221;on&#8221;]instagram[\/et_pb_social_media_follow_network][et_pb_social_media_follow_network social_network=&#8221;linkedin&#8221; url=&#8221;https:\/\/www.linkedin.com\/in\/antonio-moll-b35b4380\/&#8221; _builder_version=&#8221;4.4.7&#8243; background_color=&#8221;#007bb6&#8243; follow_button=&#8221;off&#8221; url_new_window=&#8221;on&#8221;]linkedin[\/et_pb_social_media_follow_network][\/et_pb_social_media_follow][\/et_pb_column][\/et_pb_row][et_pb_row _builder_version=&#8221;4.4.7&#8243;][et_pb_column type=&#8221;4_4&#8243; _builder_version=&#8221;4.4.7&#8243; parallax=&#8221;off&#8221; parallax_method=&#8221;on&#8221;][\/et_pb_column][\/et_pb_row][\/et_pb_section][et_pb_section fb_built=&#8221;1&#8243; _builder_version=&#8221;4.4.7&#8243; background_color=&#8221;#000000&#8243;][et_pb_row _builder_version=&#8221;4.4.7&#8243;][et_pb_column type=&#8221;4_4&#8243; _builder_version=&#8221;4.4.7&#8243; parallax=&#8221;off&#8221; parallax_method=&#8221;on&#8221;][et_pb_text admin_label=&#8221;Hero Sub Title&#8221; _builder_version=&#8221;4.4.7&#8243; text_font=&#8221;Roboto||||&#8221; text_font_size=&#8221;24px&#8221; text_line_height=&#8221;1.4em&#8221; background_size=&#8221;initial&#8221; background_position=&#8221;top_left&#8221; background_repeat=&#8221;repeat&#8221; background_layout=&#8221;dark&#8221; max_width=&#8221;800px&#8221; custom_padding=&#8221;||||false|false&#8221; animation_direction=&#8221;top&#8221; locked=&#8221;off&#8221;]<\/p>\n<blockquote>\n<p style=\"text-align: left;\"><em>\u201cQuando te conheci e compreendi seu mundo interior, ganhei um grau de liberdade que lhe permitiu administrar e pensar sobre isso, sua convic\u00e7\u00e3o e suas emo\u00e7\u00f5es. Quindi diventi il\u200b\u200b&#8217;dono&#8217; do seu presente e futuro. Da quella libert\u00e0 di abbondanza interiore, tutto si trasforma e trovi risposte e soluzioni che prima sembravano impossibili\u201d.<\/em><\/p>\n<\/blockquote>\n<p>[\/et_pb_text][et_pb_text admin_label=&#8221;Hero Sub Title&#8221; _builder_version=&#8221;4.4.7&#8243; text_font=&#8221;Roboto||||&#8221; text_font_size=&#8221;24px&#8221; text_line_height=&#8221;1.4em&#8221; background_size=&#8221;initial&#8221; background_position=&#8221;top_left&#8221; background_repeat=&#8221;repeat&#8221; background_layout=&#8221;dark&#8221; max_width=&#8221;800px&#8221; custom_padding=&#8221;||||false|false&#8221; animation_direction=&#8221;top&#8221; locked=&#8221;off&#8221;]<em>&#8211; Antonio Moll.<\/em>[\/et_pb_text][\/et_pb_column][\/et_pb_row][\/et_pb_section]<\/p>\n","protected":false},"excerpt":{"rendered":"<p>[et_pb_section fb_built=&#8221;1&#8243; _builder_version=&#8221;3.22&#8243; custom_padding=&#8221;90px||80px||false|false&#8221;][et_pb_row custom_padding=&#8221;||0px|||&#8221; _builder_version=&#8221;3.25&#8243;][et_pb_column type=&#8221;1_2&#8243; _builder_version=&#8221;3.25&#8243; custom_padding__hover=&#8221;|||&#8221; parallax=&#8221;off&#8221; parallax_method=&#8221;on&#8221;][et_pb_text admin_label=&#8221;Title&#8221; _builder_version=&#8221;4.4.7&#8243; text_font=&#8221;||||&#8221; text_text_color=&#8221;#1a1a1a&#8221; header_font=&#8221;Oswald|on||on|&#8221; header_text_align=&#8221;left&#8221; header_font_size=&#8221;60px&#8221; header_line_height=&#8221;1.3em&#8221; max_width=&#8221;450px&#8221; custom_margin=&#8221;|||&#8221; custom_padding=&#8221;|||&#8221; animation_direction=&#8221;top&#8221; locked=&#8221;off&#8221;] SUa HIST\u00d3RIA [\/et_pb_text][et_pb_divider divider_position=&#8221;center&#8221; divider_weight=&#8221;3px&#8221; height=&#8221;false&#8221; disabled_on=&#8221;off|off|off%22&#8243; _builder_version=&#8221;4.4.7&#8243; max_width=&#8221;150px&#8221; custom_margin=&#8221;30px|||&#8221; animation_direction=&#8221;top&#8221; locked=&#8221;off&#8221;][\/et_pb_divider][et_pb_text _builder_version=&#8221;4.4.7&#8243; text_font=&#8221;Roboto||||&#8221; text_font_size=&#8221;16px&#8221; text_line_height=&#8221;1.9em&#8221; background_size=&#8221;initial&#8221; background_position=&#8221;top_left&#8221; background_repeat=&#8221;repeat&#8221; max_width=&#8221;450px&#8221; custom_margin=&#8221;60|||&#8221; custom_padding=&#8221;||60px|&#8221; animation_direction=&#8221;top&#8221; locked=&#8221;off&#8221;] Antonio Moll nasceu em Madrid a 22 [&hellip;]<\/p>\n","protected":false},"author":1,"featured_media":0,"parent":0,"menu_order":0,"comment_status":"closed","ping_status":"closed","template":"","meta":{"footnotes":""},"yoast_head":"<!-- This site is optimized with the Yoast SEO plugin v21.2 - https:\/\/yoast.com\/wordpress\/plugins\/seo\/ -->\n<title>SOBRE ME - Antonio Moll - PORTUGU\u00caS Biografia completa e idade<\/title>\n<meta name=\"description\" content=\"Biografia completa de Antonio Moll, autor do NeoRejuvenation e criador do Ho&#039;oponopono Hou. Conhe\u00e7a a hist\u00f3ria de Antonio Moll.\" \/>\n<meta name=\"robots\" content=\"index, follow, max-snippet:-1, max-image-preview:large, max-video-preview:-1\" \/>\n<link rel=\"canonical\" href=\"https:\/\/antoniomoll.com\/pt\/sobre-me\/\" \/>\n<meta property=\"og:locale\" content=\"pt_BR\" \/>\n<meta property=\"og:type\" content=\"article\" \/>\n<meta property=\"og:title\" content=\"SOBRE ME - Antonio Moll - PORTUGU\u00caS Biografia completa e idade\" \/>\n<meta property=\"og:description\" content=\"Biografia completa de Antonio Moll, autor do NeoRejuvenation e criador do Ho&#039;oponopono Hou. Conhe\u00e7a a hist\u00f3ria de Antonio Moll.\" \/>\n<meta property=\"og:url\" content=\"https:\/\/antoniomoll.com\/pt\/sobre-me\/\" \/>\n<meta property=\"og:site_name\" content=\"Antonio Moll - PORTUGU\u00caS\" \/>\n<meta property=\"article:modified_time\" content=\"2026-04-10T17:55:00+00:00\" \/>\n<meta name=\"twitter:card\" content=\"summary_large_image\" \/>\n<meta name=\"twitter:label1\" content=\"Est. tempo de leitura\" \/>\n\t<meta name=\"twitter:data1\" content=\"4 minutos\" \/>\n<script type=\"application\/ld+json\" class=\"yoast-schema-graph\">{\"@context\":\"https:\/\/schema.org\",\"@graph\":[{\"@type\":\"WebPage\",\"@id\":\"https:\/\/antoniomoll.com\/pt\/sobre-me\/\",\"url\":\"https:\/\/antoniomoll.com\/pt\/sobre-me\/\",\"name\":\"SOBRE ME - Antonio Moll - PORTUGU\u00caS Biografia completa e idade\",\"isPartOf\":{\"@id\":\"https:\/\/antoniomoll.com\/pt\/#website\"},\"datePublished\":\"2018-11-22T05:29:09+00:00\",\"dateModified\":\"2026-04-10T17:55:00+00:00\",\"description\":\"Biografia completa de Antonio Moll, autor do NeoRejuvenation e criador do Ho'oponopono Hou. Conhe\u00e7a a hist\u00f3ria de Antonio Moll.\",\"breadcrumb\":{\"@id\":\"https:\/\/antoniomoll.com\/pt\/sobre-me\/#breadcrumb\"},\"inLanguage\":\"pt-BR\",\"potentialAction\":[{\"@type\":\"ReadAction\",\"target\":[\"https:\/\/antoniomoll.com\/pt\/sobre-me\/\"]}]},{\"@type\":\"BreadcrumbList\",\"@id\":\"https:\/\/antoniomoll.com\/pt\/sobre-me\/#breadcrumb\",\"itemListElement\":[{\"@type\":\"ListItem\",\"position\":1,\"name\":\"Portada\",\"item\":\"https:\/\/antoniomoll.com\/pt\/\"},{\"@type\":\"ListItem\",\"position\":2,\"name\":\"SOBRE ME\"}]},{\"@type\":\"WebSite\",\"@id\":\"https:\/\/antoniomoll.com\/pt\/#website\",\"url\":\"https:\/\/antoniomoll.com\/pt\/\",\"name\":\"Antonio Moll - PORTUGU\u00caS\",\"description\":\"Site oficial de Antonio Moll, fundador da NEOREJUVENATION\",\"publisher\":{\"@id\":\"https:\/\/antoniomoll.com\/pt\/#\/schema\/person\/1aaf79d79909f6ae144a533565ec2ba9\"},\"potentialAction\":[{\"@type\":\"SearchAction\",\"target\":{\"@type\":\"EntryPoint\",\"urlTemplate\":\"https:\/\/antoniomoll.com\/pt\/?s={search_term_string}\"},\"query-input\":\"required name=search_term_string\"}],\"inLanguage\":\"pt-BR\"},{\"@type\":[\"Person\",\"Organization\"],\"@id\":\"https:\/\/antoniomoll.com\/pt\/#\/schema\/person\/1aaf79d79909f6ae144a533565ec2ba9\",\"name\":\"Antonio Moll\",\"image\":{\"@type\":\"ImageObject\",\"inLanguage\":\"pt-BR\",\"@id\":\"https:\/\/antoniomoll.com\/pt\/#\/schema\/person\/image\/\",\"url\":\"https:\/\/antoniomoll.com\/pt\/wp-content\/uploads\/2018\/11\/favicon_AM.png\",\"contentUrl\":\"https:\/\/antoniomoll.com\/pt\/wp-content\/uploads\/2018\/11\/favicon_AM.png\",\"width\":512,\"height\":512,\"caption\":\"Antonio Moll\"},\"logo\":{\"@id\":\"https:\/\/antoniomoll.com\/pt\/#\/schema\/person\/image\/\"}}]}<\/script>\n<!-- \/ Yoast SEO plugin. -->","yoast_head_json":{"title":"SOBRE ME - Antonio Moll - PORTUGU\u00caS Biografia completa e idade","description":"Biografia completa de Antonio Moll, autor do NeoRejuvenation e criador do Ho'oponopono Hou. Conhe\u00e7a a hist\u00f3ria de Antonio Moll.","robots":{"index":"index","follow":"follow","max-snippet":"max-snippet:-1","max-image-preview":"max-image-preview:large","max-video-preview":"max-video-preview:-1"},"canonical":"https:\/\/antoniomoll.com\/pt\/sobre-me\/","og_locale":"pt_BR","og_type":"article","og_title":"SOBRE ME - Antonio Moll - PORTUGU\u00caS Biografia completa e idade","og_description":"Biografia completa de Antonio Moll, autor do NeoRejuvenation e criador do Ho'oponopono Hou. Conhe\u00e7a a hist\u00f3ria de Antonio Moll.","og_url":"https:\/\/antoniomoll.com\/pt\/sobre-me\/","og_site_name":"Antonio Moll - PORTUGU\u00caS","article_modified_time":"2026-04-10T17:55:00+00:00","twitter_card":"summary_large_image","twitter_misc":{"Est. tempo de leitura":"4 minutos"},"schema":{"@context":"https:\/\/schema.org","@graph":[{"@type":"WebPage","@id":"https:\/\/antoniomoll.com\/pt\/sobre-me\/","url":"https:\/\/antoniomoll.com\/pt\/sobre-me\/","name":"SOBRE ME - Antonio Moll - PORTUGU\u00caS Biografia completa e idade","isPartOf":{"@id":"https:\/\/antoniomoll.com\/pt\/#website"},"datePublished":"2018-11-22T05:29:09+00:00","dateModified":"2026-04-10T17:55:00+00:00","description":"Biografia completa de Antonio Moll, autor do NeoRejuvenation e criador do Ho'oponopono Hou. Conhe\u00e7a a hist\u00f3ria de Antonio Moll.","breadcrumb":{"@id":"https:\/\/antoniomoll.com\/pt\/sobre-me\/#breadcrumb"},"inLanguage":"pt-BR","potentialAction":[{"@type":"ReadAction","target":["https:\/\/antoniomoll.com\/pt\/sobre-me\/"]}]},{"@type":"BreadcrumbList","@id":"https:\/\/antoniomoll.com\/pt\/sobre-me\/#breadcrumb","itemListElement":[{"@type":"ListItem","position":1,"name":"Portada","item":"https:\/\/antoniomoll.com\/pt\/"},{"@type":"ListItem","position":2,"name":"SOBRE ME"}]},{"@type":"WebSite","@id":"https:\/\/antoniomoll.com\/pt\/#website","url":"https:\/\/antoniomoll.com\/pt\/","name":"Antonio Moll - PORTUGU\u00caS","description":"Site oficial de Antonio Moll, fundador da NEOREJUVENATION","publisher":{"@id":"https:\/\/antoniomoll.com\/pt\/#\/schema\/person\/1aaf79d79909f6ae144a533565ec2ba9"},"potentialAction":[{"@type":"SearchAction","target":{"@type":"EntryPoint","urlTemplate":"https:\/\/antoniomoll.com\/pt\/?s={search_term_string}"},"query-input":"required name=search_term_string"}],"inLanguage":"pt-BR"},{"@type":["Person","Organization"],"@id":"https:\/\/antoniomoll.com\/pt\/#\/schema\/person\/1aaf79d79909f6ae144a533565ec2ba9","name":"Antonio Moll","image":{"@type":"ImageObject","inLanguage":"pt-BR","@id":"https:\/\/antoniomoll.com\/pt\/#\/schema\/person\/image\/","url":"https:\/\/antoniomoll.com\/pt\/wp-content\/uploads\/2018\/11\/favicon_AM.png","contentUrl":"https:\/\/antoniomoll.com\/pt\/wp-content\/uploads\/2018\/11\/favicon_AM.png","width":512,"height":512,"caption":"Antonio Moll"},"logo":{"@id":"https:\/\/antoniomoll.com\/pt\/#\/schema\/person\/image\/"}}]}},"_links":{"self":[{"href":"https:\/\/antoniomoll.com\/pt\/wp-json\/wp\/v2\/pages\/261"}],"collection":[{"href":"https:\/\/antoniomoll.com\/pt\/wp-json\/wp\/v2\/pages"}],"about":[{"href":"https:\/\/antoniomoll.com\/pt\/wp-json\/wp\/v2\/types\/page"}],"author":[{"embeddable":true,"href":"https:\/\/antoniomoll.com\/pt\/wp-json\/wp\/v2\/users\/1"}],"replies":[{"embeddable":true,"href":"https:\/\/antoniomoll.com\/pt\/wp-json\/wp\/v2\/comments?post=261"}],"version-history":[{"count":112,"href":"https:\/\/antoniomoll.com\/pt\/wp-json\/wp\/v2\/pages\/261\/revisions"}],"predecessor-version":[{"id":3548,"href":"https:\/\/antoniomoll.com\/pt\/wp-json\/wp\/v2\/pages\/261\/revisions\/3548"}],"wp:attachment":[{"href":"https:\/\/antoniomoll.com\/pt\/wp-json\/wp\/v2\/media?parent=261"}],"curies":[{"name":"wp","href":"https:\/\/api.w.org\/{rel}","templated":true}]}}