{"id":2098,"date":"2020-12-27T20:22:44","date_gmt":"2020-12-27T20:22:44","guid":{"rendered":"https:\/\/antoniomoll.com\/pt\/?page_id=2098"},"modified":"2023-08-04T16:26:50","modified_gmt":"2023-08-04T16:26:50","slug":"neorejuvencao","status":"publish","type":"page","link":"https:\/\/antoniomoll.com\/pt\/neorejuvencao\/","title":{"rendered":"NEOREJUVEN\u00c7\u00c3O"},"content":{"rendered":"<p>[et_pb_section fb_built=&#8221;1&#8243; admin_label=&#8221;About&#8221; _builder_version=&#8221;4.4.2&#8243; background_color_gradient_direction=&#8221;77deg&#8221; background_size=&#8221;initial&#8221; background_position=&#8221;top_center&#8221; custom_padding=&#8221;40px||0px|||&#8221;][et_pb_row column_structure=&#8221;1_2,1_2&#8243; _builder_version=&#8221;4.4.7&#8243;][et_pb_column type=&#8221;1_2&#8243; _builder_version=&#8221;3.25&#8243; custom_padding=&#8221;|||&#8221; custom_padding__hover=&#8221;|||&#8221;][et_pb_image src=&#8221;https:\/\/antoniomoll.com\/pt\/wp-content\/uploads\/antonio-moll-neorejuvenation.png&#8221; align=&#8221;center&#8221; force_fullwidth=&#8221;on&#8221; _builder_version=&#8221;4.4.2&#8243; custom_margin=&#8221;-30px||||false|false&#8221; custom_margin_tablet=&#8221;-40px||||false|false&#8221; custom_margin_phone=&#8221;-50px||||false|false&#8221; custom_margin_last_edited=&#8221;on|phone&#8221;][\/et_pb_image][\/et_pb_column][et_pb_column type=&#8221;1_2&#8243; _builder_version=&#8221;3.25&#8243; custom_padding=&#8221;|||&#8221; custom_padding__hover=&#8221;|||&#8221;][et_pb_text _builder_version=&#8221;4.4.7&#8243; header_font=&#8221;Oxygen||||||||&#8221; header_text_align=&#8221;justify&#8221; header_text_color=&#8221;#3a1e8c&#8221; header_font_size=&#8221;50px&#8221; header_line_height=&#8221;1.5em&#8221; header_2_font=&#8221;Oxygen||||||||&#8221; header_2_text_color=&#8221;#821096&#8243; header_2_font_size=&#8221;32px&#8221; header_2_line_height=&#8221;1.3em&#8221; header_3_font=&#8221;Montserrat|500|||||||&#8221; header_3_text_align=&#8221;center&#8221; header_3_text_color=&#8221;#171728&#8243; header_3_letter_spacing=&#8221;3px&#8221; header_3_line_height=&#8221;1.2em&#8221; custom_margin=&#8221;|||-12px||&#8221; header_font_tablet=&#8221;Oswald||||||||&#8221; header_font_phone=&#8221;Oswald||||||||&#8221; header_font_last_edited=&#8221;on|desktop&#8221; header_font_size_tablet=&#8221;&#8221; header_font_size_phone=&#8221;35px&#8221; header_font_size_last_edited=&#8221;on|phone&#8221; header_2_font_size_tablet=&#8221;32px&#8221; header_2_font_size_phone=&#8221;24px&#8221; header_2_font_size_last_edited=&#8221;on|desktop&#8221; header_2_letter_spacing_tablet=&#8221;0px&#8221; header_2_letter_spacing_phone=&#8221;0px&#8221; header_2_letter_spacing_last_edited=&#8221;off|tablet&#8221; header_3_font_size_tablet=&#8221;&#8221; header_3_font_size_phone=&#8221;19px&#8221; header_3_font_size_last_edited=&#8221;on|desktop&#8221; inline_fonts=&#8221;Oswald,ABeeZee,Montserrat,Oxygen&#8221;]<\/p>\n<h1 style=\"text-align: center;\"><span style=\"color: #000000;\"><strong>Aprenda a<br \/>\n<\/strong><\/span><span style=\"color: #800080;\"><strong>REJUVENESCER<\/strong><\/span><\/h1>\n<p><span style=\"font-family: Oxygen; font-weight: normal;\"><strong><span style=\"color: rgba(131, 22, 150, 0.76);\"><span style=\"color: #7f0096;\"><\/span><\/span><\/strong><\/span>[\/et_pb_text][et_pb_text _builder_version=&#8221;4.4.7&#8243; text_font=&#8221;Source Sans Pro||||||||&#8221; text_font_size=&#8221;17px&#8221; text_line_height=&#8221;1.9em&#8221; transform_scale_tablet=&#8221;&#8221; transform_scale_phone=&#8221;&#8221; transform_scale_last_edited=&#8221;on|desktop&#8221; transform_translate_tablet=&#8221;&#8221; transform_translate_phone=&#8221;&#8221; transform_translate_last_edited=&#8221;on|desktop&#8221; transform_rotate_tablet=&#8221;&#8221; transform_rotate_phone=&#8221;&#8221; transform_rotate_last_edited=&#8221;on|desktop&#8221; transform_skew_tablet=&#8221;&#8221; transform_skew_phone=&#8221;&#8221; transform_skew_last_edited=&#8221;on|desktop&#8221; transform_origin_tablet=&#8221;&#8221; transform_origin_phone=&#8221;&#8221; transform_origin_last_edited=&#8221;on|desktop&#8221; transform_styles_last_edited=&#8221;on|desktop&#8221; text_font_size_tablet=&#8221;18px&#8221; text_font_size_phone=&#8221;18px&#8221; text_font_size_last_edited=&#8221;on|phone&#8221; text_letter_spacing_tablet=&#8221;&#8221; text_letter_spacing_phone=&#8221;0px&#8221; text_letter_spacing_last_edited=&#8221;on|tablet&#8221; transform_styles_tablet=&#8221;&#8221; transform_styles_phone=&#8221;&#8221;]<\/p>\n<p style=\"text-align: center;\"><strong>NeoRejuvenation<\/strong> \u00e9 um <strong>m\u00e9todo pr\u00e1tico<\/strong> para <strong>reverter<\/strong> naturalmente o <strong>envelhecimento f\u00edsico<\/strong> em sua origem.<\/p>\n<p style=\"text-align: center;\"><span style=\"color: #171728;\"><strong><\/strong><\/span><\/p>\n<p>[\/et_pb_text][et_pb_text _builder_version=&#8221;4.4.7&#8243; text_text_color=&#8221;#000000&#8243; text_font_size=&#8221;16px&#8221; text_font_size_tablet=&#8221;&#8221; text_font_size_phone=&#8221;&#8221; text_font_size_last_edited=&#8221;on|phone&#8221;]<\/p>\n<p style=\"text-align: center;\"><strong>\u2193 EM QUE CONSISTE O NEOREJUVENATION? \u2193<\/strong><\/p>\n<p>[\/et_pb_text][et_pb_code _builder_version=&#8221;4.4.7&#8243;]<iframe loading=\"lazy\" src=\"https:\/\/player.vimeo.com\/video\/771149027?h=d73192db88&#038;badge=0&#038;autopause=0&#038;player_id=0&#038;app_id=58479\" width=\"1920\" height=\"1080\" frameborder=\"0\" allow=\"autoplay; fullscreen; picture-in-picture\" allowfullscreen=\"\" title=\"portugues-video-promo-neorej-venta.mp4\"><\/iframe>[\/et_pb_code][et_pb_code _builder_version=&#8221;4.4.7&#8243; text_orientation=&#8221;center&#8221;][\/et_pb_code][et_pb_button button_url=&#8221;https:\/\/antoniomoll.com\/pt\/treinamento-neorejuvenation\/&#8221; button_text=&#8221;Veja a forma\u00e7\u00e3o&#8221; button_alignment=&#8221;center&#8221; _builder_version=&#8221;4.4.7&#8243; custom_button=&#8221;on&#8221; button_text_color=&#8221;#ffffff&#8221; button_bg_color=&#8221;#159b63&#8243; button_border_width=&#8221;0px&#8221; button_border_color=&#8221;#000000&#8243; button_border_radius=&#8221;0px&#8221; button_letter_spacing=&#8221;1px&#8221; button_font=&#8221;Oswald|on||on|&#8221; button_use_icon=&#8221;off&#8221; animation_direction=&#8221;left&#8221; hover_enabled=&#8221;0&#8243; button_text_color_hover=&#8221;#1a1a1a&#8221; button_border_color_hover=&#8221;#1a1a1a&#8221; button_border_radius_hover=&#8221;0px&#8221; button_letter_spacing_hover=&#8221;4px&#8221; button_bg_color_hover=&#8221;rgba(0,0,0,0)&#8221; locked=&#8221;off&#8221; button_text_size__hover_enabled=&#8221;off&#8221; button_one_text_size__hover_enabled=&#8221;off&#8221; button_two_text_size__hover_enabled=&#8221;off&#8221; button_text_color__hover_enabled=&#8221;on&#8221; button_text_color__hover=&#8221;#ffffff&#8221; button_one_text_color__hover_enabled=&#8221;off&#8221; button_two_text_color__hover_enabled=&#8221;off&#8221; button_border_width__hover_enabled=&#8221;off&#8221; button_one_border_width__hover_enabled=&#8221;off&#8221; button_two_border_width__hover_enabled=&#8221;off&#8221; button_border_color__hover_enabled=&#8221;on|hover&#8221; button_border_color__hover=&#8221;#000000&#8243; button_one_border_color__hover_enabled=&#8221;off&#8221; button_two_border_color__hover_enabled=&#8221;off&#8221; button_border_radius__hover_enabled=&#8221;on&#8221; button_border_radius__hover=&#8221;0px&#8221; button_one_border_radius__hover_enabled=&#8221;off&#8221; button_two_border_radius__hover_enabled=&#8221;off&#8221; button_letter_spacing__hover_enabled=&#8221;on&#8221; button_letter_spacing__hover=&#8221;1px&#8221; button_one_letter_spacing__hover_enabled=&#8221;off&#8221; button_two_letter_spacing__hover_enabled=&#8221;off&#8221; button_bg_color__hover_enabled=&#8221;on|hover&#8221; button_bg_color__hover=&#8221;#000000&#8243; button_one_bg_color__hover_enabled=&#8221;off&#8221; button_two_bg_color__hover_enabled=&#8221;off&#8221; button_bg_enable_color__hover=&#8221;on&#8221;][\/et_pb_button][et_pb_text _builder_version=&#8221;4.4.7&#8243; header_3_font=&#8221;Oswald||||||||&#8221;][\/et_pb_text][\/et_pb_column][\/et_pb_row][\/et_pb_section][et_pb_section fb_built=&#8221;1&#8243; _builder_version=&#8221;4.4.7&#8243; background_color=&#8221;#ffffff&#8221; custom_padding=&#8221;0px|||||&#8221;][et_pb_row column_structure=&#8221;1_4,1_2,1_4&#8243; _builder_version=&#8221;4.4.2&#8243;][et_pb_column type=&#8221;1_4&#8243; _builder_version=&#8221;4.4.2&#8243;][\/et_pb_column][et_pb_column type=&#8221;1_2&#8243; _builder_version=&#8221;4.4.2&#8243;][\/et_pb_column][et_pb_column type=&#8221;1_4&#8243; _builder_version=&#8221;4.4.2&#8243;][\/et_pb_column][\/et_pb_row][\/et_pb_section]<\/p>\n","protected":false},"excerpt":{"rendered":"<p>[et_pb_section fb_built=&#8221;1&#8243; admin_label=&#8221;About&#8221; _builder_version=&#8221;4.4.2&#8243; background_color_gradient_direction=&#8221;77deg&#8221; background_size=&#8221;initial&#8221; background_position=&#8221;top_center&#8221; custom_padding=&#8221;40px||0px|||&#8221;][et_pb_row column_structure=&#8221;1_2,1_2&#8243; _builder_version=&#8221;4.4.7&#8243;][et_pb_column type=&#8221;1_2&#8243; _builder_version=&#8221;3.25&#8243; custom_padding=&#8221;|||&#8221; custom_padding__hover=&#8221;|||&#8221;][et_pb_image src=&#8221;https:\/\/antoniomoll.com\/pt\/wp-content\/uploads\/antonio-moll-neorejuvenation.png&#8221; align=&#8221;center&#8221; force_fullwidth=&#8221;on&#8221; _builder_version=&#8221;4.4.2&#8243; custom_margin=&#8221;-30px||||false|false&#8221; custom_margin_tablet=&#8221;-40px||||false|false&#8221; custom_margin_phone=&#8221;-50px||||false|false&#8221; custom_margin_last_edited=&#8221;on|phone&#8221;][\/et_pb_image][\/et_pb_column][et_pb_column type=&#8221;1_2&#8243; _builder_version=&#8221;3.25&#8243; custom_padding=&#8221;|||&#8221; custom_padding__hover=&#8221;|||&#8221;][et_pb_text _builder_version=&#8221;4.4.7&#8243; header_font=&#8221;Oxygen||||||||&#8221; header_text_align=&#8221;justify&#8221; header_text_color=&#8221;#3a1e8c&#8221; header_font_size=&#8221;50px&#8221; header_line_height=&#8221;1.5em&#8221; header_2_font=&#8221;Oxygen||||||||&#8221; header_2_text_color=&#8221;#821096&#8243; header_2_font_size=&#8221;32px&#8221; header_2_line_height=&#8221;1.3em&#8221; header_3_font=&#8221;Montserrat|500|||||||&#8221; header_3_text_align=&#8221;center&#8221; header_3_text_color=&#8221;#171728&#8243; header_3_letter_spacing=&#8221;3px&#8221; header_3_line_height=&#8221;1.2em&#8221; custom_margin=&#8221;|||-12px||&#8221; header_font_tablet=&#8221;Oswald||||||||&#8221; header_font_phone=&#8221;Oswald||||||||&#8221; header_font_last_edited=&#8221;on|desktop&#8221; header_font_size_tablet=&#8221;&#8221; header_font_size_phone=&#8221;35px&#8221; header_font_size_last_edited=&#8221;on|phone&#8221; header_2_font_size_tablet=&#8221;32px&#8221; header_2_font_size_phone=&#8221;24px&#8221; header_2_font_size_last_edited=&#8221;on|desktop&#8221; header_2_letter_spacing_tablet=&#8221;0px&#8221; header_2_letter_spacing_phone=&#8221;0px&#8221; header_2_letter_spacing_last_edited=&#8221;off|tablet&#8221; header_3_font_size_tablet=&#8221;&#8221; [&hellip;]<\/p>\n","protected":false},"author":1,"featured_media":0,"parent":0,"menu_order":0,"comment_status":"closed","ping_status":"closed","template":"","meta":{"footnotes":""},"yoast_head":"<!-- This site is optimized with the Yoast SEO plugin v21.2 - https:\/\/yoast.com\/wordpress\/plugins\/seo\/ -->\n<title>NEOREJUVEN\u00c7\u00c3O - Antonio Moll - PORTUGU\u00caS<\/title>\n<meta name=\"description\" content=\"Treinamento pioneiro em NeoRejuvenescimento em portugu\u00eas com antonio moll. Autor de NeoRejuvenation. Saiba mais.\" \/>\n<meta name=\"robots\" content=\"index, follow, max-snippet:-1, max-image-preview:large, max-video-preview:-1\" \/>\n<link rel=\"canonical\" href=\"https:\/\/antoniomoll.com\/pt\/neorejuvencao\/\" \/>\n<meta property=\"og:locale\" content=\"pt_BR\" \/>\n<meta property=\"og:type\" content=\"article\" \/>\n<meta property=\"og:title\" content=\"NEOREJUVEN\u00c7\u00c3O - Antonio Moll - PORTUGU\u00caS\" \/>\n<meta property=\"og:description\" content=\"Treinamento pioneiro em NeoRejuvenescimento em portugu\u00eas com antonio moll. Autor de NeoRejuvenation. Saiba mais.\" \/>\n<meta property=\"og:url\" content=\"https:\/\/antoniomoll.com\/pt\/neorejuvencao\/\" \/>\n<meta property=\"og:site_name\" content=\"Antonio Moll - PORTUGU\u00caS\" \/>\n<meta property=\"article:modified_time\" content=\"2023-08-04T16:26:50+00:00\" \/>\n<meta name=\"twitter:card\" content=\"summary_large_image\" \/>\n<meta name=\"twitter:label1\" content=\"Est. tempo de leitura\" \/>\n\t<meta name=\"twitter:data1\" content=\"1 minuto\" \/>\n<script type=\"application\/ld+json\" class=\"yoast-schema-graph\">{\"@context\":\"https:\/\/schema.org\",\"@graph\":[{\"@type\":\"WebPage\",\"@id\":\"https:\/\/antoniomoll.com\/pt\/neorejuvencao\/\",\"url\":\"https:\/\/antoniomoll.com\/pt\/neorejuvencao\/\",\"name\":\"NEOREJUVEN\u00c7\u00c3O - Antonio Moll - PORTUGU\u00caS\",\"isPartOf\":{\"@id\":\"https:\/\/antoniomoll.com\/pt\/#website\"},\"datePublished\":\"2020-12-27T20:22:44+00:00\",\"dateModified\":\"2023-08-04T16:26:50+00:00\",\"description\":\"Treinamento pioneiro em NeoRejuvenescimento em portugu\u00eas com antonio moll. Autor de NeoRejuvenation. Saiba mais.\",\"breadcrumb\":{\"@id\":\"https:\/\/antoniomoll.com\/pt\/neorejuvencao\/#breadcrumb\"},\"inLanguage\":\"pt-BR\",\"potentialAction\":[{\"@type\":\"ReadAction\",\"target\":[\"https:\/\/antoniomoll.com\/pt\/neorejuvencao\/\"]}]},{\"@type\":\"BreadcrumbList\",\"@id\":\"https:\/\/antoniomoll.com\/pt\/neorejuvencao\/#breadcrumb\",\"itemListElement\":[{\"@type\":\"ListItem\",\"position\":1,\"name\":\"Portada\",\"item\":\"https:\/\/antoniomoll.com\/pt\/\"},{\"@type\":\"ListItem\",\"position\":2,\"name\":\"NEOREJUVEN\u00c7\u00c3O\"}]},{\"@type\":\"WebSite\",\"@id\":\"https:\/\/antoniomoll.com\/pt\/#website\",\"url\":\"https:\/\/antoniomoll.com\/pt\/\",\"name\":\"Antonio Moll - PORTUGU\u00caS\",\"description\":\"Site oficial de Antonio Moll, fundador da NEOREJUVENATION\",\"publisher\":{\"@id\":\"https:\/\/antoniomoll.com\/pt\/#\/schema\/person\/1aaf79d79909f6ae144a533565ec2ba9\"},\"potentialAction\":[{\"@type\":\"SearchAction\",\"target\":{\"@type\":\"EntryPoint\",\"urlTemplate\":\"https:\/\/antoniomoll.com\/pt\/?s={search_term_string}\"},\"query-input\":\"required name=search_term_string\"}],\"inLanguage\":\"pt-BR\"},{\"@type\":[\"Person\",\"Organization\"],\"@id\":\"https:\/\/antoniomoll.com\/pt\/#\/schema\/person\/1aaf79d79909f6ae144a533565ec2ba9\",\"name\":\"Antonio Moll\",\"image\":{\"@type\":\"ImageObject\",\"inLanguage\":\"pt-BR\",\"@id\":\"https:\/\/antoniomoll.com\/pt\/#\/schema\/person\/image\/\",\"url\":\"https:\/\/antoniomoll.com\/pt\/wp-content\/uploads\/2018\/11\/favicon_AM.png\",\"contentUrl\":\"https:\/\/antoniomoll.com\/pt\/wp-content\/uploads\/2018\/11\/favicon_AM.png\",\"width\":512,\"height\":512,\"caption\":\"Antonio Moll\"},\"logo\":{\"@id\":\"https:\/\/antoniomoll.com\/pt\/#\/schema\/person\/image\/\"}}]}<\/script>\n<!-- \/ Yoast SEO plugin. -->","yoast_head_json":{"title":"NEOREJUVEN\u00c7\u00c3O - Antonio Moll - PORTUGU\u00caS","description":"Treinamento pioneiro em NeoRejuvenescimento em portugu\u00eas com antonio moll. Autor de NeoRejuvenation. Saiba mais.","robots":{"index":"index","follow":"follow","max-snippet":"max-snippet:-1","max-image-preview":"max-image-preview:large","max-video-preview":"max-video-preview:-1"},"canonical":"https:\/\/antoniomoll.com\/pt\/neorejuvencao\/","og_locale":"pt_BR","og_type":"article","og_title":"NEOREJUVEN\u00c7\u00c3O - Antonio Moll - PORTUGU\u00caS","og_description":"Treinamento pioneiro em NeoRejuvenescimento em portugu\u00eas com antonio moll. Autor de NeoRejuvenation. Saiba mais.","og_url":"https:\/\/antoniomoll.com\/pt\/neorejuvencao\/","og_site_name":"Antonio Moll - PORTUGU\u00caS","article_modified_time":"2023-08-04T16:26:50+00:00","twitter_card":"summary_large_image","twitter_misc":{"Est. tempo de leitura":"1 minuto"},"schema":{"@context":"https:\/\/schema.org","@graph":[{"@type":"WebPage","@id":"https:\/\/antoniomoll.com\/pt\/neorejuvencao\/","url":"https:\/\/antoniomoll.com\/pt\/neorejuvencao\/","name":"NEOREJUVEN\u00c7\u00c3O - Antonio Moll - PORTUGU\u00caS","isPartOf":{"@id":"https:\/\/antoniomoll.com\/pt\/#website"},"datePublished":"2020-12-27T20:22:44+00:00","dateModified":"2023-08-04T16:26:50+00:00","description":"Treinamento pioneiro em NeoRejuvenescimento em portugu\u00eas com antonio moll. Autor de NeoRejuvenation. Saiba mais.","breadcrumb":{"@id":"https:\/\/antoniomoll.com\/pt\/neorejuvencao\/#breadcrumb"},"inLanguage":"pt-BR","potentialAction":[{"@type":"ReadAction","target":["https:\/\/antoniomoll.com\/pt\/neorejuvencao\/"]}]},{"@type":"BreadcrumbList","@id":"https:\/\/antoniomoll.com\/pt\/neorejuvencao\/#breadcrumb","itemListElement":[{"@type":"ListItem","position":1,"name":"Portada","item":"https:\/\/antoniomoll.com\/pt\/"},{"@type":"ListItem","position":2,"name":"NEOREJUVEN\u00c7\u00c3O"}]},{"@type":"WebSite","@id":"https:\/\/antoniomoll.com\/pt\/#website","url":"https:\/\/antoniomoll.com\/pt\/","name":"Antonio Moll - PORTUGU\u00caS","description":"Site oficial de Antonio Moll, fundador da NEOREJUVENATION","publisher":{"@id":"https:\/\/antoniomoll.com\/pt\/#\/schema\/person\/1aaf79d79909f6ae144a533565ec2ba9"},"potentialAction":[{"@type":"SearchAction","target":{"@type":"EntryPoint","urlTemplate":"https:\/\/antoniomoll.com\/pt\/?s={search_term_string}"},"query-input":"required name=search_term_string"}],"inLanguage":"pt-BR"},{"@type":["Person","Organization"],"@id":"https:\/\/antoniomoll.com\/pt\/#\/schema\/person\/1aaf79d79909f6ae144a533565ec2ba9","name":"Antonio Moll","image":{"@type":"ImageObject","inLanguage":"pt-BR","@id":"https:\/\/antoniomoll.com\/pt\/#\/schema\/person\/image\/","url":"https:\/\/antoniomoll.com\/pt\/wp-content\/uploads\/2018\/11\/favicon_AM.png","contentUrl":"https:\/\/antoniomoll.com\/pt\/wp-content\/uploads\/2018\/11\/favicon_AM.png","width":512,"height":512,"caption":"Antonio Moll"},"logo":{"@id":"https:\/\/antoniomoll.com\/pt\/#\/schema\/person\/image\/"}}]}},"_links":{"self":[{"href":"https:\/\/antoniomoll.com\/pt\/wp-json\/wp\/v2\/pages\/2098"}],"collection":[{"href":"https:\/\/antoniomoll.com\/pt\/wp-json\/wp\/v2\/pages"}],"about":[{"href":"https:\/\/antoniomoll.com\/pt\/wp-json\/wp\/v2\/types\/page"}],"author":[{"embeddable":true,"href":"https:\/\/antoniomoll.com\/pt\/wp-json\/wp\/v2\/users\/1"}],"replies":[{"embeddable":true,"href":"https:\/\/antoniomoll.com\/pt\/wp-json\/wp\/v2\/comments?post=2098"}],"version-history":[{"count":99,"href":"https:\/\/antoniomoll.com\/pt\/wp-json\/wp\/v2\/pages\/2098\/revisions"}],"predecessor-version":[{"id":3485,"href":"https:\/\/antoniomoll.com\/pt\/wp-json\/wp\/v2\/pages\/2098\/revisions\/3485"}],"wp:attachment":[{"href":"https:\/\/antoniomoll.com\/pt\/wp-json\/wp\/v2\/media?parent=2098"}],"curies":[{"name":"wp","href":"https:\/\/api.w.org\/{rel}","templated":true}]}}