{"id":18,"date":"2018-11-14T18:01:22","date_gmt":"2018-11-14T18:01:22","guid":{"rendered":"https:\/\/antoniomoll.com\/pt\/?page_id=18"},"modified":"2022-12-27T20:48:11","modified_gmt":"2022-12-27T20:48:11","slug":"home","status":"publish","type":"page","link":"https:\/\/antoniomoll.com\/pt\/","title":{"rendered":"HOME"},"content":{"rendered":"<p>[et_pb_section fb_built=&#8221;1&#8243; disabled_on=&#8221;off|off|on&#8221; _builder_version=&#8221;4.4.7&#8243; custom_padding=&#8221;31px|||||&#8221;][et_pb_row _builder_version=&#8221;4.4.7&#8243; background_color=&#8221;#ffffff&#8221;][et_pb_column type=&#8221;4_4&#8243; _builder_version=&#8221;4.4.7&#8243; use_background_color_gradient=&#8221;on&#8221; background_color_gradient_start=&#8221;#ff283e&#8221; background_color_gradient_end=&#8221;#a347a0&#8243; background_color_gradient_direction=&#8221;122deg&#8221;][et_pb_text disabled_on=&#8221;off|off|on&#8221; _builder_version=&#8221;4.4.7&#8243; text_font=&#8221;Oswald||||||||&#8221; text_text_color=&#8221;#000000&#8243; text_font_size=&#8221;8px&#8221; header_font=&#8221;Oswald|600|on|on|||||&#8221; header_text_align=&#8221;center&#8221; header_font_size=&#8221;51px&#8221; header_letter_spacing=&#8221;2px&#8221; background_color=&#8221;#ffffff&#8221; mix_blend_mode=&#8221;lighten&#8221; hover_enabled=&#8221;0&#8243; header_font_size_tablet=&#8221;65px&#8221; header_font_size_phone=&#8221;38px&#8221; header_font_size_last_edited=&#8221;on|phone&#8221; custom_css_main_element=&#8221;||&#8221;]<\/p>\n<h1>Rejuvenescendo<\/h1>\n<p>[\/et_pb_text][\/et_pb_column][\/et_pb_row][et_pb_row _builder_version=&#8221;4.4.7&#8243; custom_padding=&#8221;0px||0px|||&#8221;][et_pb_column type=&#8221;4_4&#8243; _builder_version=&#8221;4.4.7&#8243;][et_pb_button button_url=&#8221;https:\/\/antoniomoll.com\/pt\/neorejuvencao\/&#8221; button_text=&#8221;VER TREINAMENTO&#8221; button_alignment=&#8221;center&#8221; _builder_version=&#8221;4.4.7&#8243; custom_button=&#8221;on&#8221; button_text_color=&#8221;#000000&#8243; button_border_color=&#8221;#000000&#8243; button_border_radius=&#8221;3px&#8221; button_letter_spacing=&#8221;3px&#8221; button_font=&#8221;Oswald||||||||&#8221; button_icon=&#8221;%%3%%&#8221; custom_margin=&#8221;16px|||||&#8221; custom_margin_tablet=&#8221;0px||||false|false&#8221; custom_margin_phone=&#8221;&#8221; custom_margin_last_edited=&#8221;on|phone&#8221; locked=&#8221;off&#8221;][\/et_pb_button][\/et_pb_column][\/et_pb_row][\/et_pb_section][et_pb_section fb_built=&#8221;1&#8243; fullwidth=&#8221;on&#8221; admin_label=&#8221;Hero Section&#8221; _builder_version=&#8221;3.22&#8243; background_color=&#8221;#233b4e&#8221; parallax=&#8221;on&#8221; custom_padding=&#8221;0px|0px|0px|0px&#8221;][et_pb_fullwidth_header title=&#8221;Rejuvenescendo&#8221; text_orientation=&#8221;right&#8221; header_fullscreen=&#8221;on&#8221; button_one_text=&#8221;VER TREINAMENTO&#8221; button_one_url=&#8221;https:\/\/antoniomoll.com\/pt\/neorejuvencao\/&#8221; background_overlay_color=&#8221;rgba(0,0,0,0)&#8221; title_tablet=&#8221;REJUVENECIENDO&#8221; title_phone=&#8221;REJUVENECIENDO&#8221; title_last_edited=&#8221;on|phone&#8221; content_max_width_tablet=&#8221;100%&#8221; content_max_width_phone=&#8221;100%&#8221; content_max_width_last_edited=&#8221;on|desktop&#8221; disabled_on=&#8221;on|on|off&#8221; admin_label=&#8221;Hero&#8221; _builder_version=&#8221;4.4.7&#8243; title_font=&#8221;Oswald|700|on|on|||||&#8221; title_text_align=&#8221;right&#8221; title_text_color=&#8221;#ed4441&#8243; title_font_size=&#8221;60px&#8221; title_letter_spacing=&#8221;4px&#8221; title_line_height=&#8221;1.3em&#8221; content_font=&#8221;Roboto||||&#8221; content_font_size=&#8221;20px&#8221; background_color=&#8221;rgba(255, 255, 255, 0)&#8221; background_image=&#8221;https:\/\/antoniomoll.com\/pt\/wp-content\/uploads\/2018\/11\/ANTONIO-MOLL.jpg&#8221; custom_button_one=&#8221;on&#8221; button_one_text_color=&#8221;#3d3d3d&#8221; button_one_border_radius=&#8221;0px&#8221; button_one_letter_spacing=&#8221;4px&#8221; button_one_font=&#8221;Oswald|on||on|&#8221; button_one_icon=&#8221;%%3%%&#8221; button_one_icon_color=&#8221;#000000&#8243; background_layout=&#8221;light&#8221; width=&#8221;100%&#8221; module_alignment=&#8221;right&#8221; custom_margin=&#8221;0px|0px|||false|false&#8221; custom_margin_tablet=&#8221;0px||||false|false&#8221; custom_margin_phone=&#8221;&#8221; custom_margin_last_edited=&#8221;on|tablet&#8221; custom_padding=&#8221;|0px|||false|false&#8221; filter_contrast=&#8221;99%&#8221; animation_direction=&#8221;bottom&#8221; hover_transition_duration=&#8221;0ms&#8221; title_font_size_tablet=&#8221;50px&#8221; title_font_size_phone=&#8221;30px&#8221; title_font_size_last_edited=&#8221;on|phone&#8221; button_one_text_size_tablet=&#8221;&#8221; button_one_text_size_phone=&#8221;13px&#8221; button_one_text_size_last_edited=&#8221;on|phone&#8221; custom_css_title=&#8221;background: #ED4441;||background: -webkit-linear-gradient(to right, #ED4441 0%, #833ab4 100%);||background: -moz-linear-gradient(to right, #ED4441 0%, #833ab4 100%);||background: linear-gradient(to right, #ED4441 0%, #833ab4 100%);||-webkit-background-clip: text;||-webkit-text-fill-color: transparent;&#8221; border_width_all_image=&#8221;0px&#8221; border_color_all_image=&#8221;rgba(0,0,0,0)&#8221; button_one_text_color_hover=&#8221;#ffffff&#8221; button_one_border_color_hover=&#8221;#ffffff&#8221; button_one_border_radius_hover=&#8221;0px&#8221; button_one_letter_spacing_hover=&#8221;4px&#8221; button_one_bg_color_hover=&#8221;rgba(0,0,0,0)&#8221; button_one_text_size__hover_enabled=&#8221;off&#8221; button_two_text_size__hover_enabled=&#8221;off&#8221; button_one_text_color__hover_enabled=&#8221;on|hover&#8221; button_one_text_color__hover=&#8221;#000000&#8243; button_two_text_color__hover_enabled=&#8221;off&#8221; button_one_border_width__hover_enabled=&#8221;off&#8221; button_two_border_width__hover_enabled=&#8221;off&#8221; button_one_border_color__hover_enabled=&#8221;on|hover&#8221; button_one_border_color__hover=&#8221;#474747&#8243; button_two_border_color__hover_enabled=&#8221;off&#8221; button_one_border_radius__hover_enabled=&#8221;on&#8221; button_one_border_radius__hover=&#8221;0px&#8221; button_two_border_radius__hover_enabled=&#8221;off&#8221; button_one_letter_spacing__hover_enabled=&#8221;on&#8221; button_one_letter_spacing__hover=&#8221;4px&#8221; button_two_letter_spacing__hover_enabled=&#8221;off&#8221; button_one_bg_color__hover_enabled=&#8221;on&#8221; button_one_bg_color__hover=&#8221;rgba(0,0,0,0)&#8221; button_two_bg_color__hover_enabled=&#8221;off&#8221; button_one_bg_enable_color__hover=&#8221;on&#8221;][\/et_pb_fullwidth_header][\/et_pb_section][et_pb_section fb_built=&#8221;1&#8243; fullwidth=&#8221;on&#8221; _builder_version=&#8221;4.4.7&#8243;][et_pb_fullwidth_image src=&#8221;https:\/\/antoniomoll.com\/pt\/wp-content\/uploads\/ANTONIO-MOLL-web-mov-1.jpg&#8221; title_text=&#8221;ANTONIO-MOLL-web-mov&#8221; disabled_on=&#8221;off|off|on&#8221; _builder_version=&#8221;4.4.7&#8243; custom_margin=&#8221;-40px||||false|false&#8221;][\/et_pb_fullwidth_image][\/et_pb_section]<\/p>\n","protected":false},"excerpt":{"rendered":"<p>[et_pb_section fb_built=&#8221;1&#8243; disabled_on=&#8221;off|off|on&#8221; _builder_version=&#8221;4.4.7&#8243; custom_padding=&#8221;31px|||||&#8221;][et_pb_row _builder_version=&#8221;4.4.7&#8243; background_color=&#8221;#ffffff&#8221;][et_pb_column type=&#8221;4_4&#8243; _builder_version=&#8221;4.4.7&#8243; use_background_color_gradient=&#8221;on&#8221; background_color_gradient_start=&#8221;#ff283e&#8221; background_color_gradient_end=&#8221;#a347a0&#8243; background_color_gradient_direction=&#8221;122deg&#8221;][et_pb_text disabled_on=&#8221;off|off|on&#8221; _builder_version=&#8221;4.4.7&#8243; text_font=&#8221;Oswald||||||||&#8221; text_text_color=&#8221;#000000&#8243; text_font_size=&#8221;8px&#8221; header_font=&#8221;Oswald|600|on|on|||||&#8221; header_text_align=&#8221;center&#8221; header_font_size=&#8221;51px&#8221; header_letter_spacing=&#8221;2px&#8221; background_color=&#8221;#ffffff&#8221; mix_blend_mode=&#8221;lighten&#8221; hover_enabled=&#8221;0&#8243; header_font_size_tablet=&#8221;65px&#8221; header_font_size_phone=&#8221;38px&#8221; header_font_size_last_edited=&#8221;on|phone&#8221; custom_css_main_element=&#8221;||&#8221;] Rejuvenescendo [\/et_pb_text][\/et_pb_column][\/et_pb_row][et_pb_row _builder_version=&#8221;4.4.7&#8243; custom_padding=&#8221;0px||0px|||&#8221;][et_pb_column type=&#8221;4_4&#8243; _builder_version=&#8221;4.4.7&#8243;][et_pb_button button_url=&#8221;https:\/\/antoniomoll.com\/pt\/neorejuvencao\/&#8221; button_text=&#8221;VER TREINAMENTO&#8221; button_alignment=&#8221;center&#8221; _builder_version=&#8221;4.4.7&#8243; custom_button=&#8221;on&#8221; button_text_color=&#8221;#000000&#8243; button_border_color=&#8221;#000000&#8243; button_border_radius=&#8221;3px&#8221; button_letter_spacing=&#8221;3px&#8221; button_font=&#8221;Oswald||||||||&#8221; button_icon=&#8221;%%3%%&#8221; custom_margin=&#8221;16px|||||&#8221; custom_margin_tablet=&#8221;0px||||false|false&#8221; custom_margin_phone=&#8221;&#8221; custom_margin_last_edited=&#8221;on|phone&#8221; locked=&#8221;off&#8221;][\/et_pb_button][\/et_pb_column][\/et_pb_row][\/et_pb_section][et_pb_section fb_built=&#8221;1&#8243; fullwidth=&#8221;on&#8221; admin_label=&#8221;Hero [&hellip;]<\/p>\n","protected":false},"author":1,"featured_media":0,"parent":0,"menu_order":0,"comment_status":"closed","ping_status":"closed","template":"","meta":{"footnotes":""},"yoast_head":"<!-- This site is optimized with the Yoast SEO plugin v21.2 - https:\/\/yoast.com\/wordpress\/plugins\/seo\/ -->\n<title>Antonio Moll - PORTUGU\u00caS - Site oficial portugu\u00eas<\/title>\n<meta name=\"description\" content=\"Site oficial portugu\u00eas de Antonio Moll, autor do NeoRejuvenation e criador do Ho&#039;oponopono Hou: Treinamento, Eventos e Biografia Completa.\" \/>\n<meta name=\"robots\" content=\"index, follow, max-snippet:-1, max-image-preview:large, max-video-preview:-1\" \/>\n<link rel=\"canonical\" href=\"https:\/\/antoniomoll.com\/pt\/\" \/>\n<meta property=\"og:locale\" content=\"pt_BR\" \/>\n<meta property=\"og:type\" content=\"article\" \/>\n<meta property=\"og:title\" content=\"Antonio Moll - PORTUGU\u00caS - Site oficial portugu\u00eas\" \/>\n<meta property=\"og:description\" content=\"Site oficial portugu\u00eas de Antonio Moll, autor do NeoRejuvenation e criador do Ho&#039;oponopono Hou: Treinamento, Eventos e Biografia Completa.\" \/>\n<meta property=\"og:url\" content=\"https:\/\/antoniomoll.com\/pt\/\" \/>\n<meta property=\"og:site_name\" content=\"Antonio Moll - PORTUGU\u00caS\" \/>\n<meta property=\"article:modified_time\" content=\"2022-12-27T20:48:11+00:00\" \/>\n<meta name=\"twitter:card\" content=\"summary_large_image\" \/>\n<meta name=\"twitter:label1\" content=\"Est. tempo de leitura\" \/>\n\t<meta name=\"twitter:data1\" content=\"1 minuto\" \/>\n<script type=\"application\/ld+json\" class=\"yoast-schema-graph\">{\"@context\":\"https:\/\/schema.org\",\"@graph\":[{\"@type\":\"WebPage\",\"@id\":\"https:\/\/antoniomoll.com\/pt\/\",\"url\":\"https:\/\/antoniomoll.com\/pt\/\",\"name\":\"Antonio Moll - PORTUGU\u00caS - Site oficial portugu\u00eas\",\"isPartOf\":{\"@id\":\"https:\/\/antoniomoll.com\/pt\/#website\"},\"datePublished\":\"2018-11-14T18:01:22+00:00\",\"dateModified\":\"2022-12-27T20:48:11+00:00\",\"description\":\"Site oficial portugu\u00eas de Antonio Moll, autor do NeoRejuvenation e criador do Ho'oponopono Hou: Treinamento, Eventos e Biografia Completa.\",\"breadcrumb\":{\"@id\":\"https:\/\/antoniomoll.com\/pt\/#breadcrumb\"},\"inLanguage\":\"pt-BR\",\"potentialAction\":[{\"@type\":\"ReadAction\",\"target\":[\"https:\/\/antoniomoll.com\/pt\/\"]}]},{\"@type\":\"BreadcrumbList\",\"@id\":\"https:\/\/antoniomoll.com\/pt\/#breadcrumb\",\"itemListElement\":[{\"@type\":\"ListItem\",\"position\":1,\"name\":\"Portada\",\"item\":\"https:\/\/antoniomoll.com\/pt\/\"},{\"@type\":\"ListItem\",\"position\":2,\"name\":\"HOME\"}]},{\"@type\":\"WebSite\",\"@id\":\"https:\/\/antoniomoll.com\/pt\/#website\",\"url\":\"https:\/\/antoniomoll.com\/pt\/\",\"name\":\"Antonio Moll - PORTUGU\u00caS\",\"description\":\"Site oficial de Antonio Moll, fundador da NEOREJUVENATION\",\"publisher\":{\"@id\":\"https:\/\/antoniomoll.com\/pt\/#\/schema\/person\/1aaf79d79909f6ae144a533565ec2ba9\"},\"potentialAction\":[{\"@type\":\"SearchAction\",\"target\":{\"@type\":\"EntryPoint\",\"urlTemplate\":\"https:\/\/antoniomoll.com\/pt\/?s={search_term_string}\"},\"query-input\":\"required name=search_term_string\"}],\"inLanguage\":\"pt-BR\"},{\"@type\":[\"Person\",\"Organization\"],\"@id\":\"https:\/\/antoniomoll.com\/pt\/#\/schema\/person\/1aaf79d79909f6ae144a533565ec2ba9\",\"name\":\"Antonio Moll\",\"image\":{\"@type\":\"ImageObject\",\"inLanguage\":\"pt-BR\",\"@id\":\"https:\/\/antoniomoll.com\/pt\/#\/schema\/person\/image\/\",\"url\":\"https:\/\/antoniomoll.com\/pt\/wp-content\/uploads\/2018\/11\/favicon_AM.png\",\"contentUrl\":\"https:\/\/antoniomoll.com\/pt\/wp-content\/uploads\/2018\/11\/favicon_AM.png\",\"width\":512,\"height\":512,\"caption\":\"Antonio Moll\"},\"logo\":{\"@id\":\"https:\/\/antoniomoll.com\/pt\/#\/schema\/person\/image\/\"}}]}<\/script>\n<!-- \/ Yoast SEO plugin. -->","yoast_head_json":{"title":"Antonio Moll - PORTUGU\u00caS - Site oficial portugu\u00eas","description":"Site oficial portugu\u00eas de Antonio Moll, autor do NeoRejuvenation e criador do Ho'oponopono Hou: Treinamento, Eventos e Biografia Completa.","robots":{"index":"index","follow":"follow","max-snippet":"max-snippet:-1","max-image-preview":"max-image-preview:large","max-video-preview":"max-video-preview:-1"},"canonical":"https:\/\/antoniomoll.com\/pt\/","og_locale":"pt_BR","og_type":"article","og_title":"Antonio Moll - PORTUGU\u00caS - Site oficial portugu\u00eas","og_description":"Site oficial portugu\u00eas de Antonio Moll, autor do NeoRejuvenation e criador do Ho'oponopono Hou: Treinamento, Eventos e Biografia Completa.","og_url":"https:\/\/antoniomoll.com\/pt\/","og_site_name":"Antonio Moll - PORTUGU\u00caS","article_modified_time":"2022-12-27T20:48:11+00:00","twitter_card":"summary_large_image","twitter_misc":{"Est. tempo de leitura":"1 minuto"},"schema":{"@context":"https:\/\/schema.org","@graph":[{"@type":"WebPage","@id":"https:\/\/antoniomoll.com\/pt\/","url":"https:\/\/antoniomoll.com\/pt\/","name":"Antonio Moll - PORTUGU\u00caS - Site oficial portugu\u00eas","isPartOf":{"@id":"https:\/\/antoniomoll.com\/pt\/#website"},"datePublished":"2018-11-14T18:01:22+00:00","dateModified":"2022-12-27T20:48:11+00:00","description":"Site oficial portugu\u00eas de Antonio Moll, autor do NeoRejuvenation e criador do Ho'oponopono Hou: Treinamento, Eventos e Biografia Completa.","breadcrumb":{"@id":"https:\/\/antoniomoll.com\/pt\/#breadcrumb"},"inLanguage":"pt-BR","potentialAction":[{"@type":"ReadAction","target":["https:\/\/antoniomoll.com\/pt\/"]}]},{"@type":"BreadcrumbList","@id":"https:\/\/antoniomoll.com\/pt\/#breadcrumb","itemListElement":[{"@type":"ListItem","position":1,"name":"Portada","item":"https:\/\/antoniomoll.com\/pt\/"},{"@type":"ListItem","position":2,"name":"HOME"}]},{"@type":"WebSite","@id":"https:\/\/antoniomoll.com\/pt\/#website","url":"https:\/\/antoniomoll.com\/pt\/","name":"Antonio Moll - PORTUGU\u00caS","description":"Site oficial de Antonio Moll, fundador da NEOREJUVENATION","publisher":{"@id":"https:\/\/antoniomoll.com\/pt\/#\/schema\/person\/1aaf79d79909f6ae144a533565ec2ba9"},"potentialAction":[{"@type":"SearchAction","target":{"@type":"EntryPoint","urlTemplate":"https:\/\/antoniomoll.com\/pt\/?s={search_term_string}"},"query-input":"required name=search_term_string"}],"inLanguage":"pt-BR"},{"@type":["Person","Organization"],"@id":"https:\/\/antoniomoll.com\/pt\/#\/schema\/person\/1aaf79d79909f6ae144a533565ec2ba9","name":"Antonio Moll","image":{"@type":"ImageObject","inLanguage":"pt-BR","@id":"https:\/\/antoniomoll.com\/pt\/#\/schema\/person\/image\/","url":"https:\/\/antoniomoll.com\/pt\/wp-content\/uploads\/2018\/11\/favicon_AM.png","contentUrl":"https:\/\/antoniomoll.com\/pt\/wp-content\/uploads\/2018\/11\/favicon_AM.png","width":512,"height":512,"caption":"Antonio Moll"},"logo":{"@id":"https:\/\/antoniomoll.com\/pt\/#\/schema\/person\/image\/"}}]}},"_links":{"self":[{"href":"https:\/\/antoniomoll.com\/pt\/wp-json\/wp\/v2\/pages\/18"}],"collection":[{"href":"https:\/\/antoniomoll.com\/pt\/wp-json\/wp\/v2\/pages"}],"about":[{"href":"https:\/\/antoniomoll.com\/pt\/wp-json\/wp\/v2\/types\/page"}],"author":[{"embeddable":true,"href":"https:\/\/antoniomoll.com\/pt\/wp-json\/wp\/v2\/users\/1"}],"replies":[{"embeddable":true,"href":"https:\/\/antoniomoll.com\/pt\/wp-json\/wp\/v2\/comments?post=18"}],"version-history":[{"count":87,"href":"https:\/\/antoniomoll.com\/pt\/wp-json\/wp\/v2\/pages\/18\/revisions"}],"predecessor-version":[{"id":3455,"href":"https:\/\/antoniomoll.com\/pt\/wp-json\/wp\/v2\/pages\/18\/revisions\/3455"}],"wp:attachment":[{"href":"https:\/\/antoniomoll.com\/pt\/wp-json\/wp\/v2\/media?parent=18"}],"curies":[{"name":"wp","href":"https:\/\/api.w.org\/{rel}","templated":true}]}}