{"id":261,"date":"2018-11-22T05:29:09","date_gmt":"2018-11-22T05:29:09","guid":{"rendered":"https:\/\/antoniomoll.com\/it\/?page_id=261"},"modified":"2026-04-10T17:52:45","modified_gmt":"2026-04-10T17:52:45","slug":"su-di-me","status":"publish","type":"page","link":"https:\/\/antoniomoll.com\/it\/su-di-me\/","title":{"rendered":"SU DI ME"},"content":{"rendered":"<p>[et_pb_section fb_built=&#8221;1&#8243; _builder_version=&#8221;4.16&#8243; custom_padding=&#8221;90px||80px||false|false&#8221; global_colors_info=&#8221;{}&#8221;][et_pb_row column_structure=&#8221;1_2,1_2&#8243; _builder_version=&#8221;4.16&#8243; custom_padding=&#8221;||0px|||&#8221; global_colors_info=&#8221;{}&#8221;][et_pb_column type=&#8221;1_2&#8243; _builder_version=&#8221;4.16&#8243; custom_padding=&#8221;|||&#8221; global_colors_info=&#8221;{}&#8221; custom_padding__hover=&#8221;|||&#8221;][et_pb_text admin_label=&#8221;Title&#8221; _builder_version=&#8221;4.16&#8243; text_font=&#8221;||||&#8221; text_text_color=&#8221;#1a1a1a&#8221; header_font=&#8221;Oswald|on||on|&#8221; header_text_align=&#8221;left&#8221; header_font_size=&#8221;60px&#8221; header_line_height=&#8221;1.3em&#8221; max_width=&#8221;450px&#8221; custom_margin=&#8221;|||&#8221; custom_padding=&#8221;|||&#8221; animation_direction=&#8221;top&#8221; locked=&#8221;off&#8221; global_colors_info=&#8221;{}&#8221;]<\/p>\n<h1>La sua storia<\/h1>\n<p>[\/et_pb_text][et_pb_divider divider_position=&#8221;center&#8221; divider_weight=&#8221;3px&#8221; disabled_on=&#8221;off|off|off%22&#8243; _builder_version=&#8221;4.16&#8243; max_width=&#8221;150px&#8221; height=&#8221;false&#8221; custom_margin=&#8221;30px|||&#8221; animation_direction=&#8221;top&#8221; locked=&#8221;off&#8221; global_colors_info=&#8221;{}&#8221;][\/et_pb_divider][et_pb_text _builder_version=&#8221;4.27.6&#8243; text_font=&#8221;Roboto||||&#8221; text_font_size=&#8221;16px&#8221; text_line_height=&#8221;1.9em&#8221; background_size=&#8221;initial&#8221; background_position=&#8221;top_left&#8221; background_repeat=&#8221;repeat&#8221; max_width=&#8221;450px&#8221; custom_margin=&#8221;60|||&#8221; custom_padding=&#8221;||60px|&#8221; animation_direction=&#8221;top&#8221; locked=&#8221;off&#8221; global_colors_info=&#8221;{}&#8221;]<\/p>\n<p class=\"font-claude-response-body break-words whitespace-normal leading-[1.7]\">Antonio Moll \u00e8 nato a Madrid il 22 aprile 1979, di origini italiane. Ha 46 anni. <strong>Autore<\/strong> e imprenditore senza manuale, ha iniziato a 20 anni a costruire audience online quando nessuno sapeva ancora bene cosa fosse internet. \u00c8 stato pioniere in diversi modelli di business in Spagna \u2014 da zero a milioni di utenti in tempi che allora sembravano impossibili.<\/p>\n<p class=\"font-claude-response-body break-words whitespace-normal leading-[1.7]\">Nel 2014 ha toccato il fondo. Quello che \u00e8 venuto dopo nessuno lo ha visto arrivare \u2014 nemmeno lui. Ha passato due anni a leggere e a farsi le domande che la maggior parte delle persone evita per tutta la vita. Cento libri. Letteralmente cento libri. E alla fine di quel percorso ha avuto l&#8217;idea che pu\u00f2 avere solo qualcuno a cui nessuno ha mai spiegato che ci sono cose che non si possono fare: invitare gli autori di quei libri su un palco \u2014 e vedere tutto dal vivo.<\/p>\n<p>[\/et_pb_text][\/et_pb_column][et_pb_column type=&#8221;1_2&#8243; _builder_version=&#8221;4.16&#8243; custom_padding=&#8221;|||&#8221; global_colors_info=&#8221;{}&#8221; custom_padding__hover=&#8221;|||&#8221;][et_pb_image src=&#8221;https:\/\/antoniomoll.com\/it\/wp-content\/uploads\/2018\/11\/ANTONIO-MOLL-AUTOR.jpg&#8221; force_fullwidth=&#8221;on&#8221; align_tablet=&#8221;center&#8221; align_phone=&#8221;&#8221; align_last_edited=&#8221;on|desktop&#8221; _builder_version=&#8221;4.16&#8243; custom_margin=&#8221;|||&#8221; custom_margin_tablet=&#8221;-38px||||false|false&#8221; custom_margin_phone=&#8221;-80px||||false|false&#8221; custom_margin_last_edited=&#8221;on|phone&#8221; animation=&#8221;fade_in&#8221; global_colors_info=&#8221;{}&#8221;][\/et_pb_image][\/et_pb_column][\/et_pb_row][et_pb_row _builder_version=&#8221;4.16&#8243; background_size=&#8221;initial&#8221; background_position=&#8221;top_left&#8221; background_repeat=&#8221;repeat&#8221; global_colors_info=&#8221;{}&#8221;][et_pb_column type=&#8221;4_4&#8243; _builder_version=&#8221;4.16&#8243; custom_padding=&#8221;|||&#8221; global_colors_info=&#8221;{}&#8221; custom_padding__hover=&#8221;|||&#8221;][et_pb_text _builder_version=&#8221;4.27.6&#8243; text_font=&#8221;Roboto||||||||&#8221; text_font_size=&#8221;16px&#8221; text_line_height=&#8221;1.9em&#8221; animation_direction=&#8221;top&#8221; global_colors_info=&#8221;{}&#8221;]<\/p>\n<p class=\"font-claude-response-body break-words whitespace-normal leading-[1.7]\">Nel 2017 e 2018, con lo stupore del settore e contro ogni pronostico, ha riunito senza contatti precedenti e da zero 26 autori bestseller internazionali \u2014 tra cui Daniel Goleman, Joe Dispenza, Gregg Braden, Marianne Williamson, Elizabeth Gilbert, Robin Sharma, Michael Beckwith, Joe Vitale e Bruce Lipton. Il pi\u00f9 grande evento di sviluppo personale mai organizzato in Europa. Due edizioni. Due citt\u00e0. Nonostante le difficolt\u00e0 logistiche dell&#8217;ultimo momento, <a href=\"https:\/\/www.youtube.com\/@BeingOneForum\">Being One Forum<\/a> entra nella storia.<\/p>\n<p class=\"font-claude-response-body break-words whitespace-normal leading-[1.7]\">Nel 2019 ha avviato la sua carriera come conferenziere in solitaria, girando i palcoscenici d&#8217;America e d&#8217;Europa. Oltre 20.000 partecipanti quell&#8217;anno.<\/p>\n<p class=\"font-claude-response-body break-words whitespace-normal leading-[1.7]\">Tutto il suo lavoro nasce dallo stesso posto: l&#8217;osservazione, il buon senso, la biologia e le neuroscienze come chiavi per capire perch\u00e9 gli esseri umani fanno quello che fanno \u2014 e il neorejuvenation e la bellezza come espressione massima di ci\u00f2 di cui il corpo umano \u00e8 capace.<\/p>\n<p class=\"font-claude-response-body break-words whitespace-normal leading-[1.7]\">Nel 2021 ha pubblicato il suo primo libro, <em>Tu non sei il Problema, sei la Soluzione. Ho&#8217;oponopono Hou<\/em>. Lo stesso anno ha creato <a href=\"https:\/\/neorejuvenation.com\/global\/\">NeoRejuvenation<\/a>, programma pionieristico nel <a href=\"https:\/\/neorejuvenation.com\/global\/\">neorejuvenation<\/a> umano \u2014 oltre 50.000 lettori e studenti, in 6 lingue, in 65 paesi, costruito in modo indipendente dall&#8217;industria editoriale.<\/p>\n<p class=\"font-claude-response-body break-words whitespace-normal leading-[1.7]\">Oltre 700.000 follower. +200 milioni di visualizzazioni dal 2022.<\/p>\n<p class=\"font-claude-response-body break-words whitespace-normal leading-[1.7]\">Ma se c&#8217;\u00e8 una cosa che lo muove pi\u00f9 di tutto il resto, \u00e8 la bellezza. Senza di essa, niente di tutto questo esisterebbe.<\/p>\n<p class=\"font-claude-response-body break-words whitespace-normal leading-[1.7]\">Ora arriva nKosmos.<\/p>\n<p>&nbsp;<\/p>\n<p>[\/et_pb_text][et_pb_button button_url=&#8221;https:\/\/antoniomoll.com\/it\/formacion&#8221; button_text=&#8221;VEDI FORMAZIONE&#8221; _builder_version=&#8221;4.16&#8243; custom_button=&#8221;on&#8221; button_text_color=&#8221;#000000&#8243; button_border_color=&#8221;#000000&#8243; button_border_radius=&#8221;3px&#8221; button_letter_spacing=&#8221;3px&#8221; button_font=&#8221;Oswald||||||||&#8221; button_icon=&#8221;&#x24;||divi||400&#8243; custom_margin=&#8221;16px|||||&#8221; global_colors_info=&#8221;{}&#8221;][\/et_pb_button][\/et_pb_column][\/et_pb_row][\/et_pb_section][et_pb_section fb_built=&#8221;1&#8243; _builder_version=&#8221;4.16&#8243; global_colors_info=&#8221;{}&#8221;][et_pb_row _builder_version=&#8221;4.16&#8243; locked=&#8221;off&#8221; global_colors_info=&#8221;{}&#8221;][et_pb_column type=&#8221;4_4&#8243; _builder_version=&#8221;4.16&#8243; custom_padding=&#8221;|||&#8221; global_colors_info=&#8221;{}&#8221; custom_padding__hover=&#8221;|||&#8221;][et_pb_text admin_label=&#8221;Title&#8221; _builder_version=&#8221;4.16&#8243; text_font=&#8221;||||&#8221; text_text_color=&#8221;#1a1a1a&#8221; header_font=&#8221;Oswald|on||on|&#8221; header_text_align=&#8221;center&#8221; header_font_size=&#8221;60px&#8221; header_line_height=&#8221;1.3em&#8221; module_alignment=&#8221;center&#8221; custom_margin=&#8221;|||&#8221; custom_padding=&#8221;|||&#8221; animation_direction=&#8221;top&#8221; locked=&#8221;off&#8221; global_colors_info=&#8221;{}&#8221;]<\/p>\n<h1>Seguimi<\/h1>\n<p>[\/et_pb_text][et_pb_divider divider_position=&#8221;center&#8221; divider_weight=&#8221;3px&#8221; disabled_on=&#8221;off|off|off%22&#8243; _builder_version=&#8221;4.16&#8243; max_width=&#8221;150px&#8221; module_alignment=&#8221;center&#8221; height=&#8221;false&#8221; custom_margin=&#8221;30px|||&#8221; animation_direction=&#8221;top&#8221; locked=&#8221;off&#8221; global_colors_info=&#8221;{}&#8221;][\/et_pb_divider][et_pb_text admin_label=&#8221;Sub Title&#8221; _builder_version=&#8221;4.16&#8243; text_font=&#8221;Roboto||||&#8221; text_text_color=&#8221;#1a1a1a&#8221; text_font_size=&#8221;24px&#8221; text_line_height=&#8221;1.4em&#8221; background_size=&#8221;initial&#8221; background_position=&#8221;top_left&#8221; background_repeat=&#8221;repeat&#8221; text_orientation=&#8221;center&#8221; max_width=&#8221;800px&#8221; module_alignment=&#8221;center&#8221; custom_margin=&#8221;|||&#8221; custom_padding=&#8221;30px|||&#8221; animation_direction=&#8221;top&#8221; locked=&#8221;off&#8221; global_colors_info=&#8221;{}&#8221;]Puoi seguire Antonio attraverso i suoi social network.[\/et_pb_text][\/et_pb_column][\/et_pb_row][et_pb_row _builder_version=&#8221;4.16&#8243; global_colors_info=&#8221;{}&#8221;][et_pb_column type=&#8221;4_4&#8243; _builder_version=&#8221;4.16&#8243; global_colors_info=&#8221;{}&#8221;][et_pb_social_media_follow _builder_version=&#8221;4.16&#8243; custom_button=&#8221;on&#8221; text_orientation=&#8221;center&#8221; global_colors_info=&#8221;{}&#8221;][et_pb_social_media_follow_network social_network=&#8221;facebook&#8221; url=&#8221;https:\/\/www.facebook.com\/AntonioMollBeingOne\/&#8221; _builder_version=&#8221;4.16&#8243; background_color=&#8221;#3b5998&#8243; global_colors_info=&#8221;{}&#8221; follow_button=&#8221;off&#8221; url_new_window=&#8221;on&#8221;]facebook[\/et_pb_social_media_follow_network][et_pb_social_media_follow_network social_network=&#8221;instagram&#8221; url=&#8221;https:\/\/www.instagram.com\/antonio.moll.official\/&#8221; _builder_version=&#8221;4.16&#8243; background_color=&#8221;#ea2c59&#8243; global_colors_info=&#8221;{}&#8221; follow_button=&#8221;off&#8221; url_new_window=&#8221;on&#8221;]instagram[\/et_pb_social_media_follow_network][et_pb_social_media_follow_network social_network=&#8221;linkedin&#8221; url=&#8221;https:\/\/www.linkedin.com\/in\/antonio-moll-b35b4380\/&#8221; _builder_version=&#8221;4.16&#8243; background_color=&#8221;#007bb6&#8243; global_colors_info=&#8221;{}&#8221; follow_button=&#8221;off&#8221; url_new_window=&#8221;on&#8221;]linkedin[\/et_pb_social_media_follow_network][\/et_pb_social_media_follow][\/et_pb_column][\/et_pb_row][et_pb_row _builder_version=&#8221;4.16&#8243; global_colors_info=&#8221;{}&#8221;][et_pb_column type=&#8221;4_4&#8243; _builder_version=&#8221;4.16&#8243; global_colors_info=&#8221;{}&#8221;][\/et_pb_column][\/et_pb_row][\/et_pb_section][et_pb_section fb_built=&#8221;1&#8243; _builder_version=&#8221;4.16&#8243; background_color=&#8221;#000000&#8243; global_colors_info=&#8221;{}&#8221;][et_pb_row _builder_version=&#8221;4.16&#8243; global_colors_info=&#8221;{}&#8221;][et_pb_column type=&#8221;4_4&#8243; _builder_version=&#8221;4.16&#8243; global_colors_info=&#8221;{}&#8221;][et_pb_text admin_label=&#8221;Hero Sub Title&#8221; _builder_version=&#8221;4.16&#8243; text_font=&#8221;Roboto||||&#8221; text_font_size=&#8221;24px&#8221; text_line_height=&#8221;1.4em&#8221; background_size=&#8221;initial&#8221; background_position=&#8221;top_left&#8221; background_repeat=&#8221;repeat&#8221; background_layout=&#8221;dark&#8221; max_width=&#8221;800px&#8221; custom_padding=&#8221;||||false|false&#8221; animation_direction=&#8221;top&#8221; locked=&#8221;off&#8221; global_colors_info=&#8221;{}&#8221;]<\/p>\n<blockquote>\n<p style=\"text-align: left;\"><em>\u201cQuando conosci te stesso e comprendi il tuo mondo interiore, raggiungi un grado di libert\u00e0 che ti permette di gestire i tuoi pensieri, le tue convinzioni e le tue emozioni. Quindi diventi il \u200b\u200b&#8217;proprietario&#8217; del tuo presente e del tuo futuro. Da quella libert\u00e0 di abbondanza interiore, tutto si trasforma e trovi risposte e soluzioni che prima sembravano impossibili\u201d.<\/em><\/p>\n<\/blockquote>\n<p>[\/et_pb_text][et_pb_text admin_label=&#8221;Hero Sub Title&#8221; _builder_version=&#8221;4.16&#8243; text_font=&#8221;Roboto||||&#8221; text_font_size=&#8221;24px&#8221; text_line_height=&#8221;1.4em&#8221; background_size=&#8221;initial&#8221; background_position=&#8221;top_left&#8221; background_repeat=&#8221;repeat&#8221; background_layout=&#8221;dark&#8221; max_width=&#8221;800px&#8221; custom_padding=&#8221;||||false|false&#8221; animation_direction=&#8221;top&#8221; locked=&#8221;off&#8221; global_colors_info=&#8221;{}&#8221;]<em>&#8211; Antonio Moll.<\/em>[\/et_pb_text][\/et_pb_column][\/et_pb_row][\/et_pb_section]<\/p>\n","protected":false},"excerpt":{"rendered":"<p>La sua storiaAntonio Moll \u00e8 nato a Madrid il 22 aprile 1979, di origini italiane. Ha 46 anni. Autore e imprenditore senza manuale, ha iniziato a 20 anni a costruire audience online quando nessuno sapeva ancora bene cosa fosse internet. \u00c8 stato pioniere in diversi modelli di business in Spagna \u2014 da zero a milioni [&hellip;]<\/p>\n","protected":false},"author":1,"featured_media":0,"parent":0,"menu_order":0,"comment_status":"closed","ping_status":"closed","template":"","meta":{"_et_pb_use_builder":"on","_et_pb_old_content":"","_et_gb_content_width":"","footnotes":""},"yoast_head":"<!-- This site is optimized with the Yoast SEO plugin v21.1 - https:\/\/yoast.com\/wordpress\/plugins\/seo\/ -->\n<title>SU DI ME - Antonio Moll - ITALIANO Biografia completa ed et\u00e0<\/title>\n<meta name=\"description\" content=\"Biografia completa di Antonio Moll, autore di NeoRejuvenation e ideatore di Ho&#039;oponopono Hou. Scopri la storia di Antonio Moll.\" \/>\n<meta name=\"robots\" content=\"index, follow, max-snippet:-1, max-image-preview:large, max-video-preview:-1\" \/>\n<link rel=\"canonical\" href=\"https:\/\/antoniomoll.com\/it\/su-di-me\/\" \/>\n<meta property=\"og:locale\" content=\"it_IT\" \/>\n<meta property=\"og:type\" content=\"article\" \/>\n<meta property=\"og:title\" content=\"SU DI ME - Antonio Moll - ITALIANO Biografia completa ed et\u00e0\" \/>\n<meta property=\"og:description\" content=\"Biografia completa di Antonio Moll, autore di NeoRejuvenation e ideatore di Ho&#039;oponopono Hou. Scopri la storia di Antonio Moll.\" \/>\n<meta property=\"og:url\" content=\"https:\/\/antoniomoll.com\/it\/su-di-me\/\" \/>\n<meta property=\"og:site_name\" content=\"Antonio Moll - ITALIANO\" \/>\n<meta property=\"article:modified_time\" content=\"2026-04-10T17:52:45+00:00\" \/>\n<meta name=\"twitter:card\" content=\"summary_large_image\" \/>\n<meta name=\"twitter:label1\" content=\"Tempo di lettura stimato\" \/>\n\t<meta name=\"twitter:data1\" content=\"4 minuti\" \/>\n<script type=\"application\/ld+json\" class=\"yoast-schema-graph\">{\"@context\":\"https:\/\/schema.org\",\"@graph\":[{\"@type\":\"WebPage\",\"@id\":\"https:\/\/antoniomoll.com\/it\/su-di-me\/\",\"url\":\"https:\/\/antoniomoll.com\/it\/su-di-me\/\",\"name\":\"SU DI ME - Antonio Moll - ITALIANO Biografia completa ed et\u00e0\",\"isPartOf\":{\"@id\":\"https:\/\/antoniomoll.com\/it\/#website\"},\"datePublished\":\"2018-11-22T05:29:09+00:00\",\"dateModified\":\"2026-04-10T17:52:45+00:00\",\"description\":\"Biografia completa di Antonio Moll, autore di NeoRejuvenation e ideatore di Ho'oponopono Hou. Scopri la storia di Antonio Moll.\",\"breadcrumb\":{\"@id\":\"https:\/\/antoniomoll.com\/it\/su-di-me\/#breadcrumb\"},\"inLanguage\":\"it-IT\",\"potentialAction\":[{\"@type\":\"ReadAction\",\"target\":[\"https:\/\/antoniomoll.com\/it\/su-di-me\/\"]}]},{\"@type\":\"BreadcrumbList\",\"@id\":\"https:\/\/antoniomoll.com\/it\/su-di-me\/#breadcrumb\",\"itemListElement\":[{\"@type\":\"ListItem\",\"position\":1,\"name\":\"Portada\",\"item\":\"https:\/\/antoniomoll.com\/it\/\"},{\"@type\":\"ListItem\",\"position\":2,\"name\":\"SU DI ME\"}]},{\"@type\":\"WebSite\",\"@id\":\"https:\/\/antoniomoll.com\/it\/#website\",\"url\":\"https:\/\/antoniomoll.com\/it\/\",\"name\":\"Antonio Moll - ITALIANO\",\"description\":\"Sito web ufficiale di Antonio Moll, fondatore di NEOREJUVENATION\",\"publisher\":{\"@id\":\"https:\/\/antoniomoll.com\/it\/#\/schema\/person\/1aaf79d79909f6ae144a533565ec2ba9\"},\"potentialAction\":[{\"@type\":\"SearchAction\",\"target\":{\"@type\":\"EntryPoint\",\"urlTemplate\":\"https:\/\/antoniomoll.com\/it\/?s={search_term_string}\"},\"query-input\":\"required name=search_term_string\"}],\"inLanguage\":\"it-IT\"},{\"@type\":[\"Person\",\"Organization\"],\"@id\":\"https:\/\/antoniomoll.com\/it\/#\/schema\/person\/1aaf79d79909f6ae144a533565ec2ba9\",\"name\":\"Antonio Moll\",\"image\":{\"@type\":\"ImageObject\",\"inLanguage\":\"it-IT\",\"@id\":\"https:\/\/antoniomoll.com\/it\/#\/schema\/person\/image\/\",\"url\":\"https:\/\/antoniomoll.com\/it\/wp-content\/uploads\/2018\/11\/favicon_AM.png\",\"contentUrl\":\"https:\/\/antoniomoll.com\/it\/wp-content\/uploads\/2018\/11\/favicon_AM.png\",\"width\":512,\"height\":512,\"caption\":\"Antonio Moll\"},\"logo\":{\"@id\":\"https:\/\/antoniomoll.com\/it\/#\/schema\/person\/image\/\"}}]}<\/script>\n<!-- \/ Yoast SEO plugin. -->","yoast_head_json":{"title":"SU DI ME - Antonio Moll - ITALIANO Biografia completa ed et\u00e0","description":"Biografia completa di Antonio Moll, autore di NeoRejuvenation e ideatore di Ho'oponopono Hou. Scopri la storia di Antonio Moll.","robots":{"index":"index","follow":"follow","max-snippet":"max-snippet:-1","max-image-preview":"max-image-preview:large","max-video-preview":"max-video-preview:-1"},"canonical":"https:\/\/antoniomoll.com\/it\/su-di-me\/","og_locale":"it_IT","og_type":"article","og_title":"SU DI ME - Antonio Moll - ITALIANO Biografia completa ed et\u00e0","og_description":"Biografia completa di Antonio Moll, autore di NeoRejuvenation e ideatore di Ho'oponopono Hou. Scopri la storia di Antonio Moll.","og_url":"https:\/\/antoniomoll.com\/it\/su-di-me\/","og_site_name":"Antonio Moll - ITALIANO","article_modified_time":"2026-04-10T17:52:45+00:00","twitter_card":"summary_large_image","twitter_misc":{"Tempo di lettura stimato":"4 minuti"},"schema":{"@context":"https:\/\/schema.org","@graph":[{"@type":"WebPage","@id":"https:\/\/antoniomoll.com\/it\/su-di-me\/","url":"https:\/\/antoniomoll.com\/it\/su-di-me\/","name":"SU DI ME - Antonio Moll - ITALIANO Biografia completa ed et\u00e0","isPartOf":{"@id":"https:\/\/antoniomoll.com\/it\/#website"},"datePublished":"2018-11-22T05:29:09+00:00","dateModified":"2026-04-10T17:52:45+00:00","description":"Biografia completa di Antonio Moll, autore di NeoRejuvenation e ideatore di Ho'oponopono Hou. Scopri la storia di Antonio Moll.","breadcrumb":{"@id":"https:\/\/antoniomoll.com\/it\/su-di-me\/#breadcrumb"},"inLanguage":"it-IT","potentialAction":[{"@type":"ReadAction","target":["https:\/\/antoniomoll.com\/it\/su-di-me\/"]}]},{"@type":"BreadcrumbList","@id":"https:\/\/antoniomoll.com\/it\/su-di-me\/#breadcrumb","itemListElement":[{"@type":"ListItem","position":1,"name":"Portada","item":"https:\/\/antoniomoll.com\/it\/"},{"@type":"ListItem","position":2,"name":"SU DI ME"}]},{"@type":"WebSite","@id":"https:\/\/antoniomoll.com\/it\/#website","url":"https:\/\/antoniomoll.com\/it\/","name":"Antonio Moll - ITALIANO","description":"Sito web ufficiale di Antonio Moll, fondatore di NEOREJUVENATION","publisher":{"@id":"https:\/\/antoniomoll.com\/it\/#\/schema\/person\/1aaf79d79909f6ae144a533565ec2ba9"},"potentialAction":[{"@type":"SearchAction","target":{"@type":"EntryPoint","urlTemplate":"https:\/\/antoniomoll.com\/it\/?s={search_term_string}"},"query-input":"required name=search_term_string"}],"inLanguage":"it-IT"},{"@type":["Person","Organization"],"@id":"https:\/\/antoniomoll.com\/it\/#\/schema\/person\/1aaf79d79909f6ae144a533565ec2ba9","name":"Antonio Moll","image":{"@type":"ImageObject","inLanguage":"it-IT","@id":"https:\/\/antoniomoll.com\/it\/#\/schema\/person\/image\/","url":"https:\/\/antoniomoll.com\/it\/wp-content\/uploads\/2018\/11\/favicon_AM.png","contentUrl":"https:\/\/antoniomoll.com\/it\/wp-content\/uploads\/2018\/11\/favicon_AM.png","width":512,"height":512,"caption":"Antonio Moll"},"logo":{"@id":"https:\/\/antoniomoll.com\/it\/#\/schema\/person\/image\/"}}]}},"_links":{"self":[{"href":"https:\/\/antoniomoll.com\/it\/wp-json\/wp\/v2\/pages\/261"}],"collection":[{"href":"https:\/\/antoniomoll.com\/it\/wp-json\/wp\/v2\/pages"}],"about":[{"href":"https:\/\/antoniomoll.com\/it\/wp-json\/wp\/v2\/types\/page"}],"author":[{"embeddable":true,"href":"https:\/\/antoniomoll.com\/it\/wp-json\/wp\/v2\/users\/1"}],"replies":[{"embeddable":true,"href":"https:\/\/antoniomoll.com\/it\/wp-json\/wp\/v2\/comments?post=261"}],"version-history":[{"count":116,"href":"https:\/\/antoniomoll.com\/it\/wp-json\/wp\/v2\/pages\/261\/revisions"}],"predecessor-version":[{"id":3670,"href":"https:\/\/antoniomoll.com\/it\/wp-json\/wp\/v2\/pages\/261\/revisions\/3670"}],"wp:attachment":[{"href":"https:\/\/antoniomoll.com\/it\/wp-json\/wp\/v2\/media?parent=261"}],"curies":[{"name":"wp","href":"https:\/\/api.w.org\/{rel}","templated":true}]}}