{"id":3539,"date":"2023-08-04T15:14:51","date_gmt":"2023-08-04T15:14:51","guid":{"rendered":"https:\/\/antoniomoll.com\/fr\/?page_id=3539"},"modified":"2023-08-04T15:14:53","modified_gmt":"2023-08-04T15:14:53","slug":"politique-de-confidentialite-cookies","status":"publish","type":"page","link":"https:\/\/antoniomoll.com\/fr\/politique-de-confidentialite-cookies\/","title":{"rendered":"\u00a0<a href=\"https:\/\/fr.neorejuvenation.com\/politique-de-confidentialite-cookies\/\">POLITIQUE DE CONFIDENTIALIT\u00c9 \/ COOKIES<\/a>"},"content":{"rendered":"\n<p>1. LES INFORMATIONS QUE NOUS RECUEILLONS<\/p>\n\n\n\n<p>A. Informations que vous fournissez<\/p>\n\n\n\n<p>Nous recevons les informations personnelles que vous fournissez pour utiliser les services. &nbsp;\u00bb Informations personnelles &nbsp;\u00bb : les informations que vous nous fournissez ou les informations que nous recueillons aupr\u00e8s de vous et qui peuvent \u00eatre utilis\u00e9es pour vous identifier personnellement. Pour \u00eatre clair, bien que nous ne recueillions pas n\u00e9cessairement tous les types d\u2019informations suivants, nous consid\u00e9rons au moins les \u00e9l\u00e9ments suivants comme des \u00ab&nbsp;informations personnelles&nbsp;\u00bb s\u2019ils ne sont pas publics et peuvent \u00eatre utilis\u00e9s pour vous identifier :<\/p>\n\n\n\n<p>Pour les titulaires de comptes de messagerie et les abonn\u00e9s \u00e0 la newsletter, nous pouvons demander et stocker votre nom, votre adresse \u00e9lectronique, votre ville\/pays et un mot de passe \u00e0 utiliser pour configurer les param\u00e8tres de votre compte et utiliser les services.<\/p>\n\n\n\n<p>B. Informations collect\u00e9es automatiquement<br>Nous recueillons \u00e9galement certaines informations de mani\u00e8re automatique lorsque vous interagissez avec les services (\u00ab&nbsp;Informations sur l\u2019utilisation&nbsp;\u00bb). Ces informations comprennent les \u00e9l\u00e9ments suivants :<\/p>\n\n\n\n<p>Votre type de navigateur et votre syst\u00e8me d\u2019exploitation<br>Votre adresse IP (Internet Protocol), qui est le num\u00e9ro automatiquement attribu\u00e9 \u00e0 votre ordinateur lorsque vous acc\u00e9dez \u00e0 l\u2019internet et qui peut \u00eatre utilis\u00e9 pour d\u00e9terminer votre position g\u00e9ographique g\u00e9n\u00e9rale.<br>Les sites que vous avez visit\u00e9s avant et apr\u00e8s avoir utilis\u00e9 les services.<br>Les pages que vous consultez et les liens sur lesquels vous cliquez sur les services.<br>Informations recueillies par le biais de cookies, de balises web et d\u2019autres technologies.<\/p>\n\n\n\n<p>Informations sur le journal du serveur par d\u00e9faut<br>Nous pouvons utiliser des cookies, des balises pixel et d\u2019autres technologies pour collecter automatiquement des informations sur l\u2019utilisation. Les cookies sont de petits \u00e9l\u00e9ments d\u2019information stock\u00e9s sur votre appareil. La fa\u00e7on dont vous configurez les param\u00e8tres de votre navigateur d\u00e9termine si et comment votre appareil accepte les cookies. Si les param\u00e8tres de votre navigateur rejettent les cookies, il se peut que vous ne puissiez pas utiliser certains produits, services ou fonctionnalit\u00e9s en ligne des services. Veuillez noter que les extensions de navigateur peuvent lire les donn\u00e9es des cookies. Pour les navigateurs des applications mobiles, l\u2019application mobile peut \u00e9galement lire les donn\u00e9es des cookies. Les donn\u00e9es relatives aux cookies sont transmises de mani\u00e8re s\u00e9curis\u00e9e dans le cadre de chaque requ\u00eate vers et depuis le serveur.<\/p>\n\n\n\n<p>Neorejuvenation utilise des cookies pour stocker temporairement des donn\u00e9es pendant l\u2019enregistrement du compte et les sessions en ligne.<\/p>\n\n\n\n<p>Les balises pixel, les pixels invisibles ou les GIF transparents sont de tr\u00e8s petites images ou de petites donn\u00e9es int\u00e9gr\u00e9es dans des images. Cela nous aide \u00e0 comprendre comment les utilisateurs interagissent avec nous, par exemple en reconnaissant les cookies, en fournissant l\u2019heure et la date de consultation d\u2019une page, en fournissant une description de la page sur laquelle le pixel tag est plac\u00e9 et en g\u00e9n\u00e9rant des informations similaires \u00e0 partir de votre ordinateur ou appareil. Neorejuvenation peut utiliser des balises pixel pour d\u00e9terminer si les messages \u00e9lectroniques ont \u00e9t\u00e9 ouverts.<\/p>\n\n\n\n<p>2. L\u2019UTILISATION DES INFORMATIONS<br>Nous utilisons les informations que nous recueillons par le biais des services \u00e0 des fins diverses, notamment les suivantes :<\/p>\n\n\n\n<p>vous fournir les produits, services, lettres d\u2019information, informations et promotions demand\u00e9s.<br>adapter et personnaliser votre utilisation des services<br>Vous contacter par courrier \u00e9lectronique et par d\u2019autres moyens au sujet de produits, de services et d\u2019\u00e9v\u00e9nements qui, selon nous, pourraient vous int\u00e9resser, et r\u00e9pondre \u00e0 vos communications avec nous.<br>Vous contacter pour des enqu\u00eates, des avis juridiques et d\u2019autres informations li\u00e9es \u00e0 votre utilisation des services.<br>Maintenir ou administrer les services, effectuer des analyses commerciales ou des analyses des avantages, ou am\u00e9liorer nos produits et services.<br>D\u00e9tecter, enqu\u00eater et pr\u00e9venir les activit\u00e9s qui peuvent violer nos politiques ou qui peuvent \u00eatre frauduleuses ou ill\u00e9gales.<br>Pour atteindre d\u2019autres objectifs qui vous sont d\u00e9crits au moment de la collecte ou conform\u00e9ment \u00e0 votre consentement.<\/p>\n\n\n\n<p>3. PARTAGE D\u2019INFORMATIONS ET COOKIES<br>Nous ne partageons pas vos informations personnelles avec des tiers sans votre consentement, sauf dans les circonstances suivantes ou comme d\u00e9crit dans la pr\u00e9sente politique de confidentialit\u00e9 :<\/p>\n\n\n\n<p>Avec les prestataires de services : nous partageons vos informations avec nos prestataires de services qui ex\u00e9cutent certaines fonctions ou certains services en notre nom, comme l\u2019h\u00e9bergement des Services, la gestion des bases de donn\u00e9es, l\u2019ex\u00e9cution d\u2019analyses, la cr\u00e9ation et l\u2019affichage de contenu vid\u00e9o, et l\u2019envoi de communications et de bulletins d\u2019information . Neorejuvenation utilise des services d\u2019identit\u00e9, de publicit\u00e9 et d\u2019analyse. Les services d\u2019identit\u00e9 sont utilis\u00e9s pour identifier, authentifier et valider les visiteurs du site web par le biais de services de compte et d\u2019abonnement. La publicit\u00e9 peut \u00eatre utilis\u00e9e pour identifier et cibler les campagnes visant \u00e0 fournir nos services \u00e0 des abonn\u00e9s potentiels. Les analyses sont utilis\u00e9es pour la d\u00e9couverte, l\u2019interpr\u00e9tation et la communication de mod\u00e8les significatifs par les utilisateurs de Neorejuvenation afin de nous aider \u00e0 prendre des d\u00e9cisions efficaces. Certains de nos fournisseurs de services actuels sont \u00e9num\u00e9r\u00e9s ci-dessous :<\/p>\n\n\n\n<p>Prestataires de services : Identit\u00e9<\/p>\n\n\n\n<p>Cognito Forms<br>Nous utilisons Cognito Forms pour recueillir les demandes de formulaires de courrier \u00e9lectronique.<\/p>\n\n\n\n<p>Google ReCaptcha \u2013 Confidentialit\u00e9, conditions d\u2019utilisation<\/p>\n\n\n\n<p>Nous utilisons Google reCaptcha pour prot\u00e9ger le site contre le spam et les abus.<\/p>\n\n\n\n<p>Prestataires de services \u2013 Publicit\u00e9<\/p>\n\n\n\n<p>Pixel Facebook<br>Neorejuvenation utilise le pixel Facebook pour mesurer les conversions entre sites, cr\u00e9er des audiences personnalis\u00e9es de visiteurs du site et personnaliser la publicit\u00e9 Facebook.<\/p>\n\n\n\n<p>Suivi de conversion Google<br>Pour suivre les ventes et autres conversions d\u2019annonces, Google Adwords place un cookie sur l\u2019ordinateur d\u2019un utilisateur lorsque celui-ci clique sur une annonce. Le cookie de suivi des conversions de Google peut \u00eatre d\u00e9sactiv\u00e9 dans les param\u00e8tres du navigateur Internet de l\u2019utilisateur. Le fournisseur de ces cookies est Google.<\/p>\n\n\n\n<p>Fournisseurs de services : analyse<\/p>\n\n\n\n<p>Google Analytics : confidentialit\u00e9, conditions, cookies, analyses<br>Neorejuvenation utilise Google Analytics pour surveiller le trafic et l\u2019utilisation du site web et pour agr\u00e9ger les mod\u00e8les de comportement du site web.<\/p>\n\n\n\n<p>Hotjar<br>Carte thermique pour analyser le comportement des utilisateurs sur diff\u00e9rentes pages web. Les cookies Hotjar collectent des informations de journal standard et des donn\u00e9es sur les habitudes des visiteurs sous une forme anonyme. Plus d\u2019informations : https:\/\/www.hotjar.com\/terms. Ils sont utilis\u00e9s pour mesurer l\u2019activit\u00e9 sur le web et cr\u00e9er des profils de navigation des utilisateurs afin d\u2019apporter des am\u00e9liorations bas\u00e9es sur l\u2019analyse des donn\u00e9es d\u2019utilisation des utilisateurs.<\/p>\n\n\n\n<p>Comment modifier vos param\u00e8tres de cookies.<\/p>\n\n\n\n<p>Vous pouvez restreindre, bloquer ou supprimer les cookies de ce site web ou de tout autre site web en utilisant votre navigateur. Chaque navigateur fonctionne diff\u00e9remment, la fonction \u00ab&nbsp;Aide&nbsp;\u00bb vous montrera comment proc\u00e9der.<\/p>\n\n\n\n<p>Internet Explorer : http:\/\/windows.microsoft.com\/es-xl\/internet-explorer\/deletemanagecookies#ie=&nbsp;\u00bbie-10 ?<\/p>\n\n\n\n<p>Firefox : http:\/\/support.mozilla.org\/es\/kb\/Delete%20cookies<\/p>\n\n\n\n<p>Chrome : http:\/\/support.google.com\/chrome\/answer\/95647?hl= \u00ab&nbsp;en&nbsp;\u00bb<\/p>\n\n\n\n<p>Safari : http:\/\/www.apple.com\/es\/privacy\/uso-de-cookies\/<\/p>\n\n\n\n<p>Pour se conformer \u00e0 la loi Nous pouvons utiliser vos informations personnelles lorsque nous pensons que cela est n\u00e9cessaire ou appropri\u00e9 pour nous conformer aux lois en vigueur, aux demandes l\u00e9gales et aux proc\u00e9dures judiciaires, par exemple pour r\u00e9pondre \u00e0 des citations \u00e0 compara\u00eetre ou \u00e0 des demandes des autorit\u00e9s gouvernementales.<\/p>\n\n\n\n<p>Pour des raisons de conformit\u00e9, de pr\u00e9vention des fraudes et de s\u00e9curit\u00e9, nous pouvons utiliser vos informations personnelles et les divulguer \u00e0 des autorit\u00e9s polici\u00e8res, gouvernementales et priv\u00e9es si nous le jugeons n\u00e9cessaire ou appropri\u00e9 pour : (a) prot\u00e9ger nos droits, vos droits ou les droits, la vie priv\u00e9e, la s\u00e9curit\u00e9 ou la propri\u00e9t\u00e9 d\u2019autrui (y compris en engageant et en d\u00e9fendant des actions en justice) ; (b) faire respecter les conditions g\u00e9n\u00e9rales r\u00e9gissant les services ; et (c) prot\u00e9ger, enqu\u00eater et pr\u00e9venir les activit\u00e9s frauduleuses, nuisibles, non autoris\u00e9es, non \u00e9thiques ou ill\u00e9gales.<\/p>\n\n\n\n<p>4. LIENS VERS D\u2019AUTRES SITES ET SERVICES<br>Les services contiennent des liens vers d\u2019autres sites Web ou services en ligne qui sont exploit\u00e9s et maintenus par des tiers et que Neorejuvenation ne contr\u00f4le pas et ne maintient pas. Ces liens ne constituent pas une approbation par Neorejuvenation de ces autres sites, de leur contenu ou des personnes ou entit\u00e9s qui y sont associ\u00e9es. La pr\u00e9sente politique de confidentialit\u00e9 ne s\u2019applique pas \u00e0 ce contenu externe. Nous vous encourageons \u00e0 consulter les politiques de confidentialit\u00e9 d\u2019autres sites web ou services.<\/p>\n\n\n\n<p>5. ANALYSE<br>Les fournisseurs de services que nous utilisons peuvent d\u00e9finir et lire leurs propres cookies et balises web ou utiliser le stockage local du navigateur et d\u2019autres technologies pour collecter des informations par le biais des services. Par exemple, nos fournisseurs peuvent utiliser ces technologies pour recueillir des informations qui (a) nous aident \u00e0 mesurer, rechercher et analyser le trafic et (b) sont utilis\u00e9es pour commercialiser sur nos Services et sur Internet et d\u2019autres applications adapt\u00e9es \u00e0 vos besoins. int\u00e9r\u00eats apparents. Les informations collect\u00e9es et stock\u00e9es par des tiers restent soumises \u00e0 leurs politiques et pratiques, notamment s\u2019ils continuent \u00e0 partager des informations avec nous, les types d\u2019informations partag\u00e9es et vos choix concernant ce que les autres voient sur les services de tiers. Nous fournissons des liens vers les politiques de confidentialit\u00e9 de divers tiers dans la pr\u00e9sente politique.<\/p>\n\n\n\n<p>Comme mentionn\u00e9 dans la liste des prestataires de services ci-dessus, nous utilisons Google Analytics. Google Analytics utilise des cookies et d\u2019autres technologies de suivi pour nous aider \u00e0 analyser la fa\u00e7on dont les utilisateurs interagissent avec le site Web et l\u2019utilisent, \u00e0 compiler des rapports sur l\u2019activit\u00e9 du site Web et \u00e0 fournir d\u2019autres services li\u00e9s \u00e0 l\u2019activit\u00e9 et \u00e0 l\u2019utilisation du site Web. Les technologies utilis\u00e9es par Google peuvent recueillir des informations telles que votre adresse IP, l\u2019heure de votre visite, si vous \u00eates un visiteur r\u00e9gulier et les sites Web de r\u00e9f\u00e9rence. Les informations g\u00e9n\u00e9r\u00e9es par Google Analytics seront transmises et stock\u00e9es par Google et seront soumises aux r\u00e8gles de confidentialit\u00e9 de Google. Si vous souhaitez exercer vos droits aupr\u00e8s de Google<\/p>\n\n\n\n<p>Analytics, veuillez consulter le site https:\/\/tools.google.com\/dlpage\/gaoptout ou t\u00e9l\u00e9charger le module compl\u00e9mentaire de navigateur pour la d\u00e9sactivation de Google Analytics.<\/p>\n\n\n\n<p>6. VOS CHOIX<br>Certains navigateurs web peuvent transmettre des signaux \u00ab&nbsp;do not track&nbsp;\u00bb aux sites web avec lesquels vous communiquez. Comme il n\u2019existe actuellement aucune norme industrielle concernant ce que les sites web doivent faire lorsqu\u2019ils re\u00e7oivent ces signaux, Neorejuvenation n\u2019agit pas actuellement en r\u00e9ponse \u00e0 ces signaux. Pour plus d\u2019informations sur le principe du \u00ab&nbsp;do not track&nbsp;\u00bb, consultez le site http:\/\/www.allaboutdnt.com.<\/p>\n\n\n\n<p>Suppression de vos informations personnelles.<\/p>\n\n\n\n<p>Si vous souhaitez que nous supprimions vos informations personnelles, veuillez envoyer une demande \u00e0 soporte@neorejuvenation.com. Nous pouvons vous demander des informations sp\u00e9cifiques pour nous aider \u00e0 confirmer votre identit\u00e9 et \u00e0 traiter votre demande.<\/p>\n\n\n\n<p>Veuillez noter que si nous supprimons vos informations, nous ne serons pas en mesure de continuer \u00e0 vous fournir des services.<\/p>\n\n\n\n<p>7. S\u00c9CURIT\u00c9 DES DONN\u00c9ES<br>Nous nous effor\u00e7ons de mettre en \u0153uvre des proc\u00e9dures de s\u00e9curit\u00e9 raisonnables et appropri\u00e9es pour aider \u00e0 pr\u00e9venir la perte, l\u2019utilisation abusive ou l\u2019acc\u00e8s non autoris\u00e9, la divulgation, l\u2019alt\u00e9ration ou la destruction des informations personnelles.<\/p>\n\n\n\n<p>En raison des risques inh\u00e9rents \u00e0 toute transmission ou stockage de donn\u00e9es en ligne, nous ne pouvons pas et ne garantissons pas que vos informations personnelles seront s\u00e9curis\u00e9es \u00e0 100 %.<\/p>\n\n\n\n<p>Vous \u00eates responsable de la conservation du mot de passe de votre compte et de sa confidentialit\u00e9. Veuillez nous informer imm\u00e9diatement de toute utilisation non autoris\u00e9e de votre mot de passe ou de votre compte ou de toute autre violation de la s\u00e9curit\u00e9 en envoyant un courriel \u00e0 soporte@neorejuvenation.com.<\/p>\n\n\n\n<p>8. UTILISATEURS INTERNATIONAUX<br>Nous sommes bas\u00e9s aux \u00c9tats-Unis (U.S.) et avons des fournisseurs de services qui op\u00e8rent au niveau international. Par cons\u00e9quent, vos informations personnelles peuvent \u00eatre transf\u00e9r\u00e9es en dehors de votre \u00c9tat, province ou pays vers les \u00c9tats-Unis ou d\u2019autres endroits o\u00f9 les lois sur la protection de la vie priv\u00e9e peuvent ne pas \u00eatre aussi protectrices que celles de votre \u00c9tat, province ou pays.<\/p>\n\n\n\n<p>9. MISES \u00c0 JOUR DE LA POLITIQUE DE CONFIDENTIALIT\u00c9<br>Nous pouvons modifier la pr\u00e9sente politique de confidentialit\u00e9 \u00e0 tout moment en publiant les r\u00e9visions sur les services ou en fournissant un autre avis appropri\u00e9, comme la mise \u00e0 jour de ce document. Dans tous les cas, votre utilisation continue des services apr\u00e8s toute modification de la politique de confidentialit\u00e9 indique votre consentement \u00e0 la politique de confidentialit\u00e9 modifi\u00e9e.<\/p>\n\n\n\n<p>10. CONTACTEZ-NOUS<br>Si vous avez des questions ou des commentaires sur la pr\u00e9sente politique de confidentialit\u00e9 ou sur nos pratiques en la mati\u00e8re, veuillez nous contacter \u00e0 l\u2019adresse suivante :<\/p>\n\n\n\n<p>NEOREJUVENATION, LLC<br>7345 W SAND LAKE RD,<br>STE 210 BUREAU 8062<br>ORLANDO, FL 32819US<\/p>\n\n\n","protected":false},"excerpt":{"rendered":"<p>1. LES INFORMATIONS QUE NOUS RECUEILLONS A. Informations que vous fournissez Nous recevons les informations personnelles que vous fournissez pour utiliser les services. &nbsp;\u00bb Informations personnelles &nbsp;\u00bb : les informations que vous nous fournissez ou les informations que nous recueillons aupr\u00e8s de vous et qui peuvent \u00eatre utilis\u00e9es pour vous identifier personnellement. Pour \u00eatre clair, [&hellip;]<\/p>\n","protected":false},"author":1,"featured_media":0,"parent":0,"menu_order":0,"comment_status":"closed","ping_status":"closed","template":"","meta":{"_et_pb_use_builder":"","_et_pb_old_content":"","_et_gb_content_width":"","footnotes":""},"yoast_head":"<!-- This site is optimized with the Yoast SEO plugin v21.1 - https:\/\/yoast.com\/wordpress\/plugins\/seo\/ -->\n<title>\u00a0POLITIQUE DE CONFIDENTIALIT\u00c9 \/ COOKIES - Antonio Moll<\/title>\n<meta name=\"robots\" content=\"index, follow, max-snippet:-1, max-image-preview:large, max-video-preview:-1\" \/>\n<link rel=\"canonical\" href=\"https:\/\/antoniomoll.com\/fr\/politique-de-confidentialite-cookies\/\" \/>\n<meta property=\"og:locale\" content=\"es_ES\" \/>\n<meta property=\"og:type\" content=\"article\" \/>\n<meta property=\"og:title\" content=\"\u00a0POLITIQUE DE CONFIDENTIALIT\u00c9 \/ COOKIES - Antonio Moll\" \/>\n<meta property=\"og:description\" content=\"1. LES INFORMATIONS QUE NOUS RECUEILLONS A. Informations que vous fournissez Nous recevons les informations personnelles que vous fournissez pour utiliser les services. &nbsp;\u00bb Informations personnelles &nbsp;\u00bb : les informations que vous nous fournissez ou les informations que nous recueillons aupr\u00e8s de vous et qui peuvent \u00eatre utilis\u00e9es pour vous identifier personnellement. Pour \u00eatre clair, [&hellip;]\" \/>\n<meta property=\"og:url\" content=\"https:\/\/antoniomoll.com\/fr\/politique-de-confidentialite-cookies\/\" \/>\n<meta property=\"og:site_name\" content=\"Antonio Moll\" \/>\n<meta property=\"article:modified_time\" content=\"2023-08-04T15:14:53+00:00\" \/>\n<meta name=\"twitter:card\" content=\"summary_large_image\" \/>\n<meta name=\"twitter:label1\" content=\"Tiempo de lectura\" \/>\n\t<meta name=\"twitter:data1\" content=\"10 minutos\" \/>\n<script type=\"application\/ld+json\" class=\"yoast-schema-graph\">{\"@context\":\"https:\/\/schema.org\",\"@graph\":[{\"@type\":\"WebPage\",\"@id\":\"https:\/\/antoniomoll.com\/fr\/politique-de-confidentialite-cookies\/\",\"url\":\"https:\/\/antoniomoll.com\/fr\/politique-de-confidentialite-cookies\/\",\"name\":\"\u00a0POLITIQUE DE CONFIDENTIALIT\u00c9 \/ COOKIES - Antonio Moll\",\"isPartOf\":{\"@id\":\"https:\/\/antoniomoll.com\/fr\/#website\"},\"datePublished\":\"2023-08-04T15:14:51+00:00\",\"dateModified\":\"2023-08-04T15:14:53+00:00\",\"breadcrumb\":{\"@id\":\"https:\/\/antoniomoll.com\/fr\/politique-de-confidentialite-cookies\/#breadcrumb\"},\"inLanguage\":\"es\",\"potentialAction\":[{\"@type\":\"ReadAction\",\"target\":[\"https:\/\/antoniomoll.com\/fr\/politique-de-confidentialite-cookies\/\"]}]},{\"@type\":\"BreadcrumbList\",\"@id\":\"https:\/\/antoniomoll.com\/fr\/politique-de-confidentialite-cookies\/#breadcrumb\",\"itemListElement\":[{\"@type\":\"ListItem\",\"position\":1,\"name\":\"Portada\",\"item\":\"https:\/\/antoniomoll.com\/fr\/\"},{\"@type\":\"ListItem\",\"position\":2,\"name\":\"\u00a0POLITIQUE DE CONFIDENTIALIT\u00c9 \/ COOKIES\"}]},{\"@type\":\"WebSite\",\"@id\":\"https:\/\/antoniomoll.com\/fr\/#website\",\"url\":\"https:\/\/antoniomoll.com\/fr\/\",\"name\":\"Antonio Moll\",\"description\":\"Sitio Oficial de Antonio Moll, Fundador de NeoRejuvenation\",\"publisher\":{\"@id\":\"https:\/\/antoniomoll.com\/fr\/#\/schema\/person\/21c4b111d3a826e276c1d6c3244a89e1\"},\"potentialAction\":[{\"@type\":\"SearchAction\",\"target\":{\"@type\":\"EntryPoint\",\"urlTemplate\":\"https:\/\/antoniomoll.com\/fr\/?s={search_term_string}\"},\"query-input\":\"required name=search_term_string\"}],\"inLanguage\":\"es\"},{\"@type\":[\"Person\",\"Organization\"],\"@id\":\"https:\/\/antoniomoll.com\/fr\/#\/schema\/person\/21c4b111d3a826e276c1d6c3244a89e1\",\"name\":\"Antonio Moll\",\"image\":{\"@type\":\"ImageObject\",\"inLanguage\":\"es\",\"@id\":\"https:\/\/antoniomoll.com\/fr\/#\/schema\/person\/image\/\",\"url\":\"https:\/\/antoniomoll.com\/fr\/wp-content\/uploads\/2018\/11\/favicon_AM.png\",\"contentUrl\":\"https:\/\/antoniomoll.com\/fr\/wp-content\/uploads\/2018\/11\/favicon_AM.png\",\"width\":512,\"height\":512,\"caption\":\"Antonio Moll\"},\"logo\":{\"@id\":\"https:\/\/antoniomoll.com\/fr\/#\/schema\/person\/image\/\"}}]}<\/script>\n<!-- \/ Yoast SEO plugin. -->","yoast_head_json":{"title":"\u00a0POLITIQUE DE CONFIDENTIALIT\u00c9 \/ COOKIES - Antonio Moll","robots":{"index":"index","follow":"follow","max-snippet":"max-snippet:-1","max-image-preview":"max-image-preview:large","max-video-preview":"max-video-preview:-1"},"canonical":"https:\/\/antoniomoll.com\/fr\/politique-de-confidentialite-cookies\/","og_locale":"es_ES","og_type":"article","og_title":"\u00a0POLITIQUE DE CONFIDENTIALIT\u00c9 \/ COOKIES - Antonio Moll","og_description":"1. LES INFORMATIONS QUE NOUS RECUEILLONS A. Informations que vous fournissez Nous recevons les informations personnelles que vous fournissez pour utiliser les services. &nbsp;\u00bb Informations personnelles &nbsp;\u00bb : les informations que vous nous fournissez ou les informations que nous recueillons aupr\u00e8s de vous et qui peuvent \u00eatre utilis\u00e9es pour vous identifier personnellement. Pour \u00eatre clair, [&hellip;]","og_url":"https:\/\/antoniomoll.com\/fr\/politique-de-confidentialite-cookies\/","og_site_name":"Antonio Moll","article_modified_time":"2023-08-04T15:14:53+00:00","twitter_card":"summary_large_image","twitter_misc":{"Tiempo de lectura":"10 minutos"},"schema":{"@context":"https:\/\/schema.org","@graph":[{"@type":"WebPage","@id":"https:\/\/antoniomoll.com\/fr\/politique-de-confidentialite-cookies\/","url":"https:\/\/antoniomoll.com\/fr\/politique-de-confidentialite-cookies\/","name":"\u00a0POLITIQUE DE CONFIDENTIALIT\u00c9 \/ COOKIES - Antonio Moll","isPartOf":{"@id":"https:\/\/antoniomoll.com\/fr\/#website"},"datePublished":"2023-08-04T15:14:51+00:00","dateModified":"2023-08-04T15:14:53+00:00","breadcrumb":{"@id":"https:\/\/antoniomoll.com\/fr\/politique-de-confidentialite-cookies\/#breadcrumb"},"inLanguage":"es","potentialAction":[{"@type":"ReadAction","target":["https:\/\/antoniomoll.com\/fr\/politique-de-confidentialite-cookies\/"]}]},{"@type":"BreadcrumbList","@id":"https:\/\/antoniomoll.com\/fr\/politique-de-confidentialite-cookies\/#breadcrumb","itemListElement":[{"@type":"ListItem","position":1,"name":"Portada","item":"https:\/\/antoniomoll.com\/fr\/"},{"@type":"ListItem","position":2,"name":"\u00a0POLITIQUE DE CONFIDENTIALIT\u00c9 \/ COOKIES"}]},{"@type":"WebSite","@id":"https:\/\/antoniomoll.com\/fr\/#website","url":"https:\/\/antoniomoll.com\/fr\/","name":"Antonio Moll","description":"Sitio Oficial de Antonio Moll, Fundador de NeoRejuvenation","publisher":{"@id":"https:\/\/antoniomoll.com\/fr\/#\/schema\/person\/21c4b111d3a826e276c1d6c3244a89e1"},"potentialAction":[{"@type":"SearchAction","target":{"@type":"EntryPoint","urlTemplate":"https:\/\/antoniomoll.com\/fr\/?s={search_term_string}"},"query-input":"required name=search_term_string"}],"inLanguage":"es"},{"@type":["Person","Organization"],"@id":"https:\/\/antoniomoll.com\/fr\/#\/schema\/person\/21c4b111d3a826e276c1d6c3244a89e1","name":"Antonio Moll","image":{"@type":"ImageObject","inLanguage":"es","@id":"https:\/\/antoniomoll.com\/fr\/#\/schema\/person\/image\/","url":"https:\/\/antoniomoll.com\/fr\/wp-content\/uploads\/2018\/11\/favicon_AM.png","contentUrl":"https:\/\/antoniomoll.com\/fr\/wp-content\/uploads\/2018\/11\/favicon_AM.png","width":512,"height":512,"caption":"Antonio Moll"},"logo":{"@id":"https:\/\/antoniomoll.com\/fr\/#\/schema\/person\/image\/"}}]}},"_links":{"self":[{"href":"https:\/\/antoniomoll.com\/fr\/wp-json\/wp\/v2\/pages\/3539"}],"collection":[{"href":"https:\/\/antoniomoll.com\/fr\/wp-json\/wp\/v2\/pages"}],"about":[{"href":"https:\/\/antoniomoll.com\/fr\/wp-json\/wp\/v2\/types\/page"}],"author":[{"embeddable":true,"href":"https:\/\/antoniomoll.com\/fr\/wp-json\/wp\/v2\/users\/1"}],"replies":[{"embeddable":true,"href":"https:\/\/antoniomoll.com\/fr\/wp-json\/wp\/v2\/comments?post=3539"}],"version-history":[{"count":1,"href":"https:\/\/antoniomoll.com\/fr\/wp-json\/wp\/v2\/pages\/3539\/revisions"}],"predecessor-version":[{"id":3540,"href":"https:\/\/antoniomoll.com\/fr\/wp-json\/wp\/v2\/pages\/3539\/revisions\/3540"}],"wp:attachment":[{"href":"https:\/\/antoniomoll.com\/fr\/wp-json\/wp\/v2\/media?parent=3539"}],"curies":[{"name":"wp","href":"https:\/\/api.w.org\/{rel}","templated":true}]}}