{"id":3537,"date":"2023-08-04T15:13:58","date_gmt":"2023-08-04T15:13:58","guid":{"rendered":"https:\/\/antoniomoll.com\/fr\/?page_id=3537"},"modified":"2023-08-04T15:14:00","modified_gmt":"2023-08-04T15:14:00","slug":"avis-legal-2","status":"publish","type":"page","link":"https:\/\/antoniomoll.com\/fr\/avis-legal-2\/","title":{"rendered":"AVIS L\u00c9GAL"},"content":{"rendered":"\n<p>Les d\u00e9tails d\u2019identification du propri\u00e9taire et de l\u2019op\u00e9rateur du site web www.neorejuvenation.com et de tous les sous-domaines associ\u00e9s sont :<\/p>\n\n\n\n<p>NEOREJUVENATION, LLC<br>7345 W SAND LAKE RD,<br>STE 210 BUREAU 8062<br>ORLANDO, FL 32819 US<\/p>\n\n\n\n<p>Nous vous informons que le site web https:\/\/fr.neorejuvenation.com et tous les sous-domaines associ\u00e9s sont destin\u00e9s \u00e0 fournir \u00e0 l\u2019Utilisateur une connaissance des activit\u00e9s de NEOREJUVENATION et des produits et services qu\u2019elle propose. Les informations relatives aux produits et services propos\u00e9s sur les pages de ce site web (contrat, caract\u00e9ristiques, r\u00e9f\u00e9rences de prix, etc.) apparaissent sur la m\u00eame page o\u00f9 le produit ou le service est propos\u00e9. Voir la section sur les conditions d\u2019utilisation et les contrats.<\/p>\n\n\n\n<p>NEOREJUVENATION se r\u00e9serve le droit de modifier la politique de confidentialit\u00e9 sans pr\u00e9avis afin de la maintenir en conformit\u00e9 avec la l\u00e9gislation en vigueur.<\/p>\n\n\n\n<p>PROPRI\u00c9T\u00c9 INTELLECTUELLE ET INDUSTRIELLE<\/p>\n\n\n\n<p>Tous les signes distinctifs, logos, marques, noms commerciaux, contenu, structure, design et son code source, forme de pr\u00e9sentation des \u00e9l\u00e9ments et toute autre information qui apparaissent sur le site https:\/\/fr.neorejuvenation.com et tous les sous-domaines associ\u00e9s sont la propri\u00e9t\u00e9 de NEOREJUVENATION ou de leurs propri\u00e9taires respectifs, et sont prot\u00e9g\u00e9s par les droits de propri\u00e9t\u00e9 intellectuelle et industrielle. La reproduction, la transformation, la distribution, la communication publique et, en g\u00e9n\u00e9ral, toute autre forme d\u2019exploitation de ces \u00e9l\u00e9ments sans l\u2019autorisation expresse de NEOREJUVENATION est interdite.<\/p>\n\n\n","protected":false},"excerpt":{"rendered":"<p>Les d\u00e9tails d\u2019identification du propri\u00e9taire et de l\u2019op\u00e9rateur du site web www.neorejuvenation.com et de tous les sous-domaines associ\u00e9s sont : NEOREJUVENATION, LLC7345 W SAND LAKE RD,STE 210 BUREAU 8062ORLANDO, FL 32819 US Nous vous informons que le site web https:\/\/fr.neorejuvenation.com et tous les sous-domaines associ\u00e9s sont destin\u00e9s \u00e0 fournir \u00e0 l\u2019Utilisateur une connaissance des activit\u00e9s [&hellip;]<\/p>\n","protected":false},"author":1,"featured_media":0,"parent":0,"menu_order":0,"comment_status":"closed","ping_status":"closed","template":"","meta":{"_et_pb_use_builder":"","_et_pb_old_content":"","_et_gb_content_width":"","footnotes":""},"yoast_head":"<!-- This site is optimized with the Yoast SEO plugin v21.1 - https:\/\/yoast.com\/wordpress\/plugins\/seo\/ -->\n<title>AVIS L\u00c9GAL - Antonio Moll<\/title>\n<meta name=\"robots\" content=\"index, follow, max-snippet:-1, max-image-preview:large, max-video-preview:-1\" \/>\n<link rel=\"canonical\" href=\"https:\/\/antoniomoll.com\/fr\/avis-legal-2\/\" \/>\n<meta property=\"og:locale\" content=\"es_ES\" \/>\n<meta property=\"og:type\" content=\"article\" \/>\n<meta property=\"og:title\" content=\"AVIS L\u00c9GAL - Antonio Moll\" \/>\n<meta property=\"og:description\" content=\"Les d\u00e9tails d\u2019identification du propri\u00e9taire et de l\u2019op\u00e9rateur du site web www.neorejuvenation.com et de tous les sous-domaines associ\u00e9s sont : NEOREJUVENATION, LLC7345 W SAND LAKE RD,STE 210 BUREAU 8062ORLANDO, FL 32819 US Nous vous informons que le site web https:\/\/fr.neorejuvenation.com et tous les sous-domaines associ\u00e9s sont destin\u00e9s \u00e0 fournir \u00e0 l\u2019Utilisateur une connaissance des activit\u00e9s [&hellip;]\" \/>\n<meta property=\"og:url\" content=\"https:\/\/antoniomoll.com\/fr\/avis-legal-2\/\" \/>\n<meta property=\"og:site_name\" content=\"Antonio Moll\" \/>\n<meta property=\"article:modified_time\" content=\"2023-08-04T15:14:00+00:00\" \/>\n<meta name=\"twitter:card\" content=\"summary_large_image\" \/>\n<meta name=\"twitter:label1\" content=\"Tiempo de lectura\" \/>\n\t<meta name=\"twitter:data1\" content=\"2 minutos\" \/>\n<script type=\"application\/ld+json\" class=\"yoast-schema-graph\">{\"@context\":\"https:\/\/schema.org\",\"@graph\":[{\"@type\":\"WebPage\",\"@id\":\"https:\/\/antoniomoll.com\/fr\/avis-legal-2\/\",\"url\":\"https:\/\/antoniomoll.com\/fr\/avis-legal-2\/\",\"name\":\"AVIS L\u00c9GAL - Antonio Moll\",\"isPartOf\":{\"@id\":\"https:\/\/antoniomoll.com\/fr\/#website\"},\"datePublished\":\"2023-08-04T15:13:58+00:00\",\"dateModified\":\"2023-08-04T15:14:00+00:00\",\"breadcrumb\":{\"@id\":\"https:\/\/antoniomoll.com\/fr\/avis-legal-2\/#breadcrumb\"},\"inLanguage\":\"es\",\"potentialAction\":[{\"@type\":\"ReadAction\",\"target\":[\"https:\/\/antoniomoll.com\/fr\/avis-legal-2\/\"]}]},{\"@type\":\"BreadcrumbList\",\"@id\":\"https:\/\/antoniomoll.com\/fr\/avis-legal-2\/#breadcrumb\",\"itemListElement\":[{\"@type\":\"ListItem\",\"position\":1,\"name\":\"Portada\",\"item\":\"https:\/\/antoniomoll.com\/fr\/\"},{\"@type\":\"ListItem\",\"position\":2,\"name\":\"AVIS L\u00c9GAL\"}]},{\"@type\":\"WebSite\",\"@id\":\"https:\/\/antoniomoll.com\/fr\/#website\",\"url\":\"https:\/\/antoniomoll.com\/fr\/\",\"name\":\"Antonio Moll\",\"description\":\"Sitio Oficial de Antonio Moll, Fundador de NeoRejuvenation\",\"publisher\":{\"@id\":\"https:\/\/antoniomoll.com\/fr\/#\/schema\/person\/21c4b111d3a826e276c1d6c3244a89e1\"},\"potentialAction\":[{\"@type\":\"SearchAction\",\"target\":{\"@type\":\"EntryPoint\",\"urlTemplate\":\"https:\/\/antoniomoll.com\/fr\/?s={search_term_string}\"},\"query-input\":\"required name=search_term_string\"}],\"inLanguage\":\"es\"},{\"@type\":[\"Person\",\"Organization\"],\"@id\":\"https:\/\/antoniomoll.com\/fr\/#\/schema\/person\/21c4b111d3a826e276c1d6c3244a89e1\",\"name\":\"Antonio Moll\",\"image\":{\"@type\":\"ImageObject\",\"inLanguage\":\"es\",\"@id\":\"https:\/\/antoniomoll.com\/fr\/#\/schema\/person\/image\/\",\"url\":\"https:\/\/antoniomoll.com\/fr\/wp-content\/uploads\/2018\/11\/favicon_AM.png\",\"contentUrl\":\"https:\/\/antoniomoll.com\/fr\/wp-content\/uploads\/2018\/11\/favicon_AM.png\",\"width\":512,\"height\":512,\"caption\":\"Antonio Moll\"},\"logo\":{\"@id\":\"https:\/\/antoniomoll.com\/fr\/#\/schema\/person\/image\/\"}}]}<\/script>\n<!-- \/ Yoast SEO plugin. -->","yoast_head_json":{"title":"AVIS L\u00c9GAL - Antonio Moll","robots":{"index":"index","follow":"follow","max-snippet":"max-snippet:-1","max-image-preview":"max-image-preview:large","max-video-preview":"max-video-preview:-1"},"canonical":"https:\/\/antoniomoll.com\/fr\/avis-legal-2\/","og_locale":"es_ES","og_type":"article","og_title":"AVIS L\u00c9GAL - Antonio Moll","og_description":"Les d\u00e9tails d\u2019identification du propri\u00e9taire et de l\u2019op\u00e9rateur du site web www.neorejuvenation.com et de tous les sous-domaines associ\u00e9s sont : NEOREJUVENATION, LLC7345 W SAND LAKE RD,STE 210 BUREAU 8062ORLANDO, FL 32819 US Nous vous informons que le site web https:\/\/fr.neorejuvenation.com et tous les sous-domaines associ\u00e9s sont destin\u00e9s \u00e0 fournir \u00e0 l\u2019Utilisateur une connaissance des activit\u00e9s [&hellip;]","og_url":"https:\/\/antoniomoll.com\/fr\/avis-legal-2\/","og_site_name":"Antonio Moll","article_modified_time":"2023-08-04T15:14:00+00:00","twitter_card":"summary_large_image","twitter_misc":{"Tiempo de lectura":"2 minutos"},"schema":{"@context":"https:\/\/schema.org","@graph":[{"@type":"WebPage","@id":"https:\/\/antoniomoll.com\/fr\/avis-legal-2\/","url":"https:\/\/antoniomoll.com\/fr\/avis-legal-2\/","name":"AVIS L\u00c9GAL - Antonio Moll","isPartOf":{"@id":"https:\/\/antoniomoll.com\/fr\/#website"},"datePublished":"2023-08-04T15:13:58+00:00","dateModified":"2023-08-04T15:14:00+00:00","breadcrumb":{"@id":"https:\/\/antoniomoll.com\/fr\/avis-legal-2\/#breadcrumb"},"inLanguage":"es","potentialAction":[{"@type":"ReadAction","target":["https:\/\/antoniomoll.com\/fr\/avis-legal-2\/"]}]},{"@type":"BreadcrumbList","@id":"https:\/\/antoniomoll.com\/fr\/avis-legal-2\/#breadcrumb","itemListElement":[{"@type":"ListItem","position":1,"name":"Portada","item":"https:\/\/antoniomoll.com\/fr\/"},{"@type":"ListItem","position":2,"name":"AVIS L\u00c9GAL"}]},{"@type":"WebSite","@id":"https:\/\/antoniomoll.com\/fr\/#website","url":"https:\/\/antoniomoll.com\/fr\/","name":"Antonio Moll","description":"Sitio Oficial de Antonio Moll, Fundador de NeoRejuvenation","publisher":{"@id":"https:\/\/antoniomoll.com\/fr\/#\/schema\/person\/21c4b111d3a826e276c1d6c3244a89e1"},"potentialAction":[{"@type":"SearchAction","target":{"@type":"EntryPoint","urlTemplate":"https:\/\/antoniomoll.com\/fr\/?s={search_term_string}"},"query-input":"required name=search_term_string"}],"inLanguage":"es"},{"@type":["Person","Organization"],"@id":"https:\/\/antoniomoll.com\/fr\/#\/schema\/person\/21c4b111d3a826e276c1d6c3244a89e1","name":"Antonio Moll","image":{"@type":"ImageObject","inLanguage":"es","@id":"https:\/\/antoniomoll.com\/fr\/#\/schema\/person\/image\/","url":"https:\/\/antoniomoll.com\/fr\/wp-content\/uploads\/2018\/11\/favicon_AM.png","contentUrl":"https:\/\/antoniomoll.com\/fr\/wp-content\/uploads\/2018\/11\/favicon_AM.png","width":512,"height":512,"caption":"Antonio Moll"},"logo":{"@id":"https:\/\/antoniomoll.com\/fr\/#\/schema\/person\/image\/"}}]}},"_links":{"self":[{"href":"https:\/\/antoniomoll.com\/fr\/wp-json\/wp\/v2\/pages\/3537"}],"collection":[{"href":"https:\/\/antoniomoll.com\/fr\/wp-json\/wp\/v2\/pages"}],"about":[{"href":"https:\/\/antoniomoll.com\/fr\/wp-json\/wp\/v2\/types\/page"}],"author":[{"embeddable":true,"href":"https:\/\/antoniomoll.com\/fr\/wp-json\/wp\/v2\/users\/1"}],"replies":[{"embeddable":true,"href":"https:\/\/antoniomoll.com\/fr\/wp-json\/wp\/v2\/comments?post=3537"}],"version-history":[{"count":1,"href":"https:\/\/antoniomoll.com\/fr\/wp-json\/wp\/v2\/pages\/3537\/revisions"}],"predecessor-version":[{"id":3538,"href":"https:\/\/antoniomoll.com\/fr\/wp-json\/wp\/v2\/pages\/3537\/revisions\/3538"}],"wp:attachment":[{"href":"https:\/\/antoniomoll.com\/fr\/wp-json\/wp\/v2\/media?parent=3537"}],"curies":[{"name":"wp","href":"https:\/\/api.w.org\/{rel}","templated":true}]}}