{"id":261,"date":"2018-11-22T05:29:09","date_gmt":"2018-11-22T05:29:09","guid":{"rendered":"https:\/\/antoniomoll.com\/fr\/?page_id=261"},"modified":"2026-03-14T10:39:11","modified_gmt":"2026-03-14T10:39:11","slug":"a-propos-de-moi","status":"publish","type":"page","link":"https:\/\/antoniomoll.com\/fr\/a-propos-de-moi\/","title":{"rendered":"A PROPOS DE MOI"},"content":{"rendered":"<p>[et_pb_section fb_built=\u00bb1&#8243; _builder_version=\u00bb4.16&#8243; custom_padding=\u00bb90px||80px||false|false\u00bb global_colors_info=\u00bb{}\u00bb][et_pb_row column_structure=\u00bb1_2,1_2&#8243; _builder_version=\u00bb4.16&#8243; custom_padding=\u00bb||0px|||\u00bb global_colors_info=\u00bb{}\u00bb][et_pb_column type=\u00bb1_2&#8243; _builder_version=\u00bb4.16&#8243; custom_padding=\u00bb|||\u00bb global_colors_info=\u00bb{}\u00bb custom_padding__hover=\u00bb|||\u00bb][et_pb_text admin_label=\u00bbTitle\u00bb _builder_version=\u00bb4.16&#8243; text_font=\u00bb||||\u00bb text_text_color=\u00bb#1a1a1a\u00bb header_font=\u00bbOswald|on||on|\u00bb header_text_align=\u00bbleft\u00bb header_font_size=\u00bb60px\u00bb header_line_height=\u00bb1.3em\u00bb max_width=\u00bb450px\u00bb custom_margin=\u00bb|||\u00bb custom_padding=\u00bb|||\u00bb animation_direction=\u00bbtop\u00bb locked=\u00bboff\u00bb global_colors_info=\u00bb{}\u00bb]<\/p>\n<h1>son histoire<\/h1>\n<p>[\/et_pb_text][et_pb_divider divider_position=\u00bbcenter\u00bb divider_weight=\u00bb3px\u00bb disabled_on=\u00bboff|off|off%22&#8243; _builder_version=\u00bb4.16&#8243; max_width=\u00bb150px\u00bb height=\u00bbfalse\u00bb custom_margin=\u00bb30px|||\u00bb animation_direction=\u00bbtop\u00bb locked=\u00bboff\u00bb global_colors_info=\u00bb{}\u00bb][\/et_pb_divider][et_pb_text _builder_version=\u00bb4.19.5&#8243; text_font=\u00bbRoboto||||\u00bb text_font_size=\u00bb16px\u00bb text_line_height=\u00bb1.9em\u00bb background_size=\u00bbinitial\u00bb background_position=\u00bbtop_left\u00bb background_repeat=\u00bbrepeat\u00bb max_width=\u00bb450px\u00bb custom_margin=\u00bb60|||\u00bb custom_padding=\u00bb||60px|\u00bb animation_direction=\u00bbtop\u00bb locked=\u00bboff\u00bb global_colors_info=\u00bb{}\u00bb]<\/p>\n<p class=\"font-claude-response-body break-words whitespace-normal leading-[1.7]\">Antonio Moll est n\u00e9 \u00e0 Madrid le 22 avril 1979, de racines italiennes. Il a 46 ans. <strong>Auteur<\/strong> et entrepreneur sans manuel, il a commenc\u00e9 \u00e0 20 ans \u00e0 construire des audiences en ligne quand personne ne savait vraiment ce qu&#8217;\u00e9tait internet. Il a \u00e9t\u00e9 pionnier dans plusieurs mod\u00e8les d&#8217;affaires en Espagne \u2014 de z\u00e9ro \u00e0 des millions d&#8217;utilisateurs en des temps qui semblaient alors impossibles.<\/p>\n<p class=\"font-claude-response-body break-words whitespace-normal leading-[1.7]\">En 2014 il a touch\u00e9 le fond. Ce qui est venu ensuite, personne ne l&#8217;a vu venir \u2014 lui y compris. Il a pass\u00e9 deux ans \u00e0 lire et \u00e0 se poser les questions que la plupart des gens \u00e9vitent toute leur vie. Cent livres. Litt\u00e9ralement cent livres. Et au bout de ce parcours il a eu l&#8217;id\u00e9e que seul quelqu&#8217;un peut avoir \u00e0 qui personne n&#8217;a jamais expliqu\u00e9 qu&#8217;il y a des choses qui ne se font pas : inviter les auteurs de ces livres sur une sc\u00e8ne \u2014 et tout voir en direct.<\/p>\n<p>[\/et_pb_text][\/et_pb_column][et_pb_column type=\u00bb1_2&#8243; _builder_version=\u00bb4.16&#8243; custom_padding=\u00bb|||\u00bb global_colors_info=\u00bb{}\u00bb custom_padding__hover=\u00bb|||\u00bb][et_pb_image src=\u00bbhttps:\/\/antoniomoll.com\/fr\/wp-content\/uploads\/2018\/11\/ANTONIO-MOLL-AUTOR.jpg\u00bb force_fullwidth=\u00bbon\u00bb align_tablet=\u00bbcenter\u00bb align_phone=\u00bb\u00bb align_last_edited=\u00bbon|desktop\u00bb _builder_version=\u00bb4.16&#8243; custom_margin=\u00bb|||\u00bb custom_margin_tablet=\u00bb-38px||||false|false\u00bb custom_margin_phone=\u00bb-80px||||false|false\u00bb custom_margin_last_edited=\u00bbon|phone\u00bb animation=\u00bbfade_in\u00bb global_colors_info=\u00bb{}\u00bb][\/et_pb_image][\/et_pb_column][\/et_pb_row][et_pb_row _builder_version=\u00bb4.16&#8243; background_size=\u00bbinitial\u00bb background_position=\u00bbtop_left\u00bb background_repeat=\u00bbrepeat\u00bb global_colors_info=\u00bb{}\u00bb][et_pb_column type=\u00bb4_4&#8243; _builder_version=\u00bb4.16&#8243; custom_padding=\u00bb|||\u00bb global_colors_info=\u00bb{}\u00bb custom_padding__hover=\u00bb|||\u00bb][et_pb_text _builder_version=\u00bb4.27.6&#8243; text_font=\u00bbRoboto||||||||\u00bb text_font_size=\u00bb16px\u00bb text_line_height=\u00bb1.9em\u00bb custom_margin=\u00bb-14px|||||\u00bb custom_padding=\u00bb13px|||||\u00bb animation_direction=\u00bbtop\u00bb global_colors_info=\u00bb{}\u00bb]<\/p>\n<p class=\"font-claude-response-body break-words whitespace-normal leading-[1.7]\">En 2017 et 2018, \u00e0 la stup\u00e9faction du secteur et contre toute attente, il a r\u00e9uni sans contacts pr\u00e9alables et depuis z\u00e9ro 26 auteurs bestsellers internationaux \u2014 parmi eux Daniel Goleman, Joe Dispenza, Gregg Braden, Marianne Williamson, Elizabeth Gilbert, Robin Sharma, Michael Beckwith, Joe Vitale et Bruce Lipton. Le plus grand \u00e9v\u00e9nement de d\u00e9veloppement personnel jamais organis\u00e9 en Europe. Deux \u00e9ditions. Deux villes. Malgr\u00e9 les difficult\u00e9s logistiques de derni\u00e8re minute, <a href=\"https:\/\/www.youtube.com\/@BeingOneForum\">Being One Forum<\/a> entre dans l&#8217;histoire.<\/p>\n<p class=\"font-claude-response-body break-words whitespace-normal leading-[1.7]\">En 2019 il a lanc\u00e9 sa carri\u00e8re de conf\u00e9rencier en solitaire, parcourant les sc\u00e8nes d&#8217;Am\u00e9rique et d&#8217;Europe. Plus de 20.000 participants cette ann\u00e9e-l\u00e0.<\/p>\n<p class=\"font-claude-response-body break-words whitespace-normal leading-[1.7]\">Tout son travail na\u00eet du m\u00eame endroit : l&#8217;observation, le bon sens, la biologie et les neurosciences comme cl\u00e9s pour comprendre pourquoi les \u00eatres humains font ce qu&#8217;ils font \u2014 et le neorejuvenation et la beaut\u00e9 comme expression ultime de ce dont le corps humain est capable.<\/p>\n<p class=\"font-claude-response-body break-words whitespace-normal leading-[1.7]\">En 2021 il a publi\u00e9 son premier livre, <em>Tu n&#8217;es pas le Probl\u00e8me, tu es la Solution. Ho&#8217;oponopono Hou<\/em>. La m\u00eame ann\u00e9e il a cr\u00e9\u00e9 <a href=\"https:\/\/neorejuvenation.com\/global\/\">NeoRejuvenation<\/a>, programme pionnier en <a href=\"https:\/\/neorejuvenation.com\/global\/\">neorejuvenation<\/a> humaine \u2014 plus de 50.000 lecteurs et \u00e9tudiants, en 6 langues, dans 60 pays, construit ind\u00e9pendamment de l&#8217;industrie \u00e9ditoriale.<\/p>\n<p class=\"font-claude-response-body break-words whitespace-normal leading-[1.7]\">Plus de 700.000 abonn\u00e9s. 50 millions de vues depuis 2022.<\/p>\n<p class=\"font-claude-response-body break-words whitespace-normal leading-[1.7]\">Mais s&#8217;il y a une chose qui le motive par-dessus tout, c&#8217;est la <strong>beaut\u00e9<\/strong>. Sans elle, rien de tout ceci n&#8217;existerait.<\/p>\n<p class=\"font-claude-response-body break-words whitespace-normal leading-[1.7]\">Maintenant vient nKosmos.<\/p>\n<p>[\/et_pb_text][et_pb_button button_url=\u00bbhttps:\/\/antoniomoll.com\/fr\/formation\u00bb button_text=\u00bbVOIR FORMATIONS\u00bb _builder_version=\u00bb4.19.5&#8243; custom_button=\u00bbon\u00bb button_text_color=\u00bb#000000&#8243; button_border_color=\u00bb#000000&#8243; button_border_radius=\u00bb3px\u00bb button_letter_spacing=\u00bb3px\u00bb button_font=\u00bbOswald||||||||\u00bb button_icon=\u00bb&#x24;||divi||400&#8243; custom_margin=\u00bb16px|||||\u00bb global_colors_info=\u00bb{}\u00bb][\/et_pb_button][\/et_pb_column][\/et_pb_row][\/et_pb_section][et_pb_section fb_built=\u00bb1&#8243; _builder_version=\u00bb4.16&#8243; global_colors_info=\u00bb{}\u00bb][et_pb_row _builder_version=\u00bb4.16&#8243; locked=\u00bboff\u00bb global_colors_info=\u00bb{}\u00bb][et_pb_column type=\u00bb4_4&#8243; _builder_version=\u00bb4.16&#8243; custom_padding=\u00bb|||\u00bb global_colors_info=\u00bb{}\u00bb custom_padding__hover=\u00bb|||\u00bb][et_pb_text admin_label=\u00bbTitle\u00bb _builder_version=\u00bb4.19.5&#8243; text_font=\u00bb||||\u00bb text_text_color=\u00bb#1a1a1a\u00bb header_font=\u00bbOswald|on||on|\u00bb header_text_align=\u00bbcenter\u00bb header_font_size=\u00bb60px\u00bb header_line_height=\u00bb1.3em\u00bb module_alignment=\u00bbcenter\u00bb custom_margin=\u00bb|||\u00bb custom_padding=\u00bb|||\u00bb animation_direction=\u00bbtop\u00bb locked=\u00bboff\u00bb global_colors_info=\u00bb{}\u00bb]<\/p>\n<h1>Suivez-moi sur les m\u00e9dias sociaux<\/h1>\n<p>[\/et_pb_text][et_pb_divider divider_position=\u00bbcenter\u00bb divider_weight=\u00bb3px\u00bb disabled_on=\u00bboff|off|off%22&#8243; _builder_version=\u00bb4.16&#8243; max_width=\u00bb150px\u00bb module_alignment=\u00bbcenter\u00bb height=\u00bbfalse\u00bb custom_margin=\u00bb30px|||\u00bb animation_direction=\u00bbtop\u00bb locked=\u00bboff\u00bb global_colors_info=\u00bb{}\u00bb][\/et_pb_divider][et_pb_text admin_label=\u00bbSub Title\u00bb _builder_version=\u00bb4.19.5&#8243; text_font=\u00bbRoboto||||\u00bb text_text_color=\u00bb#1a1a1a\u00bb text_font_size=\u00bb24px\u00bb text_line_height=\u00bb1.4em\u00bb background_size=\u00bbinitial\u00bb background_position=\u00bbtop_left\u00bb background_repeat=\u00bbrepeat\u00bb text_orientation=\u00bbcenter\u00bb max_width=\u00bb800px\u00bb module_alignment=\u00bbcenter\u00bb custom_margin=\u00bb|||\u00bb custom_padding=\u00bb30px|||\u00bb animation_direction=\u00bbtop\u00bb locked=\u00bboff\u00bb global_colors_info=\u00bb{}\u00bb]<\/p>\n<p>Vous pouvez suivre Antonio sur ses r\u00e9seaux sociaux.<\/p>\n<p>[\/et_pb_text][\/et_pb_column][\/et_pb_row][et_pb_row _builder_version=\u00bb4.16&#8243; global_colors_info=\u00bb{}\u00bb][et_pb_column type=\u00bb4_4&#8243; _builder_version=\u00bb4.16&#8243; global_colors_info=\u00bb{}\u00bb][et_pb_social_media_follow _builder_version=\u00bb4.16&#8243; custom_button=\u00bbon\u00bb text_orientation=\u00bbcenter\u00bb global_colors_info=\u00bb{}\u00bb][et_pb_social_media_follow_network social_network=\u00bbfacebook\u00bb url=\u00bbhttps:\/\/www.facebook.com\/AntonioMollBeingOne\/\u00bb _builder_version=\u00bb4.16&#8243; background_color=\u00bb#3b5998&#8243; global_colors_info=\u00bb{}\u00bb follow_button=\u00bboff\u00bb url_new_window=\u00bbon\u00bb]facebook[\/et_pb_social_media_follow_network][et_pb_social_media_follow_network social_network=\u00bbinstagram\u00bb url=\u00bbhttps:\/\/www.instagram.com\/antonio.moll.official\/\u00bb _builder_version=\u00bb4.16&#8243; background_color=\u00bb#ea2c59&#8243; global_colors_info=\u00bb{}\u00bb follow_button=\u00bboff\u00bb url_new_window=\u00bbon\u00bb]instagram[\/et_pb_social_media_follow_network][et_pb_social_media_follow_network social_network=\u00bblinkedin\u00bb url=\u00bbhttps:\/\/www.linkedin.com\/in\/antonio-moll-b35b4380\/\u00bb _builder_version=\u00bb4.16&#8243; background_color=\u00bb#007bb6&#8243; global_colors_info=\u00bb{}\u00bb follow_button=\u00bboff\u00bb url_new_window=\u00bbon\u00bb]linkedin[\/et_pb_social_media_follow_network][\/et_pb_social_media_follow][\/et_pb_column][\/et_pb_row][et_pb_row _builder_version=\u00bb4.16&#8243; global_colors_info=\u00bb{}\u00bb][et_pb_column type=\u00bb4_4&#8243; _builder_version=\u00bb4.16&#8243; global_colors_info=\u00bb{}\u00bb][\/et_pb_column][\/et_pb_row][et_pb_row column_structure=\u00bb1_3,1_3,1_3&#8243; _builder_version=\u00bb4.16&#8243; background_size=\u00bbinitial\u00bb background_position=\u00bbtop_left\u00bb background_repeat=\u00bbrepeat\u00bb global_colors_info=\u00bb{}\u00bb][et_pb_column type=\u00bb1_3&#8243; _builder_version=\u00bb4.16&#8243; custom_padding=\u00bb|||\u00bb global_colors_info=\u00bb{}\u00bb custom_padding__hover=\u00bb|||\u00bb][\/et_pb_column][et_pb_column type=\u00bb1_3&#8243; _builder_version=\u00bb4.16&#8243; custom_padding=\u00bb|||\u00bb global_colors_info=\u00bb{}\u00bb custom_padding__hover=\u00bb|||\u00bb][\/et_pb_column][et_pb_column type=\u00bb1_3&#8243; _builder_version=\u00bb4.16&#8243; custom_padding=\u00bb|||\u00bb global_colors_info=\u00bb{}\u00bb custom_padding__hover=\u00bb|||\u00bb][\/et_pb_column][\/et_pb_row][\/et_pb_section][et_pb_section fb_built=\u00bb1&#8243; _builder_version=\u00bb4.16&#8243; background_color=\u00bb#000000&#8243; global_colors_info=\u00bb{}\u00bb][et_pb_row _builder_version=\u00bb4.16&#8243; global_colors_info=\u00bb{}\u00bb][et_pb_column type=\u00bb4_4&#8243; _builder_version=\u00bb4.16&#8243; global_colors_info=\u00bb{}\u00bb][et_pb_text admin_label=\u00bbHero Sub Title\u00bb _builder_version=\u00bb4.19.5&#8243; text_font=\u00bbRoboto||||\u00bb text_font_size=\u00bb24px\u00bb text_line_height=\u00bb1.4em\u00bb background_size=\u00bbinitial\u00bb background_position=\u00bbtop_left\u00bb background_repeat=\u00bbrepeat\u00bb background_layout=\u00bbdark\u00bb max_width=\u00bb800px\u00bb custom_padding=\u00bb||||false|false\u00bb animation_direction=\u00bbtop\u00bb locked=\u00bboff\u00bb global_colors_info=\u00bb{}\u00bb]<\/p>\n<blockquote>\n<p style=\"text-align: left;\">\u00abLorsque vous vous connaissez et comprenez votre monde int\u00e9rieur, vous atteignez un degr\u00e9 de libert\u00e9 qui vous permet de g\u00e9rer vos pens\u00e9es, vos croyances et vos \u00e9motions. Vous devenez donc le \u00abpropri\u00e9taire\u00bb de votre pr\u00e9sent et de votre avenir. \u00c0 partir de cette libert\u00e9 d&#8217;abondance int\u00e9rieure, tout se transforme et vous trouvez des r\u00e9ponses et des solutions qui semblaient impossibles auparavant.\u00bb<\/p>\n<\/blockquote>\n<p>[\/et_pb_text][et_pb_text admin_label=\u00bbHero Sub Title\u00bb _builder_version=\u00bb4.16&#8243; text_font=\u00bbRoboto||||\u00bb text_font_size=\u00bb24px\u00bb text_line_height=\u00bb1.4em\u00bb background_size=\u00bbinitial\u00bb background_position=\u00bbtop_left\u00bb background_repeat=\u00bbrepeat\u00bb background_layout=\u00bbdark\u00bb max_width=\u00bb800px\u00bb custom_padding=\u00bb||||false|false\u00bb animation_direction=\u00bbtop\u00bb locked=\u00bboff\u00bb global_colors_info=\u00bb{}\u00bb]<em>&#8211; Antonio Moll.<\/em>[\/et_pb_text][\/et_pb_column][\/et_pb_row][\/et_pb_section]<\/p>\n","protected":false},"excerpt":{"rendered":"<p>son histoireAntonio Moll est n\u00e9 \u00e0 Madrid le 22 avril 1979, de racines italiennes. Il a 46 ans. Auteur et entrepreneur sans manuel, il a commenc\u00e9 \u00e0 20 ans \u00e0 construire des audiences en ligne quand personne ne savait vraiment ce qu&#8217;\u00e9tait internet. Il a \u00e9t\u00e9 pionnier dans plusieurs mod\u00e8les d&#8217;affaires en Espagne \u2014 de [&hellip;]<\/p>\n","protected":false},"author":1,"featured_media":0,"parent":0,"menu_order":0,"comment_status":"closed","ping_status":"closed","template":"","meta":{"_et_pb_use_builder":"on","_et_pb_old_content":"","_et_gb_content_width":"","footnotes":""},"yoast_head":"<!-- This site is optimized with the Yoast SEO plugin v21.1 - https:\/\/yoast.com\/wordpress\/plugins\/seo\/ -->\n<title>A PROPOS DE MOI - Antonio Moll Biographie compl\u00e8te et \u00e2ge<\/title>\n<meta name=\"description\" content=\"Biographie compl\u00e8te d&#039;Antonio Moll, auteur de NeoRejuvenation et cr\u00e9ateur de Ho&#039;oponopono Hou. D\u00e9couvrez l&#039;histoire d&#039;Antonio Moll.\" \/>\n<meta name=\"robots\" content=\"index, follow, max-snippet:-1, max-image-preview:large, max-video-preview:-1\" \/>\n<link rel=\"canonical\" href=\"https:\/\/antoniomoll.com\/fr\/a-propos-de-moi\/\" \/>\n<meta property=\"og:locale\" content=\"es_ES\" \/>\n<meta property=\"og:type\" content=\"article\" \/>\n<meta property=\"og:title\" content=\"A PROPOS DE MOI - Antonio Moll Biographie compl\u00e8te et \u00e2ge\" \/>\n<meta property=\"og:description\" content=\"Biographie compl\u00e8te d&#039;Antonio Moll, auteur de NeoRejuvenation et cr\u00e9ateur de Ho&#039;oponopono Hou. D\u00e9couvrez l&#039;histoire d&#039;Antonio Moll.\" \/>\n<meta property=\"og:url\" content=\"https:\/\/antoniomoll.com\/fr\/a-propos-de-moi\/\" \/>\n<meta property=\"og:site_name\" content=\"Antonio Moll\" \/>\n<meta property=\"article:modified_time\" content=\"2026-03-14T10:39:11+00:00\" \/>\n<meta name=\"twitter:card\" content=\"summary_large_image\" \/>\n<meta name=\"twitter:label1\" content=\"Tiempo de lectura\" \/>\n\t<meta name=\"twitter:data1\" content=\"5 minutos\" \/>\n<script type=\"application\/ld+json\" class=\"yoast-schema-graph\">{\"@context\":\"https:\/\/schema.org\",\"@graph\":[{\"@type\":\"WebPage\",\"@id\":\"https:\/\/antoniomoll.com\/fr\/a-propos-de-moi\/\",\"url\":\"https:\/\/antoniomoll.com\/fr\/a-propos-de-moi\/\",\"name\":\"A PROPOS DE MOI - Antonio Moll Biographie compl\u00e8te et \u00e2ge\",\"isPartOf\":{\"@id\":\"https:\/\/antoniomoll.com\/fr\/#website\"},\"datePublished\":\"2018-11-22T05:29:09+00:00\",\"dateModified\":\"2026-03-14T10:39:11+00:00\",\"description\":\"Biographie compl\u00e8te d'Antonio Moll, auteur de NeoRejuvenation et cr\u00e9ateur de Ho'oponopono Hou. D\u00e9couvrez l'histoire d'Antonio Moll.\",\"breadcrumb\":{\"@id\":\"https:\/\/antoniomoll.com\/fr\/a-propos-de-moi\/#breadcrumb\"},\"inLanguage\":\"es\",\"potentialAction\":[{\"@type\":\"ReadAction\",\"target\":[\"https:\/\/antoniomoll.com\/fr\/a-propos-de-moi\/\"]}]},{\"@type\":\"BreadcrumbList\",\"@id\":\"https:\/\/antoniomoll.com\/fr\/a-propos-de-moi\/#breadcrumb\",\"itemListElement\":[{\"@type\":\"ListItem\",\"position\":1,\"name\":\"Portada\",\"item\":\"https:\/\/antoniomoll.com\/fr\/\"},{\"@type\":\"ListItem\",\"position\":2,\"name\":\"A PROPOS DE MOI\"}]},{\"@type\":\"WebSite\",\"@id\":\"https:\/\/antoniomoll.com\/fr\/#website\",\"url\":\"https:\/\/antoniomoll.com\/fr\/\",\"name\":\"Antonio Moll\",\"description\":\"Sitio Oficial de Antonio Moll, Fundador de NeoRejuvenation\",\"publisher\":{\"@id\":\"https:\/\/antoniomoll.com\/fr\/#\/schema\/person\/21c4b111d3a826e276c1d6c3244a89e1\"},\"potentialAction\":[{\"@type\":\"SearchAction\",\"target\":{\"@type\":\"EntryPoint\",\"urlTemplate\":\"https:\/\/antoniomoll.com\/fr\/?s={search_term_string}\"},\"query-input\":\"required name=search_term_string\"}],\"inLanguage\":\"es\"},{\"@type\":[\"Person\",\"Organization\"],\"@id\":\"https:\/\/antoniomoll.com\/fr\/#\/schema\/person\/21c4b111d3a826e276c1d6c3244a89e1\",\"name\":\"Antonio Moll\",\"image\":{\"@type\":\"ImageObject\",\"inLanguage\":\"es\",\"@id\":\"https:\/\/antoniomoll.com\/fr\/#\/schema\/person\/image\/\",\"url\":\"https:\/\/antoniomoll.com\/fr\/wp-content\/uploads\/2018\/11\/favicon_AM.png\",\"contentUrl\":\"https:\/\/antoniomoll.com\/fr\/wp-content\/uploads\/2018\/11\/favicon_AM.png\",\"width\":512,\"height\":512,\"caption\":\"Antonio Moll\"},\"logo\":{\"@id\":\"https:\/\/antoniomoll.com\/fr\/#\/schema\/person\/image\/\"}}]}<\/script>\n<!-- \/ Yoast SEO plugin. -->","yoast_head_json":{"title":"A PROPOS DE MOI - Antonio Moll Biographie compl\u00e8te et \u00e2ge","description":"Biographie compl\u00e8te d'Antonio Moll, auteur de NeoRejuvenation et cr\u00e9ateur de Ho'oponopono Hou. D\u00e9couvrez l'histoire d'Antonio Moll.","robots":{"index":"index","follow":"follow","max-snippet":"max-snippet:-1","max-image-preview":"max-image-preview:large","max-video-preview":"max-video-preview:-1"},"canonical":"https:\/\/antoniomoll.com\/fr\/a-propos-de-moi\/","og_locale":"es_ES","og_type":"article","og_title":"A PROPOS DE MOI - Antonio Moll Biographie compl\u00e8te et \u00e2ge","og_description":"Biographie compl\u00e8te d'Antonio Moll, auteur de NeoRejuvenation et cr\u00e9ateur de Ho'oponopono Hou. D\u00e9couvrez l'histoire d'Antonio Moll.","og_url":"https:\/\/antoniomoll.com\/fr\/a-propos-de-moi\/","og_site_name":"Antonio Moll","article_modified_time":"2026-03-14T10:39:11+00:00","twitter_card":"summary_large_image","twitter_misc":{"Tiempo de lectura":"5 minutos"},"schema":{"@context":"https:\/\/schema.org","@graph":[{"@type":"WebPage","@id":"https:\/\/antoniomoll.com\/fr\/a-propos-de-moi\/","url":"https:\/\/antoniomoll.com\/fr\/a-propos-de-moi\/","name":"A PROPOS DE MOI - Antonio Moll Biographie compl\u00e8te et \u00e2ge","isPartOf":{"@id":"https:\/\/antoniomoll.com\/fr\/#website"},"datePublished":"2018-11-22T05:29:09+00:00","dateModified":"2026-03-14T10:39:11+00:00","description":"Biographie compl\u00e8te d'Antonio Moll, auteur de NeoRejuvenation et cr\u00e9ateur de Ho'oponopono Hou. D\u00e9couvrez l'histoire d'Antonio Moll.","breadcrumb":{"@id":"https:\/\/antoniomoll.com\/fr\/a-propos-de-moi\/#breadcrumb"},"inLanguage":"es","potentialAction":[{"@type":"ReadAction","target":["https:\/\/antoniomoll.com\/fr\/a-propos-de-moi\/"]}]},{"@type":"BreadcrumbList","@id":"https:\/\/antoniomoll.com\/fr\/a-propos-de-moi\/#breadcrumb","itemListElement":[{"@type":"ListItem","position":1,"name":"Portada","item":"https:\/\/antoniomoll.com\/fr\/"},{"@type":"ListItem","position":2,"name":"A PROPOS DE MOI"}]},{"@type":"WebSite","@id":"https:\/\/antoniomoll.com\/fr\/#website","url":"https:\/\/antoniomoll.com\/fr\/","name":"Antonio Moll","description":"Sitio Oficial de Antonio Moll, Fundador de NeoRejuvenation","publisher":{"@id":"https:\/\/antoniomoll.com\/fr\/#\/schema\/person\/21c4b111d3a826e276c1d6c3244a89e1"},"potentialAction":[{"@type":"SearchAction","target":{"@type":"EntryPoint","urlTemplate":"https:\/\/antoniomoll.com\/fr\/?s={search_term_string}"},"query-input":"required name=search_term_string"}],"inLanguage":"es"},{"@type":["Person","Organization"],"@id":"https:\/\/antoniomoll.com\/fr\/#\/schema\/person\/21c4b111d3a826e276c1d6c3244a89e1","name":"Antonio Moll","image":{"@type":"ImageObject","inLanguage":"es","@id":"https:\/\/antoniomoll.com\/fr\/#\/schema\/person\/image\/","url":"https:\/\/antoniomoll.com\/fr\/wp-content\/uploads\/2018\/11\/favicon_AM.png","contentUrl":"https:\/\/antoniomoll.com\/fr\/wp-content\/uploads\/2018\/11\/favicon_AM.png","width":512,"height":512,"caption":"Antonio Moll"},"logo":{"@id":"https:\/\/antoniomoll.com\/fr\/#\/schema\/person\/image\/"}}]}},"_links":{"self":[{"href":"https:\/\/antoniomoll.com\/fr\/wp-json\/wp\/v2\/pages\/261"}],"collection":[{"href":"https:\/\/antoniomoll.com\/fr\/wp-json\/wp\/v2\/pages"}],"about":[{"href":"https:\/\/antoniomoll.com\/fr\/wp-json\/wp\/v2\/types\/page"}],"author":[{"embeddable":true,"href":"https:\/\/antoniomoll.com\/fr\/wp-json\/wp\/v2\/users\/1"}],"replies":[{"embeddable":true,"href":"https:\/\/antoniomoll.com\/fr\/wp-json\/wp\/v2\/comments?post=261"}],"version-history":[{"count":115,"href":"https:\/\/antoniomoll.com\/fr\/wp-json\/wp\/v2\/pages\/261\/revisions"}],"predecessor-version":[{"id":3673,"href":"https:\/\/antoniomoll.com\/fr\/wp-json\/wp\/v2\/pages\/261\/revisions\/3673"}],"wp:attachment":[{"href":"https:\/\/antoniomoll.com\/fr\/wp-json\/wp\/v2\/media?parent=261"}],"curies":[{"name":"wp","href":"https:\/\/api.w.org\/{rel}","templated":true}]}}