{"id":2098,"date":"2020-12-27T20:22:44","date_gmt":"2020-12-27T20:22:44","guid":{"rendered":"https:\/\/antoniomoll.com\/fr\/?page_id=2098"},"modified":"2025-06-03T21:57:30","modified_gmt":"2025-06-03T21:57:30","slug":"rejuvenation","status":"publish","type":"page","link":"https:\/\/antoniomoll.com\/fr\/rejuvenation\/","title":{"rendered":"REJUVENATION"},"content":{"rendered":"<p>[et_pb_section fb_built=\u00bb1&#8243; admin_label=\u00bbAbout\u00bb _builder_version=\u00bb4.16&#8243; background_color_gradient_direction=\u00bb77deg\u00bb background_size=\u00bbinitial\u00bb background_position=\u00bbtop_center\u00bb custom_padding=\u00bb40px||0px|||\u00bb global_colors_info=\u00bb{}\u00bb][et_pb_row column_structure=\u00bb1_2,1_2&#8243; _builder_version=\u00bb4.16&#8243; global_colors_info=\u00bb{}\u00bb][et_pb_column type=\u00bb1_2&#8243; _builder_version=\u00bb4.16&#8243; custom_padding=\u00bb|||\u00bb global_colors_info=\u00bb{}\u00bb custom_padding__hover=\u00bb|||\u00bb][et_pb_image src=\u00bbhttps:\/\/antoniomoll.com\/fr\/wp-content\/uploads\/antonio-moll-neorejuvenation.png\u00bb align=\u00bbcenter\u00bb force_fullwidth=\u00bbon\u00bb _builder_version=\u00bb4.16&#8243; custom_margin=\u00bb-30px||||false|false\u00bb custom_margin_tablet=\u00bb-40px||||false|false\u00bb custom_margin_phone=\u00bb-50px||||false|false\u00bb custom_margin_last_edited=\u00bbon|phone\u00bb global_colors_info=\u00bb{}\u00bb][\/et_pb_image][\/et_pb_column][et_pb_column type=\u00bb1_2&#8243; _builder_version=\u00bb4.16&#8243; custom_padding=\u00bb|||\u00bb global_colors_info=\u00bb{}\u00bb custom_padding__hover=\u00bb|||\u00bb][et_pb_text _builder_version=\u00bb4.19.5&#8243; header_font=\u00bbOxygen||||||||\u00bb header_text_align=\u00bbjustify\u00bb header_text_color=\u00bb#3a1e8c\u00bb header_font_size=\u00bb50px\u00bb header_line_height=\u00bb1.5em\u00bb header_2_font=\u00bbOxygen||||||||\u00bb header_2_text_color=\u00bb#821096&#8243; header_2_font_size=\u00bb32px\u00bb header_2_line_height=\u00bb1.3em\u00bb header_3_font=\u00bbMontserrat|500|||||||\u00bb header_3_text_align=\u00bbcenter\u00bb header_3_text_color=\u00bb#171728&#8243; header_3_letter_spacing=\u00bb3px\u00bb header_3_line_height=\u00bb1.2em\u00bb custom_margin=\u00bb|||-12px||\u00bb header_font_tablet=\u00bbOswald||||||||\u00bb header_font_phone=\u00bbOswald||||||||\u00bb header_font_last_edited=\u00bbon|desktop\u00bb header_font_size_tablet=\u00bb\u00bb header_font_size_phone=\u00bb35px\u00bb header_font_size_last_edited=\u00bbon|phone\u00bb header_2_font_size_tablet=\u00bb32px\u00bb header_2_font_size_phone=\u00bb24px\u00bb header_2_font_size_last_edited=\u00bbon|desktop\u00bb header_2_letter_spacing_tablet=\u00bb0px\u00bb header_2_letter_spacing_phone=\u00bb0px\u00bb header_2_letter_spacing_last_edited=\u00bboff|tablet\u00bb header_3_font_size_tablet=\u00bb\u00bb header_3_font_size_phone=\u00bb19px\u00bb header_3_font_size_last_edited=\u00bbon|desktop\u00bb inline_fonts=\u00bbOswald,ABeeZee,Montserrat,Oxygen\u00bb global_colors_info=\u00bb{}\u00bb]<\/p>\n<h1 style=\"text-align: center;\"><span style=\"font-family: Oxygen; font-weight: normal;\"><strong><span style=\"color: rgba(131, 22, 150, 0.76);\"><span style=\"color: #7f0096;\"><span style=\"color: rgba(0, 0, 0, 0.86);\">Apprenez \u00e0<\/span><br \/>REJUVENER<\/span><\/span><\/strong><\/span><\/h1>\n<p><span style=\"font-family: Oxygen; font-weight: normal;\"><strong><span style=\"color: rgba(131, 22, 150, 0.76);\"><span style=\"color: #7f0096;\"><\/span><\/span><\/strong><\/span><\/p>\n<p>[\/et_pb_text][et_pb_text _builder_version=\u00bb4.19.5&#8243; text_font=\u00bbSource Sans Pro||||||||\u00bb text_font_size=\u00bb18px\u00bb text_line_height=\u00bb1.9em\u00bb transform_scale_tablet=\u00bb\u00bb transform_scale_phone=\u00bb\u00bb transform_scale_last_edited=\u00bbon|desktop\u00bb transform_translate_tablet=\u00bb\u00bb transform_translate_phone=\u00bb\u00bb transform_translate_last_edited=\u00bbon|desktop\u00bb transform_rotate_tablet=\u00bb\u00bb transform_rotate_phone=\u00bb\u00bb transform_rotate_last_edited=\u00bbon|desktop\u00bb transform_skew_tablet=\u00bb\u00bb transform_skew_phone=\u00bb\u00bb transform_skew_last_edited=\u00bbon|desktop\u00bb transform_origin_tablet=\u00bb\u00bb transform_origin_phone=\u00bb\u00bb transform_origin_last_edited=\u00bbon|desktop\u00bb transform_styles_last_edited=\u00bbon|desktop\u00bb text_font_size_tablet=\u00bb18px\u00bb text_font_size_phone=\u00bb18px\u00bb text_font_size_last_edited=\u00bbon|phone\u00bb text_letter_spacing_tablet=\u00bb\u00bb text_letter_spacing_phone=\u00bb0px\u00bb text_letter_spacing_last_edited=\u00bbon|tablet\u00bb transform_styles_tablet=\u00bb\u00bb transform_styles_phone=\u00bb\u00bb global_colors_info=\u00bb{}\u00bb]<\/p>\n<p style=\"text-align: center;\"><strong>NeoRejuvenation<\/strong> est une m\u00e9thode pratique pour inverser naturellement le vieillissement physique \u00e0 la racine.<\/p>\n<p style=\"text-align: center;\"><span style=\"color: #171728;\"><strong><\/strong><\/span><\/p>\n<p>[\/et_pb_text][et_pb_text _builder_version=\u00bb4.19.5&#8243; text_text_color=\u00bb#000000&#8243; text_font_size=\u00bb16px\u00bb text_font_size_tablet=\u00bb\u00bb text_font_size_phone=\u00bb\u00bb text_font_size_last_edited=\u00bbon|phone\u00bb global_colors_info=\u00bb{}\u00bb]<\/p>\n<p style=\"text-align: center;\">\u2193 QU&#8217;EST-CE QUE LE N\u00c9O RAJEUNISSEMENT ? \u2193<\/p>\n<p>[\/et_pb_text][et_pb_video src=\u00bbhttps:\/\/vimeo.com\/795408312&#8243; _builder_version=\u00bb4.19.5&#8243; global_colors_info=\u00bb{}\u00bb][\/et_pb_video][et_pb_button button_url=\u00bbhttps:\/\/fr.neorejuvenation.com\/\u00bb button_text=\u00bbVoir la formation\u00bb button_alignment=\u00bbcenter\u00bb _builder_version=\u00bb4.27.4&#8243; custom_button=\u00bbon\u00bb button_text_color=\u00bb#ffffff\u00bb button_bg_color=\u00bb#159b63&#8243; button_border_width=\u00bb0px\u00bb button_border_color=\u00bb#000000&#8243; button_border_radius=\u00bb0px\u00bb button_letter_spacing=\u00bb1px\u00bb button_font=\u00bbOswald|on||on|\u00bb button_use_icon=\u00bboff\u00bb animation_direction=\u00bbleft\u00bb hover_enabled=\u00bb0&#8243; button_text_color_hover=\u00bb#1a1a1a\u00bb button_border_color_hover=\u00bb#1a1a1a\u00bb button_border_radius_hover=\u00bb0px\u00bb button_letter_spacing_hover=\u00bb4px\u00bb button_bg_color_hover=\u00bbrgba(0,0,0,0)\u00bb locked=\u00bboff\u00bb global_colors_info=\u00bb{}\u00bb button_text_size__hover_enabled=\u00bboff\u00bb button_one_text_size__hover_enabled=\u00bboff\u00bb button_two_text_size__hover_enabled=\u00bboff\u00bb button_text_color__hover_enabled=\u00bbon\u00bb button_text_color__hover=\u00bb#ffffff\u00bb button_one_text_color__hover_enabled=\u00bboff\u00bb button_two_text_color__hover_enabled=\u00bboff\u00bb button_border_width__hover_enabled=\u00bboff\u00bb button_one_border_width__hover_enabled=\u00bboff\u00bb button_two_border_width__hover_enabled=\u00bboff\u00bb button_border_color__hover_enabled=\u00bbon|hover\u00bb button_border_color__hover=\u00bb#000000&#8243; button_one_border_color__hover_enabled=\u00bboff\u00bb button_two_border_color__hover_enabled=\u00bboff\u00bb button_border_radius__hover_enabled=\u00bbon\u00bb button_border_radius__hover=\u00bb0px\u00bb button_one_border_radius__hover_enabled=\u00bboff\u00bb button_two_border_radius__hover_enabled=\u00bboff\u00bb button_letter_spacing__hover_enabled=\u00bbon\u00bb button_letter_spacing__hover=\u00bb1px\u00bb button_one_letter_spacing__hover_enabled=\u00bboff\u00bb button_two_letter_spacing__hover_enabled=\u00bboff\u00bb button_bg_color__hover_enabled=\u00bbon|hover\u00bb button_bg_color__hover=\u00bb#000000&#8243; button_one_bg_color__hover_enabled=\u00bboff\u00bb button_two_bg_color__hover_enabled=\u00bboff\u00bb button_bg_enable_color__hover=\u00bbon\u00bb sticky_enabled=\u00bb0&#8243;][\/et_pb_button][et_pb_text _builder_version=\u00bb4.19.5&#8243; header_3_font=\u00bbOswald||||||||\u00bb global_colors_info=\u00bb{}\u00bb][\/et_pb_text][\/et_pb_column][\/et_pb_row][\/et_pb_section][et_pb_section fb_built=\u00bb1&#8243; _builder_version=\u00bb4.16&#8243; background_color=\u00bb#ffffff\u00bb custom_padding=\u00bb0px|||||\u00bb global_colors_info=\u00bb{}\u00bb][et_pb_row column_structure=\u00bb1_4,1_2,1_4&#8243; _builder_version=\u00bb4.16&#8243; global_colors_info=\u00bb{}\u00bb][et_pb_column type=\u00bb1_4&#8243; _builder_version=\u00bb4.16&#8243; global_colors_info=\u00bb{}\u00bb][\/et_pb_column][et_pb_column type=\u00bb1_2&#8243; _builder_version=\u00bb4.16&#8243; global_colors_info=\u00bb{}\u00bb][\/et_pb_column][et_pb_column type=\u00bb1_4&#8243; _builder_version=\u00bb4.16&#8243; global_colors_info=\u00bb{}\u00bb][\/et_pb_column][\/et_pb_row][\/et_pb_section]<\/p>\n","protected":false},"excerpt":{"rendered":"<p>Apprenez \u00e0REJUVENER NeoRejuvenation est une m\u00e9thode pratique pour inverser naturellement le vieillissement physique \u00e0 la racine. \u2193 QU&#8217;EST-CE QUE LE N\u00c9O RAJEUNISSEMENT ? \u2193<\/p>\n","protected":false},"author":1,"featured_media":0,"parent":0,"menu_order":0,"comment_status":"closed","ping_status":"closed","template":"","meta":{"_et_pb_use_builder":"on","_et_pb_old_content":"<!-- wp:divi\/placeholder \/-->","_et_gb_content_width":"","footnotes":""},"yoast_head":"<!-- This site is optimized with the Yoast SEO plugin v21.1 - https:\/\/yoast.com\/wordpress\/plugins\/seo\/ -->\n<title>REJUVENATION - Antonio Moll Rajeunissement<\/title>\n<meta name=\"description\" content=\"Antonio Moll, auteur de NeoRejuvenation explique en quoi consiste NeoRejuvenation. Retrouvez toutes les informations sur le parcours.\" \/>\n<meta name=\"robots\" content=\"index, follow, max-snippet:-1, max-image-preview:large, max-video-preview:-1\" \/>\n<link rel=\"canonical\" href=\"https:\/\/antoniomoll.com\/fr\/rejuvenation\/\" \/>\n<meta property=\"og:locale\" content=\"es_ES\" \/>\n<meta property=\"og:type\" content=\"article\" \/>\n<meta property=\"og:title\" content=\"REJUVENATION - Antonio Moll Rajeunissement\" \/>\n<meta property=\"og:description\" content=\"Antonio Moll, auteur de NeoRejuvenation explique en quoi consiste NeoRejuvenation. Retrouvez toutes les informations sur le parcours.\" \/>\n<meta property=\"og:url\" content=\"https:\/\/antoniomoll.com\/fr\/rejuvenation\/\" \/>\n<meta property=\"og:site_name\" content=\"Antonio Moll\" \/>\n<meta property=\"article:modified_time\" content=\"2025-06-03T21:57:30+00:00\" \/>\n<meta name=\"twitter:card\" content=\"summary_large_image\" \/>\n<meta name=\"twitter:label1\" content=\"Tiempo de lectura\" \/>\n\t<meta name=\"twitter:data1\" content=\"1 minuto\" \/>\n<script type=\"application\/ld+json\" class=\"yoast-schema-graph\">{\"@context\":\"https:\/\/schema.org\",\"@graph\":[{\"@type\":\"WebPage\",\"@id\":\"https:\/\/antoniomoll.com\/fr\/rejuvenation\/\",\"url\":\"https:\/\/antoniomoll.com\/fr\/rejuvenation\/\",\"name\":\"REJUVENATION - Antonio Moll Rajeunissement\",\"isPartOf\":{\"@id\":\"https:\/\/antoniomoll.com\/fr\/#website\"},\"datePublished\":\"2020-12-27T20:22:44+00:00\",\"dateModified\":\"2025-06-03T21:57:30+00:00\",\"description\":\"Antonio Moll, auteur de NeoRejuvenation explique en quoi consiste NeoRejuvenation. Retrouvez toutes les informations sur le parcours.\",\"breadcrumb\":{\"@id\":\"https:\/\/antoniomoll.com\/fr\/rejuvenation\/#breadcrumb\"},\"inLanguage\":\"es\",\"potentialAction\":[{\"@type\":\"ReadAction\",\"target\":[\"https:\/\/antoniomoll.com\/fr\/rejuvenation\/\"]}]},{\"@type\":\"BreadcrumbList\",\"@id\":\"https:\/\/antoniomoll.com\/fr\/rejuvenation\/#breadcrumb\",\"itemListElement\":[{\"@type\":\"ListItem\",\"position\":1,\"name\":\"Portada\",\"item\":\"https:\/\/antoniomoll.com\/fr\/\"},{\"@type\":\"ListItem\",\"position\":2,\"name\":\"REJUVENATION\"}]},{\"@type\":\"WebSite\",\"@id\":\"https:\/\/antoniomoll.com\/fr\/#website\",\"url\":\"https:\/\/antoniomoll.com\/fr\/\",\"name\":\"Antonio Moll\",\"description\":\"Sitio Oficial de Antonio Moll, Fundador de NeoRejuvenation\",\"publisher\":{\"@id\":\"https:\/\/antoniomoll.com\/fr\/#\/schema\/person\/21c4b111d3a826e276c1d6c3244a89e1\"},\"potentialAction\":[{\"@type\":\"SearchAction\",\"target\":{\"@type\":\"EntryPoint\",\"urlTemplate\":\"https:\/\/antoniomoll.com\/fr\/?s={search_term_string}\"},\"query-input\":\"required name=search_term_string\"}],\"inLanguage\":\"es\"},{\"@type\":[\"Person\",\"Organization\"],\"@id\":\"https:\/\/antoniomoll.com\/fr\/#\/schema\/person\/21c4b111d3a826e276c1d6c3244a89e1\",\"name\":\"Antonio Moll\",\"image\":{\"@type\":\"ImageObject\",\"inLanguage\":\"es\",\"@id\":\"https:\/\/antoniomoll.com\/fr\/#\/schema\/person\/image\/\",\"url\":\"https:\/\/antoniomoll.com\/fr\/wp-content\/uploads\/2018\/11\/favicon_AM.png\",\"contentUrl\":\"https:\/\/antoniomoll.com\/fr\/wp-content\/uploads\/2018\/11\/favicon_AM.png\",\"width\":512,\"height\":512,\"caption\":\"Antonio Moll\"},\"logo\":{\"@id\":\"https:\/\/antoniomoll.com\/fr\/#\/schema\/person\/image\/\"}}]}<\/script>\n<!-- \/ Yoast SEO plugin. -->","yoast_head_json":{"title":"REJUVENATION - Antonio Moll Rajeunissement","description":"Antonio Moll, auteur de NeoRejuvenation explique en quoi consiste NeoRejuvenation. Retrouvez toutes les informations sur le parcours.","robots":{"index":"index","follow":"follow","max-snippet":"max-snippet:-1","max-image-preview":"max-image-preview:large","max-video-preview":"max-video-preview:-1"},"canonical":"https:\/\/antoniomoll.com\/fr\/rejuvenation\/","og_locale":"es_ES","og_type":"article","og_title":"REJUVENATION - Antonio Moll Rajeunissement","og_description":"Antonio Moll, auteur de NeoRejuvenation explique en quoi consiste NeoRejuvenation. Retrouvez toutes les informations sur le parcours.","og_url":"https:\/\/antoniomoll.com\/fr\/rejuvenation\/","og_site_name":"Antonio Moll","article_modified_time":"2025-06-03T21:57:30+00:00","twitter_card":"summary_large_image","twitter_misc":{"Tiempo de lectura":"1 minuto"},"schema":{"@context":"https:\/\/schema.org","@graph":[{"@type":"WebPage","@id":"https:\/\/antoniomoll.com\/fr\/rejuvenation\/","url":"https:\/\/antoniomoll.com\/fr\/rejuvenation\/","name":"REJUVENATION - Antonio Moll Rajeunissement","isPartOf":{"@id":"https:\/\/antoniomoll.com\/fr\/#website"},"datePublished":"2020-12-27T20:22:44+00:00","dateModified":"2025-06-03T21:57:30+00:00","description":"Antonio Moll, auteur de NeoRejuvenation explique en quoi consiste NeoRejuvenation. Retrouvez toutes les informations sur le parcours.","breadcrumb":{"@id":"https:\/\/antoniomoll.com\/fr\/rejuvenation\/#breadcrumb"},"inLanguage":"es","potentialAction":[{"@type":"ReadAction","target":["https:\/\/antoniomoll.com\/fr\/rejuvenation\/"]}]},{"@type":"BreadcrumbList","@id":"https:\/\/antoniomoll.com\/fr\/rejuvenation\/#breadcrumb","itemListElement":[{"@type":"ListItem","position":1,"name":"Portada","item":"https:\/\/antoniomoll.com\/fr\/"},{"@type":"ListItem","position":2,"name":"REJUVENATION"}]},{"@type":"WebSite","@id":"https:\/\/antoniomoll.com\/fr\/#website","url":"https:\/\/antoniomoll.com\/fr\/","name":"Antonio Moll","description":"Sitio Oficial de Antonio Moll, Fundador de NeoRejuvenation","publisher":{"@id":"https:\/\/antoniomoll.com\/fr\/#\/schema\/person\/21c4b111d3a826e276c1d6c3244a89e1"},"potentialAction":[{"@type":"SearchAction","target":{"@type":"EntryPoint","urlTemplate":"https:\/\/antoniomoll.com\/fr\/?s={search_term_string}"},"query-input":"required name=search_term_string"}],"inLanguage":"es"},{"@type":["Person","Organization"],"@id":"https:\/\/antoniomoll.com\/fr\/#\/schema\/person\/21c4b111d3a826e276c1d6c3244a89e1","name":"Antonio Moll","image":{"@type":"ImageObject","inLanguage":"es","@id":"https:\/\/antoniomoll.com\/fr\/#\/schema\/person\/image\/","url":"https:\/\/antoniomoll.com\/fr\/wp-content\/uploads\/2018\/11\/favicon_AM.png","contentUrl":"https:\/\/antoniomoll.com\/fr\/wp-content\/uploads\/2018\/11\/favicon_AM.png","width":512,"height":512,"caption":"Antonio Moll"},"logo":{"@id":"https:\/\/antoniomoll.com\/fr\/#\/schema\/person\/image\/"}}]}},"_links":{"self":[{"href":"https:\/\/antoniomoll.com\/fr\/wp-json\/wp\/v2\/pages\/2098"}],"collection":[{"href":"https:\/\/antoniomoll.com\/fr\/wp-json\/wp\/v2\/pages"}],"about":[{"href":"https:\/\/antoniomoll.com\/fr\/wp-json\/wp\/v2\/types\/page"}],"author":[{"embeddable":true,"href":"https:\/\/antoniomoll.com\/fr\/wp-json\/wp\/v2\/users\/1"}],"replies":[{"embeddable":true,"href":"https:\/\/antoniomoll.com\/fr\/wp-json\/wp\/v2\/comments?post=2098"}],"version-history":[{"count":94,"href":"https:\/\/antoniomoll.com\/fr\/wp-json\/wp\/v2\/pages\/2098\/revisions"}],"predecessor-version":[{"id":3649,"href":"https:\/\/antoniomoll.com\/fr\/wp-json\/wp\/v2\/pages\/2098\/revisions\/3649"}],"wp:attachment":[{"href":"https:\/\/antoniomoll.com\/fr\/wp-json\/wp\/v2\/media?parent=2098"}],"curies":[{"name":"wp","href":"https:\/\/api.w.org\/{rel}","templated":true}]}}