{"id":18,"date":"2018-11-14T18:01:22","date_gmt":"2018-11-14T18:01:22","guid":{"rendered":"https:\/\/antoniomoll.com\/fr\/?page_id=18"},"modified":"2023-02-02T23:42:31","modified_gmt":"2023-02-02T23:42:31","slug":"home","status":"publish","type":"page","link":"https:\/\/antoniomoll.com\/fr\/","title":{"rendered":"HOME"},"content":{"rendered":"\n[et_pb_section fb_built=\u00bb1&#8243; disabled_on=\u00bboff|off|on\u00bb _builder_version=\u00bb4.16&#8243; custom_padding=\u00bb31px|||||\u00bb global_colors_info=\u00bb{}\u00bb][et_pb_row _builder_version=\u00bb4.16&#8243; background_color=\u00bb#ffffff\u00bb global_colors_info=\u00bb{}\u00bb][et_pb_column type=\u00bb4_4&#8243; _builder_version=\u00bb4.16&#8243; use_background_color_gradient=\u00bbon\u00bb background_color_gradient_direction=\u00bb122deg\u00bb background_color_gradient_stops=\u00bb#ff283e 0%|#a347a0 100%\u00bb background_color_gradient_start=\u00bb#ff283e\u00bb background_color_gradient_end=\u00bb#a347a0&#8243; global_colors_info=\u00bb{}\u00bb][et_pb_text disabled_on=\u00bboff|off|on\u00bb _builder_version=\u00bb4.19.5&#8243; text_font=\u00bbOswald||||||||\u00bb text_text_color=\u00bb#000000&#8243; text_font_size=\u00bb8px\u00bb header_font=\u00bbOswald||||||||\u00bb header_text_align=\u00bbcenter\u00bb header_font_size=\u00bb51px\u00bb header_letter_spacing=\u00bb2px\u00bb background_color=\u00bb#ffffff\u00bb mix_blend_mode=\u00bblighten\u00bb header_font_size_tablet=\u00bb65px\u00bb header_font_size_phone=\u00bb40px\u00bb header_font_size_last_edited=\u00bbon|tablet\u00bb custom_css_main_element=\u00bb||\u00bb global_colors_info=\u00bb{}\u00bb]<h1><em>REJUVENIR<\/em><\/h1>[\/et_pb_text][\/et_pb_column][\/et_pb_row][et_pb_row _builder_version=\u00bb4.16&#8243; custom_padding=\u00bb0px||0px|||\u00bb global_colors_info=\u00bb{}\u00bb][et_pb_column type=\u00bb4_4&#8243; _builder_version=\u00bb4.16&#8243; global_colors_info=\u00bb{}\u00bb][et_pb_button button_url=\u00bbhttps:\/\/antoniomoll.com\/fr\/REJUVENATION\u00bb button_text=\u00bbVOIR FORMATION\u00bb button_alignment=\u00bbcenter\u00bb _builder_version=\u00bb4.19.5&#8243; custom_button=\u00bbon\u00bb button_text_color=\u00bb#000000&#8243; button_border_color=\u00bb#000000&#8243; button_border_radius=\u00bb3px\u00bb button_letter_spacing=\u00bb3px\u00bb button_font=\u00bbOswald||||||||\u00bb button_icon=\u00bb&#x24;||divi||400&#8243; custom_margin=\u00bb16px|||||\u00bb custom_margin_tablet=\u00bb0px||||false|false\u00bb custom_margin_phone=\u00bb\u00bb custom_margin_last_edited=\u00bbon|phone\u00bb hover_enabled=\u00bb0&#8243; locked=\u00bboff\u00bb global_colors_info=\u00bb{}\u00bb sticky_enabled=\u00bb0&#8243;][\/et_pb_button][\/et_pb_column][\/et_pb_row][\/et_pb_section][et_pb_section fb_built=\u00bb1&#8243; fullwidth=\u00bbon\u00bb admin_label=\u00bbHero Section\u00bb _builder_version=\u00bb4.16&#8243; background_color=\u00bb#233b4e\u00bb parallax=\u00bbon\u00bb custom_padding=\u00bb0px|0px|0px|0px\u00bb global_colors_info=\u00bb{}\u00bb][et_pb_fullwidth_header title=\u00bbREJUVENIR\u00bb text_orientation=\u00bbright\u00bb header_fullscreen=\u00bbon\u00bb button_one_text=\u00bbVOIR FORMATION\u00bb button_one_url=\u00bbhttps:\/\/antoniomoll.com\/fr\/REJUVENATION\u00bb background_overlay_color=\u00bbrgba(0,0,0,0)\u00bb title_tablet=\u00bbREJUVENECIENDO\u00bb title_phone=\u00bbREJUVENECIENDO\u00bb title_last_edited=\u00bbon|phone\u00bb content_max_width_tablet=\u00bb100%\u00bb content_max_width_phone=\u00bb100%\u00bb content_max_width_last_edited=\u00bbon|desktop\u00bb disabled_on=\u00bbon|on|off\u00bb admin_label=\u00bbHero\u00bb _builder_version=\u00bb4.19.5&#8243; title_font=\u00bbOswald|700|on|on|||||\u00bb title_text_align=\u00bbright\u00bb title_text_color=\u00bb#ed4441&#8243; title_font_size=\u00bb60px\u00bb title_letter_spacing=\u00bb4px\u00bb title_line_height=\u00bb1.3em\u00bb content_font=\u00bbRoboto||||\u00bb content_font_size=\u00bb20px\u00bb background_color=\u00bbrgba(255, 255, 255, 0)\u00bb background_image=\u00bbhttps:\/\/antoniomoll.com\/fr\/wp-content\/uploads\/2018\/11\/ANTONIO-MOLL.jpg\u00bb custom_button_one=\u00bbon\u00bb button_one_text_color=\u00bb#3d3d3d\u00bb button_one_border_radius=\u00bb0px\u00bb button_one_letter_spacing=\u00bb4px\u00bb button_one_font=\u00bbOswald|on||on|\u00bb button_one_icon=\u00bb&#x24;||divi||400&#8243; button_one_icon_color=\u00bb#000000&#8243; background_layout=\u00bblight\u00bb width=\u00bb100%\u00bb module_alignment=\u00bbright\u00bb custom_margin=\u00bb0px|0px|||false|false\u00bb custom_margin_tablet=\u00bb0px||||false|false\u00bb custom_margin_phone=\u00bb\u00bb custom_margin_last_edited=\u00bbon|tablet\u00bb custom_padding=\u00bb|0px|||false|false\u00bb filter_contrast=\u00bb99%\u00bb animation_direction=\u00bbbottom\u00bb hover_transition_duration=\u00bb0ms\u00bb hover_enabled=\u00bb0&#8243; title_font_size_tablet=\u00bb50px\u00bb title_font_size_phone=\u00bb30px\u00bb title_font_size_last_edited=\u00bbon|phone\u00bb button_one_text_size_tablet=\u00bb\u00bb button_one_text_size_phone=\u00bb13px\u00bb button_one_text_size_last_edited=\u00bbon|phone\u00bb custom_css_title=\u00bbbackground: #ED4441;||background: -webkit-linear-gradient(to right, #ED4441 0%, #833ab4 100%);||background: -moz-linear-gradient(to right, #ED4441 0%, #833ab4 100%);||background: linear-gradient(to right, #ED4441 0%, #833ab4 100%);||-webkit-background-clip: text;||-webkit-text-fill-color: transparent;\u00bb border_width_all_image=\u00bb0px\u00bb border_color_all_image=\u00bbrgba(0,0,0,0)\u00bb button_one_text_color_hover=\u00bb#ffffff\u00bb button_one_border_color_hover=\u00bb#ffffff\u00bb button_one_border_radius_hover=\u00bb0px\u00bb button_one_letter_spacing_hover=\u00bb4px\u00bb button_one_bg_color_hover=\u00bbrgba(0,0,0,0)\u00bb global_colors_info=\u00bb{}\u00bb button_one_text_size__hover_enabled=\u00bboff\u00bb button_two_text_size__hover_enabled=\u00bboff\u00bb button_one_text_color__hover_enabled=\u00bbon|hover\u00bb button_one_text_color__hover=\u00bb#000000&#8243; button_two_text_color__hover_enabled=\u00bboff\u00bb button_one_border_width__hover_enabled=\u00bboff\u00bb button_two_border_width__hover_enabled=\u00bboff\u00bb button_one_border_color__hover_enabled=\u00bbon|hover\u00bb button_one_border_color__hover=\u00bb#474747&#8243; button_two_border_color__hover_enabled=\u00bboff\u00bb button_one_border_radius__hover_enabled=\u00bbon\u00bb button_one_border_radius__hover=\u00bb0px\u00bb button_two_border_radius__hover_enabled=\u00bboff\u00bb button_one_letter_spacing__hover_enabled=\u00bbon\u00bb button_one_letter_spacing__hover=\u00bb4px\u00bb button_two_letter_spacing__hover_enabled=\u00bboff\u00bb button_one_bg_color__hover_enabled=\u00bbon\u00bb button_one_bg_color__hover=\u00bbrgba(0,0,0,0)\u00bb button_two_bg_color__hover_enabled=\u00bboff\u00bb button_one_bg_enable_color__hover=\u00bbon\u00bb sticky_enabled=\u00bb0&#8243;][\/et_pb_fullwidth_header][\/et_pb_section][et_pb_section fb_built=\u00bb1&#8243; fullwidth=\u00bbon\u00bb _builder_version=\u00bb4.16&#8243; global_colors_info=\u00bb{}\u00bb][et_pb_fullwidth_image src=\u00bbhttps:\/\/antoniomoll.com\/fr\/wp-content\/uploads\/ANTONIO-MOLL-web-mov-1.jpg\u00bb title_text=\u00bbANTONIO-MOLL-web-mov\u00bb disabled_on=\u00bboff|off|on\u00bb _builder_version=\u00bb4.16&#8243; custom_margin=\u00bb-40px||||false|false\u00bb global_colors_info=\u00bb{}\u00bb][\/et_pb_fullwidth_image][\/et_pb_section]\n","protected":false},"excerpt":{"rendered":"<p>REJUVENIR<\/p>\n","protected":false},"author":1,"featured_media":0,"parent":0,"menu_order":0,"comment_status":"closed","ping_status":"closed","template":"","meta":{"_et_pb_use_builder":"on","_et_pb_old_content":"","_et_gb_content_width":"","footnotes":""},"yoast_head":"<!-- This site is optimized with the Yoast SEO plugin v21.1 - https:\/\/yoast.com\/wordpress\/plugins\/seo\/ -->\n<title>Antonio Moll - Site officiel en fran\u00e7ais<\/title>\n<meta name=\"description\" content=\"Site officiel d&#039;Antonio Moll, auteur de NeoRejuvenation et cr\u00e9ateur de Ho&#039;oponopono Hou : blog, cours et biographie compl\u00e8te.\" \/>\n<meta name=\"robots\" content=\"index, follow, max-snippet:-1, max-image-preview:large, max-video-preview:-1\" \/>\n<link rel=\"canonical\" href=\"https:\/\/antoniomoll.com\/fr\/\" \/>\n<meta property=\"og:locale\" content=\"es_ES\" \/>\n<meta property=\"og:type\" content=\"article\" \/>\n<meta property=\"og:title\" content=\"Antonio Moll - Site officiel en fran\u00e7ais\" \/>\n<meta property=\"og:description\" content=\"Site officiel d&#039;Antonio Moll, auteur de NeoRejuvenation et cr\u00e9ateur de Ho&#039;oponopono Hou : blog, cours et biographie compl\u00e8te.\" \/>\n<meta property=\"og:url\" content=\"https:\/\/antoniomoll.com\/fr\/\" \/>\n<meta property=\"og:site_name\" content=\"Antonio Moll\" \/>\n<meta property=\"article:modified_time\" content=\"2023-02-02T23:42:31+00:00\" \/>\n<meta name=\"twitter:card\" content=\"summary_large_image\" \/>\n<meta name=\"twitter:label1\" content=\"Tiempo de lectura\" \/>\n\t<meta name=\"twitter:data1\" content=\"1 minuto\" \/>\n<script type=\"application\/ld+json\" class=\"yoast-schema-graph\">{\"@context\":\"https:\/\/schema.org\",\"@graph\":[{\"@type\":\"WebPage\",\"@id\":\"https:\/\/antoniomoll.com\/fr\/\",\"url\":\"https:\/\/antoniomoll.com\/fr\/\",\"name\":\"Antonio Moll - Site officiel en fran\u00e7ais\",\"isPartOf\":{\"@id\":\"https:\/\/antoniomoll.com\/fr\/#website\"},\"datePublished\":\"2018-11-14T18:01:22+00:00\",\"dateModified\":\"2023-02-02T23:42:31+00:00\",\"description\":\"Site officiel d'Antonio Moll, auteur de NeoRejuvenation et cr\u00e9ateur de Ho'oponopono Hou : blog, cours et biographie compl\u00e8te.\",\"breadcrumb\":{\"@id\":\"https:\/\/antoniomoll.com\/fr\/#breadcrumb\"},\"inLanguage\":\"es\",\"potentialAction\":[{\"@type\":\"ReadAction\",\"target\":[\"https:\/\/antoniomoll.com\/fr\/\"]}]},{\"@type\":\"BreadcrumbList\",\"@id\":\"https:\/\/antoniomoll.com\/fr\/#breadcrumb\",\"itemListElement\":[{\"@type\":\"ListItem\",\"position\":1,\"name\":\"Portada\",\"item\":\"https:\/\/antoniomoll.com\/fr\/\"},{\"@type\":\"ListItem\",\"position\":2,\"name\":\"HOME\"}]},{\"@type\":\"WebSite\",\"@id\":\"https:\/\/antoniomoll.com\/fr\/#website\",\"url\":\"https:\/\/antoniomoll.com\/fr\/\",\"name\":\"Antonio Moll\",\"description\":\"Sitio Oficial de Antonio Moll, Fundador de NeoRejuvenation\",\"publisher\":{\"@id\":\"https:\/\/antoniomoll.com\/fr\/#\/schema\/person\/21c4b111d3a826e276c1d6c3244a89e1\"},\"potentialAction\":[{\"@type\":\"SearchAction\",\"target\":{\"@type\":\"EntryPoint\",\"urlTemplate\":\"https:\/\/antoniomoll.com\/fr\/?s={search_term_string}\"},\"query-input\":\"required name=search_term_string\"}],\"inLanguage\":\"es\"},{\"@type\":[\"Person\",\"Organization\"],\"@id\":\"https:\/\/antoniomoll.com\/fr\/#\/schema\/person\/21c4b111d3a826e276c1d6c3244a89e1\",\"name\":\"Antonio Moll\",\"image\":{\"@type\":\"ImageObject\",\"inLanguage\":\"es\",\"@id\":\"https:\/\/antoniomoll.com\/fr\/#\/schema\/person\/image\/\",\"url\":\"https:\/\/antoniomoll.com\/fr\/wp-content\/uploads\/2018\/11\/favicon_AM.png\",\"contentUrl\":\"https:\/\/antoniomoll.com\/fr\/wp-content\/uploads\/2018\/11\/favicon_AM.png\",\"width\":512,\"height\":512,\"caption\":\"Antonio Moll\"},\"logo\":{\"@id\":\"https:\/\/antoniomoll.com\/fr\/#\/schema\/person\/image\/\"}}]}<\/script>\n<!-- \/ Yoast SEO plugin. -->","yoast_head_json":{"title":"Antonio Moll - Site officiel en fran\u00e7ais","description":"Site officiel d'Antonio Moll, auteur de NeoRejuvenation et cr\u00e9ateur de Ho'oponopono Hou : blog, cours et biographie compl\u00e8te.","robots":{"index":"index","follow":"follow","max-snippet":"max-snippet:-1","max-image-preview":"max-image-preview:large","max-video-preview":"max-video-preview:-1"},"canonical":"https:\/\/antoniomoll.com\/fr\/","og_locale":"es_ES","og_type":"article","og_title":"Antonio Moll - Site officiel en fran\u00e7ais","og_description":"Site officiel d'Antonio Moll, auteur de NeoRejuvenation et cr\u00e9ateur de Ho'oponopono Hou : blog, cours et biographie compl\u00e8te.","og_url":"https:\/\/antoniomoll.com\/fr\/","og_site_name":"Antonio Moll","article_modified_time":"2023-02-02T23:42:31+00:00","twitter_card":"summary_large_image","twitter_misc":{"Tiempo de lectura":"1 minuto"},"schema":{"@context":"https:\/\/schema.org","@graph":[{"@type":"WebPage","@id":"https:\/\/antoniomoll.com\/fr\/","url":"https:\/\/antoniomoll.com\/fr\/","name":"Antonio Moll - Site officiel en fran\u00e7ais","isPartOf":{"@id":"https:\/\/antoniomoll.com\/fr\/#website"},"datePublished":"2018-11-14T18:01:22+00:00","dateModified":"2023-02-02T23:42:31+00:00","description":"Site officiel d'Antonio Moll, auteur de NeoRejuvenation et cr\u00e9ateur de Ho'oponopono Hou : blog, cours et biographie compl\u00e8te.","breadcrumb":{"@id":"https:\/\/antoniomoll.com\/fr\/#breadcrumb"},"inLanguage":"es","potentialAction":[{"@type":"ReadAction","target":["https:\/\/antoniomoll.com\/fr\/"]}]},{"@type":"BreadcrumbList","@id":"https:\/\/antoniomoll.com\/fr\/#breadcrumb","itemListElement":[{"@type":"ListItem","position":1,"name":"Portada","item":"https:\/\/antoniomoll.com\/fr\/"},{"@type":"ListItem","position":2,"name":"HOME"}]},{"@type":"WebSite","@id":"https:\/\/antoniomoll.com\/fr\/#website","url":"https:\/\/antoniomoll.com\/fr\/","name":"Antonio Moll","description":"Sitio Oficial de Antonio Moll, Fundador de NeoRejuvenation","publisher":{"@id":"https:\/\/antoniomoll.com\/fr\/#\/schema\/person\/21c4b111d3a826e276c1d6c3244a89e1"},"potentialAction":[{"@type":"SearchAction","target":{"@type":"EntryPoint","urlTemplate":"https:\/\/antoniomoll.com\/fr\/?s={search_term_string}"},"query-input":"required name=search_term_string"}],"inLanguage":"es"},{"@type":["Person","Organization"],"@id":"https:\/\/antoniomoll.com\/fr\/#\/schema\/person\/21c4b111d3a826e276c1d6c3244a89e1","name":"Antonio Moll","image":{"@type":"ImageObject","inLanguage":"es","@id":"https:\/\/antoniomoll.com\/fr\/#\/schema\/person\/image\/","url":"https:\/\/antoniomoll.com\/fr\/wp-content\/uploads\/2018\/11\/favicon_AM.png","contentUrl":"https:\/\/antoniomoll.com\/fr\/wp-content\/uploads\/2018\/11\/favicon_AM.png","width":512,"height":512,"caption":"Antonio Moll"},"logo":{"@id":"https:\/\/antoniomoll.com\/fr\/#\/schema\/person\/image\/"}}]}},"_links":{"self":[{"href":"https:\/\/antoniomoll.com\/fr\/wp-json\/wp\/v2\/pages\/18"}],"collection":[{"href":"https:\/\/antoniomoll.com\/fr\/wp-json\/wp\/v2\/pages"}],"about":[{"href":"https:\/\/antoniomoll.com\/fr\/wp-json\/wp\/v2\/types\/page"}],"author":[{"embeddable":true,"href":"https:\/\/antoniomoll.com\/fr\/wp-json\/wp\/v2\/users\/1"}],"replies":[{"embeddable":true,"href":"https:\/\/antoniomoll.com\/fr\/wp-json\/wp\/v2\/comments?post=18"}],"version-history":[{"count":85,"href":"https:\/\/antoniomoll.com\/fr\/wp-json\/wp\/v2\/pages\/18\/revisions"}],"predecessor-version":[{"id":3490,"href":"https:\/\/antoniomoll.com\/fr\/wp-json\/wp\/v2\/pages\/18\/revisions\/3490"}],"wp:attachment":[{"href":"https:\/\/antoniomoll.com\/fr\/wp-json\/wp\/v2\/media?parent=18"}],"curies":[{"name":"wp","href":"https:\/\/api.w.org\/{rel}","templated":true}]}}