{"id":509,"date":"2018-12-07T17:42:47","date_gmt":"2018-12-07T17:42:47","guid":{"rendered":"https:\/\/antoniomoll.com\/de\/?page_id=509"},"modified":"2026-01-04T02:58:36","modified_gmt":"2026-01-04T01:58:36","slug":"disclaimer","status":"publish","type":"page","link":"https:\/\/antoniomoll.com\/de\/disclaimer\/","title":{"rendered":"DISCLAIMER"},"content":{"rendered":"<p>[et_pb_section fb_built=&#8220;1&#8243; _builder_version=&#8220;4.16&#8243; global_colors_info=&#8220;{}&#8220;][et_pb_row _builder_version=&#8220;4.16&#8243; background_size=&#8220;initial&#8220; background_position=&#8220;top_left&#8220; background_repeat=&#8220;repeat&#8220; global_colors_info=&#8220;{}&#8220;][et_pb_column type=&#8220;4_4&#8243; _builder_version=&#8220;4.16&#8243; custom_padding=&#8220;|||&#8220; global_colors_info=&#8220;{}&#8220; custom_padding__hover=&#8220;|||&#8220;][et_pb_text _builder_version=&#8220;4.27.0&#8243; global_colors_info=&#8220;{}&#8220;]<\/p>\n<div class=\"et_pb_row et_pb_row_0\">\n<div class=\"et_pb_column et_pb_column_4_4 et_pb_column_0  et_pb_css_mix_blend_mode_passthrough et-last-child\">\n<div class=\"et_pb_module et_pb_text et_pb_text_0  et_pb_text_align_left et_pb_bg_layout_light\">\n<div class=\"et_pb_text_inner\">\n<p data-start=\"32\" data-end=\"54\"><strong data-start=\"32\" data-end=\"54\">HAFTUNGSAUSSCHLUSS<\/strong><\/p>\n<p data-start=\"56\" data-end=\"161\">Dieser rechtliche Hinweis regelt den Zugang zu und die Nutzung der Website<br data-start=\"130\" data-end=\"133\" \/>(nachfolgend die \u201eWebsite\u201c).<\/p>\n<hr data-start=\"163\" data-end=\"166\" \/>\n<h3 data-start=\"168\" data-end=\"236\">1. Identifizierung des Rechteinhabers und des Website-Betreibers<\/h3>\n<p data-start=\"238\" data-end=\"488\"><strong data-start=\"238\" data-end=\"305\">Website-Betreiber und Dienstanbieter (Betreibende Gesellschaft)<\/strong><br data-start=\"305\" data-end=\"308\" \/>Die kommerzielle Nutzung, der Betrieb, das Marketing, der Vertrieb, der Kundenservice sowie die Erbringung der mit der Website verbundenen Dienstleistungen werden durchgef\u00fchrt von:<\/p>\n<p data-start=\"490\" data-end=\"650\">Neorejuvenai Global Limited<br data-start=\"517\" data-end=\"520\" \/>Business Registration No.: 79027029<br data-start=\"555\" data-end=\"558\" \/>Unit B, 11\/F, 23 Thomson Road<br data-start=\"587\" data-end=\"590\" \/>Wan Chai, Hong Kong SAR<br data-start=\"613\" data-end=\"616\" \/>E-Mail:<span>\u00a0<\/span><a data-start=\"624\" data-end=\"648\" class=\"decorated-link cursor-pointer\" rel=\"noopener\">info@neorejuvenation.com<span aria-hidden=\"true\" class=\"ms-0.5 inline-block align-middle leading-none\"><svg xmlns=\"http:\/\/www.w3.org\/2000\/svg\" width=\"20\" height=\"20\" aria-hidden=\"true\" class=\"block h-[0.75em] w-[0.75em] stroke-current stroke-[0.75]\"><use href=\"\/cdn\/assets\/sprites-core-j9fay8bq.svg#304883\" fill=\"currentColor\"><\/use><\/svg><\/span><\/a><\/p>\n<p data-start=\"652\" data-end=\"681\">(nachfolgend der \u201eBetreiber\u201c)<br \/><strong data-start=\"45\" data-end=\"91\">Neorejuvenai Global Limited (DER ANBIETER)<\/strong> fungiert als operativer und technischer Dienstleister des Services und ist unter anderem verantwortlich f\u00fcr den Verkauf und Vertragsabschluss, die Verwaltung von Zahlungen und Rechnungsstellung, das Servermanagement, den technischen Support, den Zugang zur Ausbildungsplattform sowie die direkte Beziehung zum Nutzer.<\/p>\n<hr data-start=\"887\" data-end=\"890\" \/>\n<p data-start=\"892\" data-end=\"1233\"><strong data-start=\"892\" data-end=\"946\">Inhaber der geistigen Eigentumsrechte (IP-Inhaber)<\/strong><br data-start=\"946\" data-end=\"949\" \/>Die geistigen und gewerblichen Schutzrechte, die mit dem kreativen, p\u00e4dagogischen und kommerziellen Universum bekannt als NeoRejuvenation\u00ae verbunden sind (einschlie\u00dflich Werke, Methoden, Schulungsmaterialien, Marken und sonstiger immaterieller Verm\u00f6genswerte), stehen im Eigentum von:<\/p>\n<p data-start=\"1235\" data-end=\"1389\">Neorejuvena IP Holdings Pte. Ltd.<br data-start=\"1268\" data-end=\"1271\" \/>UEN: 202554995D<br data-start=\"1286\" data-end=\"1289\" \/>68 Circular Road, #02-01<br data-start=\"1313\" data-end=\"1316\" \/>Singapore 049422<br data-start=\"1332\" data-end=\"1335\" \/>Republik Singapur<br data-start=\"1352\" data-end=\"1355\" \/>E-Mail:<span>\u00a0<\/span><a data-start=\"1363\" data-end=\"1387\" class=\"decorated-link cursor-pointer\" rel=\"noopener\">info@neorejuvenation.com<span aria-hidden=\"true\" class=\"ms-0.5 inline-block align-middle leading-none\"><svg xmlns=\"http:\/\/www.w3.org\/2000\/svg\" width=\"20\" height=\"20\" aria-hidden=\"true\" class=\"block h-[0.75em] w-[0.75em] stroke-current stroke-[0.75]\"><use href=\"\/cdn\/assets\/sprites-core-j9fay8bq.svg#304883\" fill=\"currentColor\"><\/use><\/svg><\/span><\/a><\/p>\n<p data-start=\"1391\" data-end=\"1448\">(nachfolgend der \u201eInhaber der geistigen Eigentumsrechte\u201c)<\/p>\n<hr data-start=\"1450\" data-end=\"1453\" \/>\n<h3 data-start=\"1455\" data-end=\"1479\">2. Zweck der Website<\/h3>\n<p data-start=\"1480\" data-end=\"1847\">Zweck der Website ist es, Informationen bereitzustellen sowie den Zugang zu erm\u00f6glichen und \u2013 sofern zutreffend \u2013 die Vermarktung und den Vertrieb von Bildungsinhalten, digitalen Materialien, Schulungsprogrammen, Methoden, audiovisuellen Werken, Publikationen und sonstigen Inhalten im Zusammenhang mit NeoRejuvenation\u00ae oder dem Werk von Antonio Moll zu unterst\u00fctzen.<\/p>\n<hr data-start=\"1849\" data-end=\"1852\" \/>\n<h3 data-start=\"1854\" data-end=\"1896\">3. Geistiges und gewerbliches Eigentum<\/h3>\n<p data-start=\"1897\" data-end=\"2333\">Alle Inhalte der Website, einschlie\u00dflich, aber nicht beschr\u00e4nkt auf Texte, schriftliche Werke, Schulungsmaterialien, Methoden, Videos, Audios, Bilder, Designs, Fotografien, Logos, Marken, Handelsnamen, Kennzeichen, Domains, Software, Kursstrukturen, Skripte, Reels, Werbematerialien sowie sonstige schutzf\u00e4hige Elemente, sind Eigentum des Inhabers der geistigen Eigentumsrechte oder werden mit entsprechender Genehmigung\/Lizenz genutzt.<\/p>\n<p data-start=\"2335\" data-end=\"2589\">Der Betreiber verf\u00fcgt \u00fcber eine Lizenz zur Nutzung und kommerziellen Verwertung dieser Rechte zu betrieblichen, Marketing-, Vertriebs- und Dienstleistungszwecken, ohne dass dadurch eine \u00dcbertragung von Eigentum oder Rechten am geistigen Eigentum erfolgt.<\/p>\n<p data-start=\"2591\" data-end=\"2966\">Jegliche unbefugte Vervielf\u00e4ltigung, Verbreitung, \u00f6ffentliche Wiedergabe, Bearbeitung, Extraktion, Weiterver\u00e4u\u00dferung, Verwertung oder Nutzung \u2013 ganz oder teilweise \u2013 der Inhalte der Website ist ohne ausdr\u00fcckliche schriftliche Genehmigung des Inhabers der geistigen Eigentumsrechte oder, sofern zutreffend, des Betreibers im Rahmen der jeweiligen Lizenz strengstens untersagt.<\/p>\n<hr data-start=\"2968\" data-end=\"2971\" \/>\n<h3 data-start=\"2973\" data-end=\"2993\">4. Urheberschaft<\/h3>\n<p data-start=\"2994\" data-end=\"3322\">Sch\u00f6pfer und urspr\u00fcnglicher Urheber der mit NeoRejuvenation verbundenen Werke, Methoden und Inhalte ist Antonio Moll.<br data-start=\"3111\" data-end=\"3114\" \/>Die wirtschaftlichen Verwertungsrechte wurden an den Inhaber der geistigen Eigentumsrechte \u00fcbertragen, w\u00e4hrend unver\u00e4u\u00dferliche Urheberpers\u00f6nlichkeitsrechte gem\u00e4\u00df dem anwendbaren Recht beim Urheber verbleiben.<\/p>\n<hr data-start=\"3324\" data-end=\"3327\" \/>\n<h3 data-start=\"3329\" data-end=\"3367\">5. Nutzungsbedingungen der Website<\/h3>\n<p data-start=\"3368\" data-end=\"3683\">Der Zugriff auf und die Nutzung der Website verleihen dem Nutzer die Eigenschaft eines Nutzers und setzen die vollst\u00e4ndige und vorbehaltlose Anerkennung dieses rechtlichen Hinweises sowie der Nutzungsbedingungen und \u2013 sofern zutreffend \u2013 der auf der Website ver\u00f6ffentlichten Allgemeinen Gesch\u00e4ftsbedingungen voraus.<\/p>\n<p data-start=\"3685\" data-end=\"4035\">Die Nutzer verpflichten sich, die Website rechtm\u00e4\u00dfig, sorgf\u00e4ltig und nach Treu und Glauben zu nutzen und jede Nutzung zu unterlassen, die die Website, ihre Systeme, ihre Sicherheit, ihren Ruf oder die Rechte des Inhabers der geistigen Eigentumsrechte, des Betreibers oder Dritter sch\u00e4digen, beeintr\u00e4chtigen, \u00fcberlasten oder au\u00dfer Kraft setzen k\u00f6nnte.<\/p>\n<hr data-start=\"4037\" data-end=\"4040\" \/>\n<h3 data-start=\"4042\" data-end=\"4069\">6. Haftungsbeschr\u00e4nkung<\/h3>\n<p data-start=\"4070\" data-end=\"4347\">Der Betreiber ergreift angemessene Ma\u00dfnahmen, um die Verf\u00fcgbarkeit und Sicherheit der Website zu gew\u00e4hrleisten, \u00fcbernimmt jedoch keine Garantie f\u00fcr die Unterbrechungsfreiheit, das Ausbleiben technischer St\u00f6rungen oder Fehler sowie f\u00fcr die dauerhafte Verf\u00fcgbarkeit des Dienstes.<\/p>\n<p data-start=\"4349\" data-end=\"4641\">Weder der Inhaber der geistigen Eigentumsrechte noch der Betreiber haften f\u00fcr die Nutzung der auf der Website bereitgestellten Informationen oder Inhalte zu anderen als den vorgesehenen Zwecken oder f\u00fcr Sch\u00e4den, die aus einer unsachgem\u00e4\u00dfen, rechtswidrigen oder fahrl\u00e4ssigen Nutzung entstehen.<\/p>\n<hr data-start=\"4643\" data-end=\"4646\" \/>\n<h3 data-start=\"4648\" data-end=\"4690\">7. Anwendbares Recht und Gerichtsstand<\/h3>\n<p data-start=\"4692\" data-end=\"4981\"><strong data-start=\"4692\" data-end=\"4735\">7.1 Geistiges und gewerbliches Eigentum<\/strong><br data-start=\"4735\" data-end=\"4738\" \/>Fragen im Zusammenhang mit Eigentum, G\u00fcltigkeit, Schutz, Verteidigung und Verwertung der geistigen und gewerblichen Schutzrechte unterliegen dem Recht der Republik Singapur. Die Parteien unterwerfen sich den zust\u00e4ndigen Gerichten von Singapur.<\/p>\n<p data-start=\"4983\" data-end=\"5341\"><strong data-start=\"4983\" data-end=\"5031\">7.2 Betrieb der Website und Dienstleistungen<\/strong><br data-start=\"5031\" data-end=\"5034\" \/>Fragen, die sich aus dem Zugang zur Website, deren Nutzung, dem Abschluss von Vertr\u00e4gen, der Gesch\u00e4ftsbeziehung mit dem Betreiber sowie aus betrieblichen oder dienstleistungsbezogenen Aspekten ergeben, unterliegen dem Recht von Hongkong. Die Parteien unterwerfen sich den zust\u00e4ndigen Gerichten von Hongkong.<\/p>\n<p data-start=\"5343\" data-end=\"5463\">Vorstehendes gilt unbeschadet zwingender Vorschriften, die nach dem internationalen Privatrecht Anwendung finden k\u00f6nnen.<\/p>\n<hr data-start=\"5465\" data-end=\"5468\" \/>\n<h3 data-start=\"5470\" data-end=\"5484\">8. Kontakt<\/h3>\n<p data-start=\"5485\" data-end=\"5581\">Bei Fragen zu diesem rechtlichen Hinweis wenden Sie sich bitte an:<br data-start=\"5551\" data-end=\"5554\" \/><a data-start=\"5554\" data-end=\"5581\" class=\"decorated-link cursor-pointer\" rel=\"noopener\">support@neorejuvenation.com<span aria-hidden=\"true\" class=\"ms-0.5 inline-block align-middle leading-none\"><svg xmlns=\"http:\/\/www.w3.org\/2000\/svg\" width=\"20\" height=\"20\" aria-hidden=\"true\" class=\"block h-[0.75em] w-[0.75em] stroke-current stroke-[0.75]\"><use href=\"\/cdn\/assets\/sprites-core-j9fay8bq.svg#304883\" fill=\"currentColor\"><\/use><\/svg><\/span><\/a><\/p>\n<hr data-start=\"5583\" data-end=\"5586\" \/>\n<p data-start=\"5588\" data-end=\"5798\" data-is-last-node=\"\" data-is-only-node=\"\">\u00a9 2020\u20132025 Neorejuvena IP Holdings Pte. Ltd. Alle Rechte vorbehalten.<br data-start=\"5658\" data-end=\"5661\" \/>NeoRejuvenation\u00ae ist eine eingetragene Marke. Die gesamte kommerzielle Verwertung erfolgt durch Neorejuvenai Global Limited unter Lizenz.<\/p>\n<\/div>\n<\/div>\n<\/div>\n<\/div>\n<p>[\/et_pb_text][\/et_pb_column][\/et_pb_row][et_pb_row _builder_version=&#8220;4.16&#8243; global_colors_info=&#8220;{}&#8220;][et_pb_column type=&#8220;4_4&#8243; _builder_version=&#8220;4.16&#8243; global_colors_info=&#8220;{}&#8220;][\/et_pb_column][\/et_pb_row][et_pb_row _builder_version=&#8220;4.16&#8243; global_colors_info=&#8220;{}&#8220;][et_pb_column type=&#8220;4_4&#8243; _builder_version=&#8220;4.16&#8243; global_colors_info=&#8220;{}&#8220;][\/et_pb_column][\/et_pb_row][\/et_pb_section]<\/p>\n","protected":false},"excerpt":{"rendered":"<p>HAFTUNGSAUSSCHLUSS Dieser rechtliche Hinweis regelt den Zugang zu und die Nutzung der Website(nachfolgend die \u201eWebsite\u201c). 1. Identifizierung des Rechteinhabers und des Website-Betreibers Website-Betreiber und Dienstanbieter (Betreibende Gesellschaft)Die kommerzielle Nutzung, der Betrieb, das Marketing, der Vertrieb, der Kundenservice sowie die Erbringung der mit der Website verbundenen Dienstleistungen werden durchgef\u00fchrt von: Neorejuvenai Global LimitedBusiness Registration No.: 79027029Unit [&hellip;]<\/p>\n","protected":false},"author":1,"featured_media":0,"parent":0,"menu_order":0,"comment_status":"closed","ping_status":"closed","template":"","meta":{"_et_pb_use_builder":"on","_et_pb_old_content":"","_et_gb_content_width":"","footnotes":""},"yoast_head":"<!-- This site is optimized with the Yoast SEO plugin v21.1 - https:\/\/yoast.com\/wordpress\/plugins\/seo\/ -->\n<title>DISCLAIMER - Antonio Moll - DEUTSCHE SEITE<\/title>\n<meta name=\"robots\" content=\"noindex, nofollow\" \/>\n<meta property=\"og:locale\" content=\"de_DE\" \/>\n<meta property=\"og:type\" content=\"article\" \/>\n<meta property=\"og:title\" content=\"DISCLAIMER - Antonio Moll - DEUTSCHE SEITE\" \/>\n<meta property=\"og:description\" content=\"HAFTUNGSAUSSCHLUSS Dieser rechtliche Hinweis regelt den Zugang zu und die Nutzung der Website(nachfolgend die \u201eWebsite\u201c). 1. Identifizierung des Rechteinhabers und des Website-Betreibers Website-Betreiber und Dienstanbieter (Betreibende Gesellschaft)Die kommerzielle Nutzung, der Betrieb, das Marketing, der Vertrieb, der Kundenservice sowie die Erbringung der mit der Website verbundenen Dienstleistungen werden durchgef\u00fchrt von: Neorejuvenai Global LimitedBusiness Registration No.: 79027029Unit [&hellip;]\" \/>\n<meta property=\"og:url\" content=\"https:\/\/antoniomoll.com\/de\/disclaimer\/\" \/>\n<meta property=\"og:site_name\" content=\"Antonio Moll - DEUTSCHE SEITE\" \/>\n<meta property=\"article:modified_time\" content=\"2026-01-04T01:58:36+00:00\" \/>\n<meta name=\"twitter:card\" content=\"summary_large_image\" \/>\n<meta name=\"twitter:label1\" content=\"Gesch\u00e4tzte Lesezeit\" \/>\n\t<meta name=\"twitter:data1\" content=\"4\u00a0Minuten\" \/>\n<script type=\"application\/ld+json\" class=\"yoast-schema-graph\">{\"@context\":\"https:\/\/schema.org\",\"@graph\":[{\"@type\":\"WebPage\",\"@id\":\"https:\/\/antoniomoll.com\/de\/disclaimer\/\",\"url\":\"https:\/\/antoniomoll.com\/de\/disclaimer\/\",\"name\":\"DISCLAIMER - Antonio Moll - DEUTSCHE SEITE\",\"isPartOf\":{\"@id\":\"https:\/\/antoniomoll.com\/de\/#website\"},\"datePublished\":\"2018-12-07T17:42:47+00:00\",\"dateModified\":\"2026-01-04T01:58:36+00:00\",\"breadcrumb\":{\"@id\":\"https:\/\/antoniomoll.com\/de\/disclaimer\/#breadcrumb\"},\"inLanguage\":\"de\",\"potentialAction\":[{\"@type\":\"ReadAction\",\"target\":[\"https:\/\/antoniomoll.com\/de\/disclaimer\/\"]}]},{\"@type\":\"BreadcrumbList\",\"@id\":\"https:\/\/antoniomoll.com\/de\/disclaimer\/#breadcrumb\",\"itemListElement\":[{\"@type\":\"ListItem\",\"position\":1,\"name\":\"Portada\",\"item\":\"https:\/\/antoniomoll.com\/de\/\"},{\"@type\":\"ListItem\",\"position\":2,\"name\":\"DISCLAIMER\"}]},{\"@type\":\"WebSite\",\"@id\":\"https:\/\/antoniomoll.com\/de\/#website\",\"url\":\"https:\/\/antoniomoll.com\/de\/\",\"name\":\"Antonio Moll - DEUTSCHE SEITE\",\"description\":\"Offizielle Website von Antonio Moll, Gr\u00fcnder von NEOREJUVENATION\",\"publisher\":{\"@id\":\"https:\/\/antoniomoll.com\/de\/#\/schema\/person\/1aaf79d79909f6ae144a533565ec2ba9\"},\"potentialAction\":[{\"@type\":\"SearchAction\",\"target\":{\"@type\":\"EntryPoint\",\"urlTemplate\":\"https:\/\/antoniomoll.com\/de\/?s={search_term_string}\"},\"query-input\":\"required name=search_term_string\"}],\"inLanguage\":\"de\"},{\"@type\":[\"Person\",\"Organization\"],\"@id\":\"https:\/\/antoniomoll.com\/de\/#\/schema\/person\/1aaf79d79909f6ae144a533565ec2ba9\",\"name\":\"Antonio Moll\",\"image\":{\"@type\":\"ImageObject\",\"inLanguage\":\"de\",\"@id\":\"https:\/\/antoniomoll.com\/de\/#\/schema\/person\/image\/\",\"url\":\"https:\/\/antoniomoll.com\/de\/wp-content\/uploads\/2018\/11\/favicon_AM.png\",\"contentUrl\":\"https:\/\/antoniomoll.com\/de\/wp-content\/uploads\/2018\/11\/favicon_AM.png\",\"width\":512,\"height\":512,\"caption\":\"Antonio Moll\"},\"logo\":{\"@id\":\"https:\/\/antoniomoll.com\/de\/#\/schema\/person\/image\/\"}}]}<\/script>\n<!-- \/ Yoast SEO plugin. -->","yoast_head_json":{"title":"DISCLAIMER - Antonio Moll - DEUTSCHE SEITE","robots":{"index":"noindex","follow":"nofollow"},"og_locale":"de_DE","og_type":"article","og_title":"DISCLAIMER - Antonio Moll - DEUTSCHE SEITE","og_description":"HAFTUNGSAUSSCHLUSS Dieser rechtliche Hinweis regelt den Zugang zu und die Nutzung der Website(nachfolgend die \u201eWebsite\u201c). 1. Identifizierung des Rechteinhabers und des Website-Betreibers Website-Betreiber und Dienstanbieter (Betreibende Gesellschaft)Die kommerzielle Nutzung, der Betrieb, das Marketing, der Vertrieb, der Kundenservice sowie die Erbringung der mit der Website verbundenen Dienstleistungen werden durchgef\u00fchrt von: Neorejuvenai Global LimitedBusiness Registration No.: 79027029Unit [&hellip;]","og_url":"https:\/\/antoniomoll.com\/de\/disclaimer\/","og_site_name":"Antonio Moll - DEUTSCHE SEITE","article_modified_time":"2026-01-04T01:58:36+00:00","twitter_card":"summary_large_image","twitter_misc":{"Gesch\u00e4tzte Lesezeit":"4\u00a0Minuten"},"schema":{"@context":"https:\/\/schema.org","@graph":[{"@type":"WebPage","@id":"https:\/\/antoniomoll.com\/de\/disclaimer\/","url":"https:\/\/antoniomoll.com\/de\/disclaimer\/","name":"DISCLAIMER - Antonio Moll - DEUTSCHE SEITE","isPartOf":{"@id":"https:\/\/antoniomoll.com\/de\/#website"},"datePublished":"2018-12-07T17:42:47+00:00","dateModified":"2026-01-04T01:58:36+00:00","breadcrumb":{"@id":"https:\/\/antoniomoll.com\/de\/disclaimer\/#breadcrumb"},"inLanguage":"de","potentialAction":[{"@type":"ReadAction","target":["https:\/\/antoniomoll.com\/de\/disclaimer\/"]}]},{"@type":"BreadcrumbList","@id":"https:\/\/antoniomoll.com\/de\/disclaimer\/#breadcrumb","itemListElement":[{"@type":"ListItem","position":1,"name":"Portada","item":"https:\/\/antoniomoll.com\/de\/"},{"@type":"ListItem","position":2,"name":"DISCLAIMER"}]},{"@type":"WebSite","@id":"https:\/\/antoniomoll.com\/de\/#website","url":"https:\/\/antoniomoll.com\/de\/","name":"Antonio Moll - DEUTSCHE SEITE","description":"Offizielle Website von Antonio Moll, Gr\u00fcnder von NEOREJUVENATION","publisher":{"@id":"https:\/\/antoniomoll.com\/de\/#\/schema\/person\/1aaf79d79909f6ae144a533565ec2ba9"},"potentialAction":[{"@type":"SearchAction","target":{"@type":"EntryPoint","urlTemplate":"https:\/\/antoniomoll.com\/de\/?s={search_term_string}"},"query-input":"required name=search_term_string"}],"inLanguage":"de"},{"@type":["Person","Organization"],"@id":"https:\/\/antoniomoll.com\/de\/#\/schema\/person\/1aaf79d79909f6ae144a533565ec2ba9","name":"Antonio Moll","image":{"@type":"ImageObject","inLanguage":"de","@id":"https:\/\/antoniomoll.com\/de\/#\/schema\/person\/image\/","url":"https:\/\/antoniomoll.com\/de\/wp-content\/uploads\/2018\/11\/favicon_AM.png","contentUrl":"https:\/\/antoniomoll.com\/de\/wp-content\/uploads\/2018\/11\/favicon_AM.png","width":512,"height":512,"caption":"Antonio Moll"},"logo":{"@id":"https:\/\/antoniomoll.com\/de\/#\/schema\/person\/image\/"}}]}},"_links":{"self":[{"href":"https:\/\/antoniomoll.com\/de\/wp-json\/wp\/v2\/pages\/509"}],"collection":[{"href":"https:\/\/antoniomoll.com\/de\/wp-json\/wp\/v2\/pages"}],"about":[{"href":"https:\/\/antoniomoll.com\/de\/wp-json\/wp\/v2\/types\/page"}],"author":[{"embeddable":true,"href":"https:\/\/antoniomoll.com\/de\/wp-json\/wp\/v2\/users\/1"}],"replies":[{"embeddable":true,"href":"https:\/\/antoniomoll.com\/de\/wp-json\/wp\/v2\/comments?post=509"}],"version-history":[{"count":17,"href":"https:\/\/antoniomoll.com\/de\/wp-json\/wp\/v2\/pages\/509\/revisions"}],"predecessor-version":[{"id":3674,"href":"https:\/\/antoniomoll.com\/de\/wp-json\/wp\/v2\/pages\/509\/revisions\/3674"}],"wp:attachment":[{"href":"https:\/\/antoniomoll.com\/de\/wp-json\/wp\/v2\/media?parent=509"}],"curies":[{"name":"wp","href":"https:\/\/api.w.org\/{rel}","templated":true}]}}