{"id":507,"date":"2018-12-07T17:41:51","date_gmt":"2018-12-07T17:41:51","guid":{"rendered":"https:\/\/antoniomoll.com\/de\/?page_id=507"},"modified":"2025-12-18T22:19:15","modified_gmt":"2025-12-18T21:19:15","slug":"privacy-policy-and-cookies","status":"publish","type":"page","link":"https:\/\/antoniomoll.com\/de\/privacy-policy-and-cookies\/","title":{"rendered":"PRIVACY POLICY AND COOKIES"},"content":{"rendered":"<p>[et_pb_section fb_built=&#8220;1&#8243; _builder_version=&#8220;4.16&#8243; global_colors_info=&#8220;{}&#8220;][et_pb_row _builder_version=&#8220;4.16&#8243; background_size=&#8220;initial&#8220; background_position=&#8220;top_left&#8220; background_repeat=&#8220;repeat&#8220; global_colors_info=&#8220;{}&#8220;][et_pb_column type=&#8220;4_4&#8243; _builder_version=&#8220;4.16&#8243; custom_padding=&#8220;|||&#8220; global_colors_info=&#8220;{}&#8220; custom_padding__hover=&#8220;|||&#8220;][et_pb_text _builder_version=&#8220;4.27.0&#8243; global_colors_info=&#8220;{}&#8220;]<\/p>\n<h3><strong><\/strong><\/h3>\n<p>.<\/p>\n<h2 data-start=\"32\" data-end=\"71\"><strong data-start=\"35\" data-end=\"71\">DATENSCHUTZERKL\u00c4RUNG UND COOKIES<\/strong><\/h2>\n<hr data-start=\"73\" data-end=\"76\" \/>\n<h3 data-start=\"78\" data-end=\"141\">1. IDENTIT\u00c4T DES VERANTWORTLICHEN F\u00dcR DIE DATENVERARBEITUNG<\/h3>\n<p data-start=\"143\" data-end=\"209\"><strong data-start=\"143\" data-end=\"209\">Verantwortlicher f\u00fcr die Verarbeitung personenbezogener Daten:<\/strong><\/p>\n<p data-start=\"211\" data-end=\"401\">Neorejuvenai Global Limited<br data-start=\"238\" data-end=\"241\" \/>Business Registration No.: 79027029<br data-start=\"276\" data-end=\"279\" \/>Eingetragener Sitz: Unit B, 11\/F, 23 Thomson Road, Wan Chai, Hong Kong SAR<br data-start=\"353\" data-end=\"356\" \/>Kontakt-E-Mail:<span>\u00a0<\/span><a data-start=\"372\" data-end=\"399\" class=\"decorated-link cursor-pointer\" rel=\"noopener\">support@neorejuvenation.com<span aria-hidden=\"true\" class=\"ms-0.5 inline-block align-middle leading-none\"><svg xmlns=\"http:\/\/www.w3.org\/2000\/svg\" width=\"20\" height=\"20\" aria-hidden=\"true\" class=\"block h-[0.75em] w-[0.75em] stroke-current stroke-[0.75]\"><use href=\"\/cdn\/assets\/sprites-core-j9fay8bq.svg#304883\" fill=\"currentColor\"><\/use><\/svg><\/span><\/a><\/p>\n<p data-start=\"403\" data-end=\"673\">Neorejuvenai Global Limited ist die alleinige verantwortliche Stelle f\u00fcr die Erhebung, Verarbeitung, Speicherung und den Schutz der personenbezogenen Daten der Nutzer, die auf die \u00fcber die NeoRejuvenation-Websites und -Plattformen angebotenen Dienstleistungen zugreifen.<\/p>\n<hr data-start=\"675\" data-end=\"678\" \/>\n<h3 data-start=\"680\" data-end=\"697\">2. EINLEITUNG<\/h3>\n<p data-start=\"698\" data-end=\"926\">Diese Datenschutzerkl\u00e4rung beschreibt, wie Neorejuvenai Global Limited personenbezogene Daten von Nutzern erhebt, verwendet, speichert und sch\u00fctzt, die auf Dienstleistungen zugreifen, die \u00fcber folgende Websites angeboten werden:<\/p>\n<p data-start=\"928\" data-end=\"1053\"><a data-start=\"928\" data-end=\"951\" rel=\"noopener\" target=\"_new\" class=\"decorated-link\" href=\"http:\/\/www.neorejuvenation.com\/\">www.neorejuvenation.com<span aria-hidden=\"true\" class=\"ms-0.5 inline-block align-middle leading-none\"><svg xmlns=\"http:\/\/www.w3.org\/2000\/svg\" width=\"20\" height=\"20\" aria-hidden=\"true\" class=\"block h-[0.75em] w-[0.75em] stroke-current stroke-[0.75]\"><use href=\"\/cdn\/assets\/sprites-core-j9fay8bq.svg#304883\" fill=\"currentColor\"><\/use><\/svg><\/span><\/a><br data-start=\"951\" data-end=\"954\" \/><a data-start=\"954\" data-end=\"978\" rel=\"noopener\" target=\"_new\" class=\"decorated-link\" href=\"http:\/\/www.neorejuvenation2.com\/\">www.neorejuvenation2.com<span aria-hidden=\"true\" class=\"ms-0.5 inline-block align-middle leading-none\"><svg xmlns=\"http:\/\/www.w3.org\/2000\/svg\" width=\"20\" height=\"20\" aria-hidden=\"true\" class=\"block h-[0.75em] w-[0.75em] stroke-current stroke-[0.75]\"><use href=\"\/cdn\/assets\/sprites-core-j9fay8bq.svg#304883\" fill=\"currentColor\"><\/use><\/svg><\/span><\/a><br data-start=\"978\" data-end=\"981\" \/><a data-start=\"981\" data-end=\"1001\" rel=\"noopener\" target=\"_new\" class=\"decorated-link\" href=\"http:\/\/www.neorejuvenai.com\/\">www.neorejuvenai.com<span aria-hidden=\"true\" class=\"ms-0.5 inline-block align-middle leading-none\"><svg xmlns=\"http:\/\/www.w3.org\/2000\/svg\" width=\"20\" height=\"20\" aria-hidden=\"true\" class=\"block h-[0.75em] w-[0.75em] stroke-current stroke-[0.75]\"><use href=\"\/cdn\/assets\/sprites-core-j9fay8bq.svg#304883\" fill=\"currentColor\"><\/use><\/svg><\/span><\/a><br data-start=\"1001\" data-end=\"1004\" \/><a data-start=\"1004\" data-end=\"1023\" rel=\"noopener\" target=\"_new\" class=\"decorated-link\" href=\"http:\/\/www.antoniomoll.com\/\">www.antoniomoll.com<span aria-hidden=\"true\" class=\"ms-0.5 inline-block align-middle leading-none\"><svg xmlns=\"http:\/\/www.w3.org\/2000\/svg\" width=\"20\" height=\"20\" aria-hidden=\"true\" class=\"block h-[0.75em] w-[0.75em] stroke-current stroke-[0.75]\"><use href=\"\/cdn\/assets\/sprites-core-j9fay8bq.svg#304883\" fill=\"currentColor\"><\/use><\/svg><\/span><\/a><br data-start=\"1023\" data-end=\"1026\" \/><a data-start=\"1026\" data-end=\"1051\" rel=\"noopener\" target=\"_new\" class=\"decorated-link\" href=\"http:\/\/www.facialneorejuvena.com\/\">www.facialneorejuvena.com<span aria-hidden=\"true\" class=\"ms-0.5 inline-block align-middle leading-none\"><svg xmlns=\"http:\/\/www.w3.org\/2000\/svg\" width=\"20\" height=\"20\" aria-hidden=\"true\" class=\"block h-[0.75em] w-[0.75em] stroke-current stroke-[0.75]\"><use href=\"\/cdn\/assets\/sprites-core-j9fay8bq.svg#304883\" fill=\"currentColor\"><\/use><\/svg><\/span><\/a><\/p>\n<p data-start=\"1055\" data-end=\"1089\">sowie alle zugeh\u00f6rigen Subdomains.<\/p>\n<p data-start=\"1091\" data-end=\"1257\">Neorejuvenai Global Limited verpflichtet sich, personenbezogene Daten rechtm\u00e4\u00dfig, fair und transparent zu verarbeiten und die Privatsph\u00e4re der Nutzer zu respektieren.<\/p>\n<hr data-start=\"1259\" data-end=\"1262\" \/>\n<h3 data-start=\"1264\" data-end=\"1302\">3. ERHOBENE PERSONENBEZOGENE DATEN<\/h3>\n<p data-start=\"1303\" data-end=\"1447\">Die Erhebung personenbezogener Daten ist auf das notwendige Ma\u00df beschr\u00e4nkt und verh\u00e4ltnism\u00e4\u00dfig. Es werden ausschlie\u00dflich folgende Daten erhoben:<\/p>\n<p data-start=\"1449\" data-end=\"1512\"><strong data-start=\"1449\" data-end=\"1486\">Identifikations- und Kontaktdaten<\/strong><br data-start=\"1486\" data-end=\"1489\" \/>Name<br data-start=\"1493\" data-end=\"1496\" \/>E-Mail-Adresse<\/p>\n<p data-start=\"1514\" data-end=\"1612\"><strong data-start=\"1514\" data-end=\"1531\">Zahlungsdaten<\/strong><br data-start=\"1531\" data-end=\"1534\" \/>Zahlungsdaten werden direkt durch externe Zahlungsdienstleister verarbeitet.<\/p>\n<p data-start=\"1614\" data-end=\"1711\">Neorejuvenai Global Limited speichert keine Kreditkartendaten oder sensiblen Finanzinformationen.<\/p>\n<p data-start=\"1713\" data-end=\"1905\"><strong data-start=\"1713\" data-end=\"1730\">Nutzungsdaten<\/strong><br data-start=\"1730\" data-end=\"1733\" \/>Anonymisierte technische und statistische Informationen \u00fcber die Nutzung der Website (Cookies, gek\u00fcrzte IP-Adressen, Ger\u00e4tetyp, Browser) zu Sicherheits- und Analysezwecken.<\/p>\n<hr data-start=\"1907\" data-end=\"1910\" \/>\n<h3 data-start=\"1912\" data-end=\"1946\">4. ZWECK DER DATENVERARBEITUNG<\/h3>\n<p data-start=\"1947\" data-end=\"2006\">Personenbezogene Daten werden ausschlie\u00dflich verwendet, um:<\/p>\n<ul data-start=\"2008\" data-end=\"2384\">\n<li data-start=\"2008\" data-end=\"2059\">\n<p data-start=\"2010\" data-end=\"2059\">den Zugang zur Schulungsplattform zu verwalten,<\/p>\n<\/li>\n<li data-start=\"2060\" data-end=\"2108\">\n<p data-start=\"2062\" data-end=\"2108\">Zahlungen und Rechnungsstellung abzuwickeln,<\/p>\n<\/li>\n<li data-start=\"2109\" data-end=\"2180\">\n<p data-start=\"2111\" data-end=\"2180\">Mitteilungen im Zusammenhang mit dem gebuchten Dienst zu versenden,<\/p>\n<\/li>\n<li data-start=\"2181\" data-end=\"2221\">\n<p data-start=\"2183\" data-end=\"2221\">technischen Support bereitzustellen,<\/p>\n<\/li>\n<li data-start=\"2222\" data-end=\"2272\">\n<p data-start=\"2224\" data-end=\"2272\">die Sicherheit der Plattform zu gew\u00e4hrleisten,<\/p>\n<\/li>\n<li data-start=\"2273\" data-end=\"2384\">\n<p data-start=\"2275\" data-end=\"2384\">die Nutzung der Website in aggregierter und anonymisierter Form zu analysieren, um den Service zu verbessern.<\/p>\n<\/li>\n<\/ul>\n<p data-start=\"2386\" data-end=\"2500\">Die Daten werden nicht f\u00fcr automatisierte Entscheidungsfindungen oder Profiling mit rechtlicher Wirkung verwendet.<\/p>\n<hr data-start=\"2502\" data-end=\"2505\" \/>\n<h3 data-start=\"2507\" data-end=\"2546\">5. RECHTSGRUNDLAGE DER VERARBEITUNG<\/h3>\n<p data-start=\"2547\" data-end=\"2614\">Die Verarbeitung personenbezogener Daten erfolgt auf Grundlage von:<\/p>\n<ul data-start=\"2616\" data-end=\"2921\">\n<li data-start=\"2616\" data-end=\"2689\">\n<p data-start=\"2618\" data-end=\"2689\">der Erf\u00fcllung eines Vertrags (Bereitstellung des digitalen Dienstes),<\/p>\n<\/li>\n<li data-start=\"2690\" data-end=\"2766\">\n<p data-start=\"2692\" data-end=\"2766\">der Einwilligung des Nutzers (nicht essenzielle Cookies, Kommunikation),<\/p>\n<\/li>\n<li data-start=\"2767\" data-end=\"2814\">\n<p data-start=\"2769\" data-end=\"2814\">der Erf\u00fcllung gesetzlicher Verpflichtungen,<\/p>\n<\/li>\n<li data-start=\"2815\" data-end=\"2921\">\n<p data-start=\"2817\" data-end=\"2921\">dem berechtigten Interesse des Anbieters an der Sicherheit und dem ordnungsgem\u00e4\u00dfen Betrieb des Dienstes.<\/p>\n<\/li>\n<\/ul>\n<hr data-start=\"2923\" data-end=\"2926\" \/>\n<h3 data-start=\"2928\" data-end=\"2968\">6. COOKIES UND \u00c4HNLICHE TECHNOLOGIEN<\/h3>\n<p data-start=\"2969\" data-end=\"3036\">Die Website verwendet Cookies von Erstanbietern und Drittanbietern.<\/p>\n<p data-start=\"3038\" data-end=\"3068\"><strong data-start=\"3038\" data-end=\"3066\">Verwendete Cookie-Arten:<\/strong><\/p>\n<ul data-start=\"3069\" data-end=\"3227\">\n<li data-start=\"3069\" data-end=\"3108\">\n<p data-start=\"3071\" data-end=\"3108\">Technische oder essenzielle Cookies<\/p>\n<\/li>\n<li data-start=\"3109\" data-end=\"3145\">\n<p data-start=\"3111\" data-end=\"3145\">Analyse- und Performance-Cookies<\/p>\n<\/li>\n<li data-start=\"3146\" data-end=\"3169\">\n<p data-start=\"3148\" data-end=\"3169\">Funktionale Cookies<\/p>\n<\/li>\n<li data-start=\"3170\" data-end=\"3227\">\n<p data-start=\"3172\" data-end=\"3227\">Werbe- und Mess-Cookies (Google Ads, Meta, TikTok usw.)<\/p>\n<\/li>\n<\/ul>\n<hr data-start=\"3229\" data-end=\"3232\" \/>\n<h3 data-start=\"3234\" data-end=\"3278\">7. DIENSTLEISTER UND AUFTRAGSVERARBEITER<\/h3>\n<p data-start=\"3279\" data-end=\"3414\">Neorejuvenai Global Limited arbeitet mit Technologieanbietern zusammen, die als Auftragsverarbeiter t\u00e4tig sind, darunter unter anderem:<\/p>\n<ul data-start=\"3416\" data-end=\"3591\">\n<li data-start=\"3416\" data-end=\"3439\">\n<p data-start=\"3418\" data-end=\"3439\">Zahlungsplattformen<\/p>\n<\/li>\n<li data-start=\"3440\" data-end=\"3477\">\n<p data-start=\"3442\" data-end=\"3477\">E-Mail- und Kommunikationsdienste<\/p>\n<\/li>\n<li data-start=\"3478\" data-end=\"3513\">\n<p data-start=\"3480\" data-end=\"3513\">Hosting- und Sicherheitsdienste<\/p>\n<\/li>\n<li data-start=\"3514\" data-end=\"3549\">\n<p data-start=\"3516\" data-end=\"3549\">Analyse- und Traffic-Mess-Tools<\/p>\n<\/li>\n<li data-start=\"3550\" data-end=\"3591\">\n<p data-start=\"3552\" data-end=\"3591\">Formular- und Automatisierungsdienste<\/p>\n<\/li>\n<\/ul>\n<p data-start=\"3593\" data-end=\"3779\">Diese Anbieter verarbeiten Daten ausschlie\u00dflich nach den Weisungen von Neorejuvenai Global Limited und auf Grundlage vertraglicher Vereinbarungen zur Vertraulichkeit und zum Datenschutz.<\/p>\n<hr data-start=\"3781\" data-end=\"3784\" \/>\n<h3 data-start=\"3786\" data-end=\"3827\">8. INTERNATIONALE DATEN\u00dcBERMITTLUNGEN<\/h3>\n<p data-start=\"3828\" data-end=\"4064\">Personenbezogene Daten k\u00f6nnen in L\u00e4ndern au\u00dferhalb des Wohnsitzlandes des Nutzers verarbeitet werden, einschlie\u00dflich Hongkong, der Europ\u00e4ischen Union und der Vereinigten Staaten, abh\u00e4ngig vom Standort der jeweiligen Technologieanbieter.<\/p>\n<p data-start=\"4066\" data-end=\"4270\">Neorejuvenai Global Limited stellt sicher, dass solche \u00dcbermittlungen unter geeigneten Schutzmechanismen erfolgen, wie z. B. durch Standardvertragsklauseln oder international anerkannte Datenschutzrahmen.<\/p>\n<hr data-start=\"4272\" data-end=\"4275\" \/>\n<h3 data-start=\"4277\" data-end=\"4306\">9. KEIN VERKAUF VON DATEN<\/h3>\n<p data-start=\"4307\" data-end=\"4435\">Neorejuvenai Global Limited verkauft, vermietet oder \u00fcbertr\u00e4gt keine personenbezogenen Daten zu kommerziellen Zwecken an Dritte.<\/p>\n<hr data-start=\"4437\" data-end=\"4440\" \/>\n<h3 data-start=\"4442\" data-end=\"4467\">10. RECHTE DER NUTZER<\/h3>\n<p data-start=\"4468\" data-end=\"4524\">Soweit anwendbar, k\u00f6nnen Nutzer folgende Rechte aus\u00fcben:<\/p>\n<ul data-start=\"4526\" data-end=\"4644\">\n<li data-start=\"4526\" data-end=\"4538\">\n<p data-start=\"4528\" data-end=\"4538\">Auskunft<\/p>\n<\/li>\n<li data-start=\"4539\" data-end=\"4555\">\n<p data-start=\"4541\" data-end=\"4555\">Berichtigung<\/p>\n<\/li>\n<li data-start=\"4556\" data-end=\"4568\">\n<p data-start=\"4558\" data-end=\"4568\">L\u00f6schung<\/p>\n<\/li>\n<li data-start=\"4569\" data-end=\"4584\">\n<p data-start=\"4571\" data-end=\"4584\">Widerspruch<\/p>\n<\/li>\n<li data-start=\"4585\" data-end=\"4619\">\n<p data-start=\"4587\" data-end=\"4619\">Einschr\u00e4nkung der Verarbeitung<\/p>\n<\/li>\n<li data-start=\"4620\" data-end=\"4644\">\n<p data-start=\"4622\" data-end=\"4644\">Daten\u00fcbertragbarkeit<\/p>\n<\/li>\n<\/ul>\n<p data-start=\"4646\" data-end=\"4714\">Anfragen k\u00f6nnen gesendet werden an:<br data-start=\"4681\" data-end=\"4684\" \/>\ud83d\udce7<span>\u00a0<\/span><a data-start=\"4687\" data-end=\"4714\" class=\"decorated-link cursor-pointer\" rel=\"noopener\">support@neorejuvenation.com<span aria-hidden=\"true\" class=\"ms-0.5 inline-block align-middle leading-none\"><svg xmlns=\"http:\/\/www.w3.org\/2000\/svg\" width=\"20\" height=\"20\" aria-hidden=\"true\" class=\"block h-[0.75em] w-[0.75em] stroke-current stroke-[0.75]\"><use href=\"\/cdn\/assets\/sprites-core-j9fay8bq.svg#304883\" fill=\"currentColor\"><\/use><\/svg><\/span><\/a><\/p>\n<hr data-start=\"4716\" data-end=\"4719\" \/>\n<h3 data-start=\"4721\" data-end=\"4744\">11. DATENSICHERHEIT<\/h3>\n<p data-start=\"4745\" data-end=\"4949\">Es werden angemessene technische und organisatorische Ma\u00dfnahmen zum Schutz personenbezogener Daten angewendet. Der Nutzer erkennt jedoch an, dass keine \u00dcbertragung \u00fcber das Internet vollkommen sicher ist.<\/p>\n<hr data-start=\"4951\" data-end=\"4954\" \/>\n<h3 data-start=\"4956\" data-end=\"4977\">12. SPEICHERDAUER<\/h3>\n<p data-start=\"4978\" data-end=\"5064\">Personenbezogene Daten werden nur so lange gespeichert, wie dies erforderlich ist f\u00fcr:<\/p>\n<ul data-start=\"5066\" data-end=\"5202\">\n<li data-start=\"5066\" data-end=\"5098\">\n<p data-start=\"5068\" data-end=\"5098\">die Erbringung des Dienstes,<\/p>\n<\/li>\n<li data-start=\"5099\" data-end=\"5146\">\n<p data-start=\"5101\" data-end=\"5146\">die Erf\u00fcllung gesetzlicher Verpflichtungen,<\/p>\n<\/li>\n<li data-start=\"5147\" data-end=\"5202\">\n<p data-start=\"5149\" data-end=\"5202\">die Verteidigung gegen m\u00f6gliche rechtliche Anspr\u00fcche.<\/p>\n<\/li>\n<\/ul>\n<hr data-start=\"5204\" data-end=\"5207\" \/>\n<h3 data-start=\"5209\" data-end=\"5248\">13. AKTUALISIERUNGEN DER RICHTLINIE<\/h3>\n<p data-start=\"5249\" data-end=\"5422\">Neorejuvenai Global Limited beh\u00e4lt sich das Recht vor, diese Datenschutzerkl\u00e4rung jederzeit zu \u00e4ndern. \u00c4nderungen treten mit ihrer Ver\u00f6ffentlichung auf der Website in Kraft.<\/p>\n<hr data-start=\"5424\" data-end=\"5427\" \/>\n<h3 data-start=\"5429\" data-end=\"5444\">14. KONTAKT<\/h3>\n<p data-start=\"5445\" data-end=\"5497\">Bei Fragen zum Datenschutz wenden Sie sich bitte an:<\/p>\n<p data-start=\"5499\" data-end=\"5636\" data-is-last-node=\"\" data-is-only-node=\"\">Neorejuvenai Global Limited<br data-start=\"5526\" data-end=\"5529\" \/>Eingetragener Sitz: Unit B, 11\/F, 23 Thomson Road, Wan Chai, Hong Kong SAR<br data-start=\"5603\" data-end=\"5606\" \/>\ud83d\udce7<span>\u00a0<\/span><a data-start=\"5609\" data-end=\"5636\" data-is-last-node=\"\" class=\"decorated-link cursor-pointer\" rel=\"noopener\">support@neorejuvenation.com<\/a><\/p>\n<p>[\/et_pb_text][\/et_pb_column][\/et_pb_row][\/et_pb_section]<\/p>\n","protected":false},"excerpt":{"rendered":"<p>. DATENSCHUTZERKL\u00c4RUNG UND COOKIES 1. IDENTIT\u00c4T DES VERANTWORTLICHEN F\u00dcR DIE DATENVERARBEITUNG Verantwortlicher f\u00fcr die Verarbeitung personenbezogener Daten: Neorejuvenai Global LimitedBusiness Registration No.: 79027029Eingetragener Sitz: Unit B, 11\/F, 23 Thomson Road, Wan Chai, Hong Kong SARKontakt-E-Mail:\u00a0support@neorejuvenation.com Neorejuvenai Global Limited ist die alleinige verantwortliche Stelle f\u00fcr die Erhebung, Verarbeitung, Speicherung und den Schutz der personenbezogenen Daten der [&hellip;]<\/p>\n","protected":false},"author":1,"featured_media":0,"parent":0,"menu_order":0,"comment_status":"closed","ping_status":"closed","template":"","meta":{"_et_pb_use_builder":"on","_et_pb_old_content":"","_et_gb_content_width":"","footnotes":""},"yoast_head":"<!-- This site is optimized with the Yoast SEO plugin v21.1 - https:\/\/yoast.com\/wordpress\/plugins\/seo\/ -->\n<title>PRIVACY POLICY AND COOKIES - Antonio Moll - DEUTSCHE SEITE<\/title>\n<meta name=\"robots\" content=\"noindex, nofollow\" \/>\n<meta property=\"og:locale\" content=\"de_DE\" \/>\n<meta property=\"og:type\" content=\"article\" \/>\n<meta property=\"og:title\" content=\"PRIVACY POLICY AND COOKIES - Antonio Moll - DEUTSCHE SEITE\" \/>\n<meta property=\"og:description\" content=\". DATENSCHUTZERKL\u00c4RUNG UND COOKIES 1. IDENTIT\u00c4T DES VERANTWORTLICHEN F\u00dcR DIE DATENVERARBEITUNG Verantwortlicher f\u00fcr die Verarbeitung personenbezogener Daten: Neorejuvenai Global LimitedBusiness Registration No.: 79027029Eingetragener Sitz: Unit B, 11\/F, 23 Thomson Road, Wan Chai, Hong Kong SARKontakt-E-Mail:\u00a0support@neorejuvenation.com Neorejuvenai Global Limited ist die alleinige verantwortliche Stelle f\u00fcr die Erhebung, Verarbeitung, Speicherung und den Schutz der personenbezogenen Daten der [&hellip;]\" \/>\n<meta property=\"og:url\" content=\"https:\/\/antoniomoll.com\/de\/privacy-policy-and-cookies\/\" \/>\n<meta property=\"og:site_name\" content=\"Antonio Moll - DEUTSCHE SEITE\" \/>\n<meta property=\"article:modified_time\" content=\"2025-12-18T21:19:15+00:00\" \/>\n<meta name=\"twitter:card\" content=\"summary_large_image\" \/>\n<meta name=\"twitter:label1\" content=\"Gesch\u00e4tzte Lesezeit\" \/>\n\t<meta name=\"twitter:data1\" content=\"3\u00a0Minuten\" \/>\n<script type=\"application\/ld+json\" class=\"yoast-schema-graph\">{\"@context\":\"https:\/\/schema.org\",\"@graph\":[{\"@type\":\"WebPage\",\"@id\":\"https:\/\/antoniomoll.com\/de\/privacy-policy-and-cookies\/\",\"url\":\"https:\/\/antoniomoll.com\/de\/privacy-policy-and-cookies\/\",\"name\":\"PRIVACY POLICY AND COOKIES - Antonio Moll - DEUTSCHE SEITE\",\"isPartOf\":{\"@id\":\"https:\/\/antoniomoll.com\/de\/#website\"},\"datePublished\":\"2018-12-07T17:41:51+00:00\",\"dateModified\":\"2025-12-18T21:19:15+00:00\",\"breadcrumb\":{\"@id\":\"https:\/\/antoniomoll.com\/de\/privacy-policy-and-cookies\/#breadcrumb\"},\"inLanguage\":\"de\",\"potentialAction\":[{\"@type\":\"ReadAction\",\"target\":[\"https:\/\/antoniomoll.com\/de\/privacy-policy-and-cookies\/\"]}]},{\"@type\":\"BreadcrumbList\",\"@id\":\"https:\/\/antoniomoll.com\/de\/privacy-policy-and-cookies\/#breadcrumb\",\"itemListElement\":[{\"@type\":\"ListItem\",\"position\":1,\"name\":\"Portada\",\"item\":\"https:\/\/antoniomoll.com\/de\/\"},{\"@type\":\"ListItem\",\"position\":2,\"name\":\"PRIVACY POLICY AND COOKIES\"}]},{\"@type\":\"WebSite\",\"@id\":\"https:\/\/antoniomoll.com\/de\/#website\",\"url\":\"https:\/\/antoniomoll.com\/de\/\",\"name\":\"Antonio Moll - DEUTSCHE SEITE\",\"description\":\"Offizielle Website von Antonio Moll, Gr\u00fcnder von NEOREJUVENATION\",\"publisher\":{\"@id\":\"https:\/\/antoniomoll.com\/de\/#\/schema\/person\/1aaf79d79909f6ae144a533565ec2ba9\"},\"potentialAction\":[{\"@type\":\"SearchAction\",\"target\":{\"@type\":\"EntryPoint\",\"urlTemplate\":\"https:\/\/antoniomoll.com\/de\/?s={search_term_string}\"},\"query-input\":\"required name=search_term_string\"}],\"inLanguage\":\"de\"},{\"@type\":[\"Person\",\"Organization\"],\"@id\":\"https:\/\/antoniomoll.com\/de\/#\/schema\/person\/1aaf79d79909f6ae144a533565ec2ba9\",\"name\":\"Antonio Moll\",\"image\":{\"@type\":\"ImageObject\",\"inLanguage\":\"de\",\"@id\":\"https:\/\/antoniomoll.com\/de\/#\/schema\/person\/image\/\",\"url\":\"https:\/\/antoniomoll.com\/de\/wp-content\/uploads\/2018\/11\/favicon_AM.png\",\"contentUrl\":\"https:\/\/antoniomoll.com\/de\/wp-content\/uploads\/2018\/11\/favicon_AM.png\",\"width\":512,\"height\":512,\"caption\":\"Antonio Moll\"},\"logo\":{\"@id\":\"https:\/\/antoniomoll.com\/de\/#\/schema\/person\/image\/\"}}]}<\/script>\n<!-- \/ Yoast SEO plugin. -->","yoast_head_json":{"title":"PRIVACY POLICY AND COOKIES - Antonio Moll - DEUTSCHE SEITE","robots":{"index":"noindex","follow":"nofollow"},"og_locale":"de_DE","og_type":"article","og_title":"PRIVACY POLICY AND COOKIES - Antonio Moll - DEUTSCHE SEITE","og_description":". DATENSCHUTZERKL\u00c4RUNG UND COOKIES 1. IDENTIT\u00c4T DES VERANTWORTLICHEN F\u00dcR DIE DATENVERARBEITUNG Verantwortlicher f\u00fcr die Verarbeitung personenbezogener Daten: Neorejuvenai Global LimitedBusiness Registration No.: 79027029Eingetragener Sitz: Unit B, 11\/F, 23 Thomson Road, Wan Chai, Hong Kong SARKontakt-E-Mail:\u00a0support@neorejuvenation.com Neorejuvenai Global Limited ist die alleinige verantwortliche Stelle f\u00fcr die Erhebung, Verarbeitung, Speicherung und den Schutz der personenbezogenen Daten der [&hellip;]","og_url":"https:\/\/antoniomoll.com\/de\/privacy-policy-and-cookies\/","og_site_name":"Antonio Moll - DEUTSCHE SEITE","article_modified_time":"2025-12-18T21:19:15+00:00","twitter_card":"summary_large_image","twitter_misc":{"Gesch\u00e4tzte Lesezeit":"3\u00a0Minuten"},"schema":{"@context":"https:\/\/schema.org","@graph":[{"@type":"WebPage","@id":"https:\/\/antoniomoll.com\/de\/privacy-policy-and-cookies\/","url":"https:\/\/antoniomoll.com\/de\/privacy-policy-and-cookies\/","name":"PRIVACY POLICY AND COOKIES - Antonio Moll - DEUTSCHE SEITE","isPartOf":{"@id":"https:\/\/antoniomoll.com\/de\/#website"},"datePublished":"2018-12-07T17:41:51+00:00","dateModified":"2025-12-18T21:19:15+00:00","breadcrumb":{"@id":"https:\/\/antoniomoll.com\/de\/privacy-policy-and-cookies\/#breadcrumb"},"inLanguage":"de","potentialAction":[{"@type":"ReadAction","target":["https:\/\/antoniomoll.com\/de\/privacy-policy-and-cookies\/"]}]},{"@type":"BreadcrumbList","@id":"https:\/\/antoniomoll.com\/de\/privacy-policy-and-cookies\/#breadcrumb","itemListElement":[{"@type":"ListItem","position":1,"name":"Portada","item":"https:\/\/antoniomoll.com\/de\/"},{"@type":"ListItem","position":2,"name":"PRIVACY POLICY AND COOKIES"}]},{"@type":"WebSite","@id":"https:\/\/antoniomoll.com\/de\/#website","url":"https:\/\/antoniomoll.com\/de\/","name":"Antonio Moll - DEUTSCHE SEITE","description":"Offizielle Website von Antonio Moll, Gr\u00fcnder von NEOREJUVENATION","publisher":{"@id":"https:\/\/antoniomoll.com\/de\/#\/schema\/person\/1aaf79d79909f6ae144a533565ec2ba9"},"potentialAction":[{"@type":"SearchAction","target":{"@type":"EntryPoint","urlTemplate":"https:\/\/antoniomoll.com\/de\/?s={search_term_string}"},"query-input":"required name=search_term_string"}],"inLanguage":"de"},{"@type":["Person","Organization"],"@id":"https:\/\/antoniomoll.com\/de\/#\/schema\/person\/1aaf79d79909f6ae144a533565ec2ba9","name":"Antonio Moll","image":{"@type":"ImageObject","inLanguage":"de","@id":"https:\/\/antoniomoll.com\/de\/#\/schema\/person\/image\/","url":"https:\/\/antoniomoll.com\/de\/wp-content\/uploads\/2018\/11\/favicon_AM.png","contentUrl":"https:\/\/antoniomoll.com\/de\/wp-content\/uploads\/2018\/11\/favicon_AM.png","width":512,"height":512,"caption":"Antonio Moll"},"logo":{"@id":"https:\/\/antoniomoll.com\/de\/#\/schema\/person\/image\/"}}]}},"_links":{"self":[{"href":"https:\/\/antoniomoll.com\/de\/wp-json\/wp\/v2\/pages\/507"}],"collection":[{"href":"https:\/\/antoniomoll.com\/de\/wp-json\/wp\/v2\/pages"}],"about":[{"href":"https:\/\/antoniomoll.com\/de\/wp-json\/wp\/v2\/types\/page"}],"author":[{"embeddable":true,"href":"https:\/\/antoniomoll.com\/de\/wp-json\/wp\/v2\/users\/1"}],"replies":[{"embeddable":true,"href":"https:\/\/antoniomoll.com\/de\/wp-json\/wp\/v2\/comments?post=507"}],"version-history":[{"count":17,"href":"https:\/\/antoniomoll.com\/de\/wp-json\/wp\/v2\/pages\/507\/revisions"}],"predecessor-version":[{"id":3669,"href":"https:\/\/antoniomoll.com\/de\/wp-json\/wp\/v2\/pages\/507\/revisions\/3669"}],"wp:attachment":[{"href":"https:\/\/antoniomoll.com\/de\/wp-json\/wp\/v2\/media?parent=507"}],"curies":[{"name":"wp","href":"https:\/\/api.w.org\/{rel}","templated":true}]}}