{"id":3537,"date":"2020-12-14T20:00:01","date_gmt":"2020-12-14T20:00:01","guid":{"rendered":"https:\/\/de.neorejuvenation.com\/?page_id=1083"},"modified":"2024-07-27T09:52:41","modified_gmt":"2024-07-27T07:52:41","slug":"neorejuvenation-interaktive","status":"publish","type":"page","link":"https:\/\/antoniomoll.com\/de\/neorejuvenation-interaktive\/","title":{"rendered":"NEOREJUVENATION INTERAKTIVE"},"content":{"rendered":"<p>[et_pb_section fb_built=&#8220;1&#8243; admin_label=&#8220;About&#8220; _builder_version=&#8220;4.16&#8243; background_color_gradient_direction=&#8220;77deg&#8220; background_size=&#8220;initial&#8220; background_position=&#8220;top_center&#8220; custom_padding=&#8220;40px||0px|||&#8220; global_colors_info=&#8220;{}&#8220;][et_pb_row column_structure=&#8220;1_2,1_2&#8243; _builder_version=&#8220;4.16&#8243; global_colors_info=&#8220;{}&#8220;][et_pb_column type=&#8220;1_2&#8243; _builder_version=&#8220;4.16&#8243; custom_padding=&#8220;|||&#8220; global_colors_info=&#8220;{}&#8220; custom_padding__hover=&#8220;|||&#8220;][et_pb_image src=&#8220;https:\/\/de.neorejuvenation.com\/wp-content\/uploads\/2021\/02\/antonio-moll-neorejuvenation.png&#8220; align=&#8220;center&#8220; force_fullwidth=&#8220;on&#8220; _builder_version=&#8220;4.16&#8243; custom_margin=&#8220;-30px||||false|false&#8220; custom_margin_tablet=&#8220;-40px||||false|false&#8220; custom_margin_phone=&#8220;-50px||||false|false&#8220; custom_margin_last_edited=&#8220;on|phone&#8220; global_colors_info=&#8220;{}&#8220;][\/et_pb_image][\/et_pb_column][et_pb_column type=&#8220;1_2&#8243; _builder_version=&#8220;4.16&#8243; custom_padding=&#8220;|||&#8220; global_colors_info=&#8220;{}&#8220; custom_padding__hover=&#8220;|||&#8220;][et_pb_text _builder_version=&#8220;4.19.5&#8243; header_font=&#8220;Oxygen||||||||&#8220; header_text_align=&#8220;justify&#8220; header_text_color=&#8220;#3a1e8c&#8220; header_font_size=&#8220;50px&#8220; header_line_height=&#8220;1.5em&#8220; header_2_font=&#8220;Oxygen||||||||&#8220; header_2_text_color=&#8220;#821096&#8243; header_2_font_size=&#8220;32px&#8220; header_2_line_height=&#8220;1.3em&#8220; header_3_font=&#8220;Montserrat|500|||||||&#8220; header_3_text_align=&#8220;center&#8220; header_3_text_color=&#8220;#171728&#8243; header_3_letter_spacing=&#8220;3px&#8220; header_3_line_height=&#8220;1.2em&#8220; custom_margin=&#8220;|||-12px||&#8220; header_font_tablet=&#8220;Oswald||||||||&#8220; header_font_phone=&#8220;Oswald||||||||&#8220; header_font_last_edited=&#8220;on|desktop&#8220; header_font_size_tablet=&#8220;&#8220; header_font_size_phone=&#8220;28px&#8220; header_font_size_last_edited=&#8220;on|phone&#8220; header_2_font_size_tablet=&#8220;32px&#8220; header_2_font_size_phone=&#8220;24px&#8220; header_2_font_size_last_edited=&#8220;on|desktop&#8220; header_2_letter_spacing_tablet=&#8220;0px&#8220; header_2_letter_spacing_phone=&#8220;0px&#8220; header_2_letter_spacing_last_edited=&#8220;off|tablet&#8220; header_3_font_size_tablet=&#8220;&#8220; header_3_font_size_phone=&#8220;19px&#8220; header_3_font_size_last_edited=&#8220;on|desktop&#8220; inline_fonts=&#8220;Oswald,ABeeZee,Montserrat,Oxygen&#8220; global_colors_info=&#8220;{}&#8220;]<\/p>\n<h1 style=\"text-align: center;\"><span style=\"font-family: Oxygen; font-weight: normal;\"><strong><span style=\"color: rgba(131, 22, 150, 0.76);\"><span style=\"color: #7f0096;\"><span style=\"color: rgba(0, 0, 0, 0.86);\">Lernen Sie<\/span><br \/>SICH ZU VERJ\u00dcNGEN<\/span><\/span><\/strong><\/span><\/h1>\n<p><span style=\"font-family: Oxygen; font-weight: normal;\"><strong><span style=\"color: rgba(131, 22, 150, 0.76);\"><span style=\"color: #7f0096;\"><\/span><\/span><\/strong><\/span><\/p>\n<p>[\/et_pb_text][et_pb_text _builder_version=&#8220;4.19.5&#8243; text_font=&#8220;Source Sans Pro||||||||&#8220; text_font_size=&#8220;18px&#8220; text_line_height=&#8220;1.9em&#8220; transform_scale_tablet=&#8220;&#8220; transform_scale_phone=&#8220;&#8220; transform_scale_last_edited=&#8220;on|desktop&#8220; transform_translate_tablet=&#8220;&#8220; transform_translate_phone=&#8220;&#8220; transform_translate_last_edited=&#8220;on|desktop&#8220; transform_rotate_tablet=&#8220;&#8220; transform_rotate_phone=&#8220;&#8220; transform_rotate_last_edited=&#8220;on|desktop&#8220; transform_skew_tablet=&#8220;&#8220; transform_skew_phone=&#8220;&#8220; transform_skew_last_edited=&#8220;on|desktop&#8220; transform_origin_tablet=&#8220;&#8220; transform_origin_phone=&#8220;&#8220; transform_origin_last_edited=&#8220;on|desktop&#8220; transform_styles_last_edited=&#8220;on|desktop&#8220; text_font_size_tablet=&#8220;18px&#8220; text_font_size_phone=&#8220;18px&#8220; text_font_size_last_edited=&#8220;on|phone&#8220; text_letter_spacing_tablet=&#8220;&#8220; text_letter_spacing_phone=&#8220;0px&#8220; text_letter_spacing_last_edited=&#8220;on|tablet&#8220; transform_styles_tablet=&#8220;&#8220; transform_styles_phone=&#8220;&#8220; global_colors_info=&#8220;{}&#8220;]<\/p>\n<p style=\"text-align: center;\">NeoRejuvenation ist eine praktische Methode, um die k\u00f6rperliche Alterung an der Wurzel auf nat\u00fcrliche Weise umzukehren.<\/p>\n<p style=\"text-align: center;\"><span style=\"color: #171728;\"><strong><\/strong><\/span><\/p>\n<p>[\/et_pb_text][et_pb_button button_url=&#8220;https:\/\/de.neorejuvenation.com&#8220; button_text=&#8220;mehr wissen&#8220; button_alignment=&#8220;center&#8220; _builder_version=&#8220;4.27.0&#8243; custom_button=&#8220;on&#8220; button_text_color=&#8220;#ffffff&#8220; button_bg_color=&#8220;#0072bf&#8220; button_bg_use_color_gradient=&#8220;on&#8220; button_bg_color_gradient_direction=&#8220;120deg&#8220; button_bg_color_gradient_stops=&#8220;#71d0ce 0%|#821096 100%&#8220; button_bg_color_gradient_start=&#8220;#71d0ce&#8220; button_bg_color_gradient_end=&#8220;#821096&#8243; button_border_width=&#8220;0px&#8220; button_border_color=&#8220;rgba(0,0,0,0)&#8220; button_border_radius=&#8220;0px&#8220; button_letter_spacing=&#8220;1px&#8220; button_font=&#8220;Oxygen|500||on|||||&#8220; custom_margin=&#8220;50px||&#8220; custom_padding=&#8220;10px|40px|10px|40px|true|true&#8220; hover_enabled=&#8220;0&#8243; global_colors_info=&#8220;{}&#8220; button_bg_color__hover_enabled=&#8220;on|hover&#8220; button_bg_use_color_gradient__hover=&#8220;off&#8220; button_bg_color_gradient_start__hover=&#8220;#0072bf&#8220; button_bg_color_gradient_end__hover=&#8220;#71d0ce&#8220; button_bg_color__hover=&#8220;#6f1791&#8243; button_bg_enable_color__hover=&#8220;on&#8220; button_bg_color_gradient_stops__hover=&#8220;#0072bf 0%|#71d0ce 100%&#8220; sticky_enabled=&#8220;0&#8243;][\/et_pb_button][\/et_pb_column][\/et_pb_row][\/et_pb_section][et_pb_section fb_built=&#8220;1&#8243; _builder_version=&#8220;4.16&#8243; background_color=&#8220;#ffffff&#8220; custom_padding=&#8220;0px||0px|||&#8220; global_colors_info=&#8220;{}&#8220;][\/et_pb_section]<\/p>\n","protected":false},"excerpt":{"rendered":"<p>Lernen SieSICH ZU VERJ\u00dcNGEN NeoRejuvenation ist eine praktische Methode, um die k\u00f6rperliche Alterung an der Wurzel auf nat\u00fcrliche Weise umzukehren.<\/p>\n","protected":false},"author":1,"featured_media":0,"parent":0,"menu_order":0,"comment_status":"closed","ping_status":"closed","template":"","meta":{"_et_pb_use_builder":"on","_et_pb_old_content":"","_et_gb_content_width":"","footnotes":""},"yoast_head":"<!-- This site is optimized with the Yoast SEO plugin v21.1 - https:\/\/yoast.com\/wordpress\/plugins\/seo\/ -->\n<title>NEOREJUVENATION INTERAKTIVE - Antonio Moll - DEUTSCHE SEITE English Official Website - Europe<\/title>\n<meta name=\"description\" content=\"Europe - NeoRejuvenation english website. NeoRejuvenation is a practical method to naturally reverse physical aging. Training.\" \/>\n<meta name=\"robots\" content=\"index, follow, max-snippet:-1, max-image-preview:large, max-video-preview:-1\" \/>\n<link rel=\"canonical\" href=\"https:\/\/antoniomoll.com\/de\/neorejuvenation-interaktive\/\" \/>\n<meta property=\"og:locale\" content=\"de_DE\" \/>\n<meta property=\"og:type\" content=\"article\" \/>\n<meta property=\"og:title\" content=\"NEOREJUVENATION INTERAKTIVE - Antonio Moll - DEUTSCHE SEITE English Official Website - Europe\" \/>\n<meta property=\"og:description\" content=\"Europe - NeoRejuvenation english website. NeoRejuvenation is a practical method to naturally reverse physical aging. Training.\" \/>\n<meta property=\"og:url\" content=\"https:\/\/antoniomoll.com\/de\/neorejuvenation-interaktive\/\" \/>\n<meta property=\"og:site_name\" content=\"Antonio Moll - DEUTSCHE SEITE\" \/>\n<meta property=\"article:modified_time\" content=\"2024-07-27T07:52:41+00:00\" \/>\n<meta name=\"twitter:card\" content=\"summary_large_image\" \/>\n<meta name=\"twitter:label1\" content=\"Gesch\u00e4tzte Lesezeit\" \/>\n\t<meta name=\"twitter:data1\" content=\"21\u00a0Minuten\" \/>\n<script type=\"application\/ld+json\" class=\"yoast-schema-graph\">{\"@context\":\"https:\/\/schema.org\",\"@graph\":[{\"@type\":\"WebPage\",\"@id\":\"https:\/\/antoniomoll.com\/de\/neorejuvenation-interaktive\/\",\"url\":\"https:\/\/antoniomoll.com\/de\/neorejuvenation-interaktive\/\",\"name\":\"NEOREJUVENATION INTERAKTIVE - Antonio Moll - DEUTSCHE SEITE English Official Website - Europe\",\"isPartOf\":{\"@id\":\"https:\/\/antoniomoll.com\/de\/#website\"},\"datePublished\":\"2020-12-14T20:00:01+00:00\",\"dateModified\":\"2024-07-27T07:52:41+00:00\",\"description\":\"Europe - NeoRejuvenation english website. NeoRejuvenation is a practical method to naturally reverse physical aging. Training.\",\"breadcrumb\":{\"@id\":\"https:\/\/antoniomoll.com\/de\/neorejuvenation-interaktive\/#breadcrumb\"},\"inLanguage\":\"de\",\"potentialAction\":[{\"@type\":\"ReadAction\",\"target\":[\"https:\/\/antoniomoll.com\/de\/neorejuvenation-interaktive\/\"]}]},{\"@type\":\"BreadcrumbList\",\"@id\":\"https:\/\/antoniomoll.com\/de\/neorejuvenation-interaktive\/#breadcrumb\",\"itemListElement\":[{\"@type\":\"ListItem\",\"position\":1,\"name\":\"Portada\",\"item\":\"https:\/\/antoniomoll.com\/de\/\"},{\"@type\":\"ListItem\",\"position\":2,\"name\":\"NEOREJUVENATION INTERAKTIVE\"}]},{\"@type\":\"WebSite\",\"@id\":\"https:\/\/antoniomoll.com\/de\/#website\",\"url\":\"https:\/\/antoniomoll.com\/de\/\",\"name\":\"Antonio Moll - DEUTSCHE SEITE\",\"description\":\"Offizielle Website von Antonio Moll, Gr\u00fcnder von NEOREJUVENATION\",\"publisher\":{\"@id\":\"https:\/\/antoniomoll.com\/de\/#\/schema\/person\/1aaf79d79909f6ae144a533565ec2ba9\"},\"potentialAction\":[{\"@type\":\"SearchAction\",\"target\":{\"@type\":\"EntryPoint\",\"urlTemplate\":\"https:\/\/antoniomoll.com\/de\/?s={search_term_string}\"},\"query-input\":\"required name=search_term_string\"}],\"inLanguage\":\"de\"},{\"@type\":[\"Person\",\"Organization\"],\"@id\":\"https:\/\/antoniomoll.com\/de\/#\/schema\/person\/1aaf79d79909f6ae144a533565ec2ba9\",\"name\":\"Antonio Moll\",\"image\":{\"@type\":\"ImageObject\",\"inLanguage\":\"de\",\"@id\":\"https:\/\/antoniomoll.com\/de\/#\/schema\/person\/image\/\",\"url\":\"https:\/\/antoniomoll.com\/de\/wp-content\/uploads\/2018\/11\/favicon_AM.png\",\"contentUrl\":\"https:\/\/antoniomoll.com\/de\/wp-content\/uploads\/2018\/11\/favicon_AM.png\",\"width\":512,\"height\":512,\"caption\":\"Antonio Moll\"},\"logo\":{\"@id\":\"https:\/\/antoniomoll.com\/de\/#\/schema\/person\/image\/\"}}]}<\/script>\n<!-- \/ Yoast SEO plugin. -->","yoast_head_json":{"title":"NEOREJUVENATION INTERAKTIVE - Antonio Moll - DEUTSCHE SEITE English Official Website - Europe","description":"Europe - NeoRejuvenation english website. NeoRejuvenation is a practical method to naturally reverse physical aging. Training.","robots":{"index":"index","follow":"follow","max-snippet":"max-snippet:-1","max-image-preview":"max-image-preview:large","max-video-preview":"max-video-preview:-1"},"canonical":"https:\/\/antoniomoll.com\/de\/neorejuvenation-interaktive\/","og_locale":"de_DE","og_type":"article","og_title":"NEOREJUVENATION INTERAKTIVE - Antonio Moll - DEUTSCHE SEITE English Official Website - Europe","og_description":"Europe - NeoRejuvenation english website. NeoRejuvenation is a practical method to naturally reverse physical aging. Training.","og_url":"https:\/\/antoniomoll.com\/de\/neorejuvenation-interaktive\/","og_site_name":"Antonio Moll - DEUTSCHE SEITE","article_modified_time":"2024-07-27T07:52:41+00:00","twitter_card":"summary_large_image","twitter_misc":{"Gesch\u00e4tzte Lesezeit":"21\u00a0Minuten"},"schema":{"@context":"https:\/\/schema.org","@graph":[{"@type":"WebPage","@id":"https:\/\/antoniomoll.com\/de\/neorejuvenation-interaktive\/","url":"https:\/\/antoniomoll.com\/de\/neorejuvenation-interaktive\/","name":"NEOREJUVENATION INTERAKTIVE - Antonio Moll - DEUTSCHE SEITE English Official Website - Europe","isPartOf":{"@id":"https:\/\/antoniomoll.com\/de\/#website"},"datePublished":"2020-12-14T20:00:01+00:00","dateModified":"2024-07-27T07:52:41+00:00","description":"Europe - NeoRejuvenation english website. NeoRejuvenation is a practical method to naturally reverse physical aging. Training.","breadcrumb":{"@id":"https:\/\/antoniomoll.com\/de\/neorejuvenation-interaktive\/#breadcrumb"},"inLanguage":"de","potentialAction":[{"@type":"ReadAction","target":["https:\/\/antoniomoll.com\/de\/neorejuvenation-interaktive\/"]}]},{"@type":"BreadcrumbList","@id":"https:\/\/antoniomoll.com\/de\/neorejuvenation-interaktive\/#breadcrumb","itemListElement":[{"@type":"ListItem","position":1,"name":"Portada","item":"https:\/\/antoniomoll.com\/de\/"},{"@type":"ListItem","position":2,"name":"NEOREJUVENATION INTERAKTIVE"}]},{"@type":"WebSite","@id":"https:\/\/antoniomoll.com\/de\/#website","url":"https:\/\/antoniomoll.com\/de\/","name":"Antonio Moll - DEUTSCHE SEITE","description":"Offizielle Website von Antonio Moll, Gr\u00fcnder von NEOREJUVENATION","publisher":{"@id":"https:\/\/antoniomoll.com\/de\/#\/schema\/person\/1aaf79d79909f6ae144a533565ec2ba9"},"potentialAction":[{"@type":"SearchAction","target":{"@type":"EntryPoint","urlTemplate":"https:\/\/antoniomoll.com\/de\/?s={search_term_string}"},"query-input":"required name=search_term_string"}],"inLanguage":"de"},{"@type":["Person","Organization"],"@id":"https:\/\/antoniomoll.com\/de\/#\/schema\/person\/1aaf79d79909f6ae144a533565ec2ba9","name":"Antonio Moll","image":{"@type":"ImageObject","inLanguage":"de","@id":"https:\/\/antoniomoll.com\/de\/#\/schema\/person\/image\/","url":"https:\/\/antoniomoll.com\/de\/wp-content\/uploads\/2018\/11\/favicon_AM.png","contentUrl":"https:\/\/antoniomoll.com\/de\/wp-content\/uploads\/2018\/11\/favicon_AM.png","width":512,"height":512,"caption":"Antonio Moll"},"logo":{"@id":"https:\/\/antoniomoll.com\/de\/#\/schema\/person\/image\/"}}]}},"_links":{"self":[{"href":"https:\/\/antoniomoll.com\/de\/wp-json\/wp\/v2\/pages\/3537"}],"collection":[{"href":"https:\/\/antoniomoll.com\/de\/wp-json\/wp\/v2\/pages"}],"about":[{"href":"https:\/\/antoniomoll.com\/de\/wp-json\/wp\/v2\/types\/page"}],"author":[{"embeddable":true,"href":"https:\/\/antoniomoll.com\/de\/wp-json\/wp\/v2\/users\/1"}],"replies":[{"embeddable":true,"href":"https:\/\/antoniomoll.com\/de\/wp-json\/wp\/v2\/comments?post=3537"}],"version-history":[{"count":39,"href":"https:\/\/antoniomoll.com\/de\/wp-json\/wp\/v2\/pages\/3537\/revisions"}],"predecessor-version":[{"id":3659,"href":"https:\/\/antoniomoll.com\/de\/wp-json\/wp\/v2\/pages\/3537\/revisions\/3659"}],"wp:attachment":[{"href":"https:\/\/antoniomoll.com\/de\/wp-json\/wp\/v2\/media?parent=3537"}],"curies":[{"name":"wp","href":"https:\/\/api.w.org\/{rel}","templated":true}]}}