{"id":261,"date":"2018-11-22T05:29:09","date_gmt":"2018-11-22T05:29:09","guid":{"rendered":"https:\/\/antoniomoll.com\/de\/?page_id=261"},"modified":"2026-04-10T19:51:38","modified_gmt":"2026-04-10T17:51:38","slug":"about-me","status":"publish","type":"page","link":"https:\/\/antoniomoll.com\/de\/about-me\/","title":{"rendered":"ABOUT ME"},"content":{"rendered":"<p>[et_pb_section fb_built=&#8220;1&#8243; _builder_version=&#8220;4.16&#8243; custom_padding=&#8220;90px||80px||false|false&#8220; global_colors_info=&#8220;{}&#8220;][et_pb_row column_structure=&#8220;1_2,1_2&#8243; _builder_version=&#8220;4.16&#8243; custom_padding=&#8220;||0px|||&#8220; global_colors_info=&#8220;{}&#8220;][et_pb_column type=&#8220;1_2&#8243; _builder_version=&#8220;4.16&#8243; custom_padding=&#8220;|||&#8220; global_colors_info=&#8220;{}&#8220; custom_padding__hover=&#8220;|||&#8220;][et_pb_text admin_label=&#8220;Title&#8220; _builder_version=&#8220;4.16&#8243; text_font=&#8220;||||&#8220; text_text_color=&#8220;#1a1a1a&#8220; header_font=&#8220;Oswald|on||on|&#8220; header_text_align=&#8220;left&#8220; header_font_size=&#8220;60px&#8220; header_line_height=&#8220;1.3em&#8220; max_width=&#8220;450px&#8220; custom_margin=&#8220;|||&#8220; custom_padding=&#8220;|||&#8220; animation_direction=&#8220;top&#8220; locked=&#8220;off&#8220; global_colors_info=&#8220;{}&#8220;]<\/p>\n<h1>SEINE GESCHICHTE<\/h1>\n<p>[\/et_pb_text][et_pb_divider divider_position=&#8220;center&#8220; divider_weight=&#8220;3px&#8220; disabled_on=&#8220;off|off|off%22&#8243; _builder_version=&#8220;4.16&#8243; max_width=&#8220;150px&#8220; height=&#8220;false&#8220; custom_margin=&#8220;30px|||&#8220; animation_direction=&#8220;top&#8220; locked=&#8220;off&#8220; global_colors_info=&#8220;{}&#8220;][\/et_pb_divider][et_pb_text _builder_version=&#8220;4.16&#8243; text_font=&#8220;Roboto||||&#8220; text_font_size=&#8220;16px&#8220; text_line_height=&#8220;1.9em&#8220; background_size=&#8220;initial&#8220; background_position=&#8220;top_left&#8220; background_repeat=&#8220;repeat&#8220; max_width=&#8220;450px&#8220; custom_margin=&#8220;60|||&#8220; custom_padding=&#8220;||60px|&#8220; animation_direction=&#8220;top&#8220; locked=&#8220;off&#8220; global_colors_info=&#8220;{}&#8220;]<\/p>\n<div>\n<div class=\"standard-markdown grid-cols-1 grid [&amp;_&gt;_*]:min-w-0 gap-3\">\n<p class=\"font-claude-response-body break-words whitespace-normal leading-[1.7]\">Antonio Moll wurde am 22. April 1979 in Madrid geboren, mit italienischen Wurzeln. Er ist 46 Jahre alt. Autor und Unternehmer ohne Handbuch, begann er mit 20 Jahren Online-Zielgruppen aufzubauen, als niemand so recht wusste, was das Internet eigentlich war. Er war Pionier in mehreren Gesch\u00e4ftsmodellen in Spanien \u2014 von null auf Millionen von Nutzern in Zeiten, die damals unm\u00f6glich schienen.<\/p>\n<p class=\"font-claude-response-body break-words whitespace-normal leading-[1.7]\">\n<\/div>\n<\/div>\n<div>\n<div class=\"standard-markdown grid-cols-1 grid [&amp;_&gt;_*]:min-w-0 gap-3\">\n<p class=\"font-claude-response-body break-words whitespace-normal leading-[1.7]\">2014 erreichte er den Tiefpunkt. Was danach kam, hatte niemand kommen sehen \u2014 er selbst eingeschlossen. Er verbrachte zwei Jahre damit zu lesen und sich die Fragen zu stellen, die die meisten Menschen ihr ganzes Leben lang vermeiden. Hundert B\u00fccher. Buchst\u00e4blich hundert B\u00fccher. Und am Ende dieses Weges hatte er die Idee, die nur jemand haben kann, dem niemand je erkl\u00e4rt hat, dass es Dinge gibt, die man nicht tun kann: die Autoren dieser B\u00fccher auf eine B\u00fchne einzuladen \u2014 und alles live und in Person zu erleben.<\/p>\n<\/div>\n<\/div>\n<p>[\/et_pb_text][\/et_pb_column][et_pb_column type=&#8220;1_2&#8243; _builder_version=&#8220;4.16&#8243; custom_padding=&#8220;|||&#8220; global_colors_info=&#8220;{}&#8220; custom_padding__hover=&#8220;|||&#8220;][et_pb_image src=&#8220;https:\/\/antoniomoll.com\/de\/wp-content\/uploads\/2018\/11\/ANTONIO-MOLL-AUTOR.jpg&#8220; force_fullwidth=&#8220;on&#8220; align_tablet=&#8220;center&#8220; align_phone=&#8220;&#8220; align_last_edited=&#8220;on|desktop&#8220; _builder_version=&#8220;4.16&#8243; custom_margin=&#8220;|||&#8220; custom_margin_tablet=&#8220;-38px||||false|false&#8220; custom_margin_phone=&#8220;-80px||||false|false&#8220; custom_margin_last_edited=&#8220;on|phone&#8220; animation=&#8220;fade_in&#8220; global_colors_info=&#8220;{}&#8220;][\/et_pb_image][\/et_pb_column][\/et_pb_row][et_pb_row _builder_version=&#8220;4.16&#8243; background_size=&#8220;initial&#8220; background_position=&#8220;top_left&#8220; background_repeat=&#8220;repeat&#8220; global_colors_info=&#8220;{}&#8220;][et_pb_column type=&#8220;4_4&#8243; _builder_version=&#8220;4.16&#8243; custom_padding=&#8220;|||&#8220; global_colors_info=&#8220;{}&#8220; custom_padding__hover=&#8220;|||&#8220;][et_pb_text _builder_version=&#8220;4.27.6&#8243; text_font=&#8220;Roboto||||||||&#8220; text_font_size=&#8220;16px&#8220; text_line_height=&#8220;1.9em&#8220; animation_direction=&#8220;top&#8220; global_colors_info=&#8220;{}&#8220;]<\/p>\n<p class=\"font-claude-response-body break-words whitespace-normal leading-[1.7]\">2017 und 2018 brachte er, zum Erstaunen der Branche und gegen alle Erwartungen, ohne vorherige Kontakte und von null an 26 internationale Bestseller-Autoren zusammen \u2014 darunter Daniel Goleman, Joe Dispenza, Gregg Braden, Marianne Williamson, Elizabeth Gilbert, Robin Sharma, Michael Beckwith, Joe Vitale und Bruce Lipton. Die gr\u00f6\u00dfte Veranstaltung zur pers\u00f6nlichen Entwicklung, die je in Europa stattgefunden hat. Zwei Ausgaben. Zwei St\u00e4dte. Trotz logistischer Schwierigkeiten in letzter Minute schreibt <a href=\"https:\/\/www.youtube.com\/@BeingOneForum\">Being One Forum<\/a> Geschichte.<\/p>\n<p class=\"font-claude-response-body break-words whitespace-normal leading-[1.7]\">2019 startete er seine Karriere als Soloreferent und tourte durch Amerika und Europa. \u00dcber 20.000 Teilnehmer in jenem Jahr.<\/p>\n<p class=\"font-claude-response-body break-words whitespace-normal leading-[1.7]\">Seine gesamte Arbeit kommt aus demselben Ort: Beobachtung, gesunder Menschenverstand, Biologie und Neurowissenschaften als Schl\u00fcssel zum Verst\u00e4ndnis, warum Menschen tun, was sie tun \u2014 und <a href=\"https:\/\/neorejuvenation.com\/global\/\">Neorejuvenation<\/a> und Sch\u00f6nheit als h\u00f6chster Ausdruck dessen, wozu der menschliche K\u00f6rper f\u00e4hig ist.<\/p>\n<p class=\"font-claude-response-body break-words whitespace-normal leading-[1.7]\">2021 ver\u00f6ffentlichte er sein erstes Buch, <em>Du bist nicht das Problem, du bist die L\u00f6sung. Ho&#8217;oponopono Hou<\/em>. Im selben Jahr gr\u00fcndete er NeoRejuvenation, ein Pionierprogramm im Bereich der menschlichen <a href=\"https:\/\/neorejuvenation.com\/global\/\">Neorejuvenation<\/a> \u2014 \u00fcber 50.000 Leser und Studenten, in 6 Sprachen, in 65 L\u00e4ndern, unabh\u00e4ngig von der Verlagsbranche aufgebaut.<\/p>\n<p class=\"font-claude-response-body break-words whitespace-normal leading-[1.7]\">\u00dcber 700.000 Follower. +200 Millionen Aufrufe seit 2022.<\/p>\n<p class=\"font-claude-response-body break-words whitespace-normal leading-[1.7]\">Aber wenn es eine Sache gibt, die ihn mehr als alles andere antreibt, dann ist es die Sch\u00f6nheit. Ohne sie w\u00fcrde nichts davon existieren.<\/p>\n<p class=\"font-claude-response-body break-words whitespace-normal leading-[1.7]\">Jetzt kommt nKosmos.<\/p>\n<p>[\/et_pb_text][et_pb_button button_url=&#8220;https:\/\/de.neorejuvenation.com\/&#8220; button_text=&#8220;INTERAKTIVES TRAINING&#8220; _builder_version=&#8220;4.27.0&#8243; custom_button=&#8220;on&#8220; button_text_color=&#8220;#000000&#8243; button_border_color=&#8220;#000000&#8243; button_border_radius=&#8220;3px&#8220; button_letter_spacing=&#8220;3px&#8220; button_font=&#8220;Oswald||||||||&#8220; button_icon=&#8220;&#x24;||divi||400&#8243; custom_margin=&#8220;16px|||||&#8220; global_colors_info=&#8220;{}&#8220;][\/et_pb_button][\/et_pb_column][\/et_pb_row][\/et_pb_section][et_pb_section fb_built=&#8220;1&#8243; _builder_version=&#8220;4.16&#8243; global_colors_info=&#8220;{}&#8220;][et_pb_row _builder_version=&#8220;4.16&#8243; locked=&#8220;off&#8220; global_colors_info=&#8220;{}&#8220;][et_pb_column type=&#8220;4_4&#8243; _builder_version=&#8220;4.16&#8243; custom_padding=&#8220;|||&#8220; global_colors_info=&#8220;{}&#8220; custom_padding__hover=&#8220;|||&#8220;][et_pb_text admin_label=&#8220;Title&#8220; _builder_version=&#8220;4.16&#8243; text_font=&#8220;||||&#8220; text_text_color=&#8220;#1a1a1a&#8220; header_font=&#8220;Oswald|on||on|&#8220; header_text_align=&#8220;center&#8220; header_font_size=&#8220;60px&#8220; header_line_height=&#8220;1.3em&#8220; module_alignment=&#8220;center&#8220; custom_margin=&#8220;|||&#8220; custom_padding=&#8220;|||&#8220; animation_direction=&#8220;top&#8220; locked=&#8220;off&#8220; global_colors_info=&#8220;{}&#8220;]<\/p>\n<h1>FOLGEN SIE MIR<\/h1>\n<p>[\/et_pb_text][et_pb_divider divider_position=&#8220;center&#8220; divider_weight=&#8220;3px&#8220; disabled_on=&#8220;off|off|off%22&#8243; _builder_version=&#8220;4.16&#8243; max_width=&#8220;150px&#8220; module_alignment=&#8220;center&#8220; height=&#8220;false&#8220; custom_margin=&#8220;30px|||&#8220; animation_direction=&#8220;top&#8220; locked=&#8220;off&#8220; global_colors_info=&#8220;{}&#8220;][\/et_pb_divider][et_pb_text admin_label=&#8220;Sub Title&#8220; _builder_version=&#8220;4.16&#8243; text_font=&#8220;Roboto||||&#8220; text_text_color=&#8220;#1a1a1a&#8220; text_font_size=&#8220;24px&#8220; text_line_height=&#8220;1.4em&#8220; background_size=&#8220;initial&#8220; background_position=&#8220;top_left&#8220; background_repeat=&#8220;repeat&#8220; text_orientation=&#8220;center&#8220; max_width=&#8220;800px&#8220; module_alignment=&#8220;center&#8220; custom_margin=&#8220;|||&#8220; custom_padding=&#8220;30px|||&#8220; animation_direction=&#8220;top&#8220; locked=&#8220;off&#8220; global_colors_info=&#8220;{}&#8220;]Sie k\u00f6nnen Antonio \u00fcber seine sozialen Netzwerke folgen.[\/et_pb_text][\/et_pb_column][\/et_pb_row][et_pb_row _builder_version=&#8220;4.16&#8243; global_colors_info=&#8220;{}&#8220;][et_pb_column type=&#8220;4_4&#8243; _builder_version=&#8220;4.16&#8243; global_colors_info=&#8220;{}&#8220;][et_pb_social_media_follow _builder_version=&#8220;4.16&#8243; custom_button=&#8220;on&#8220; text_orientation=&#8220;center&#8220; global_colors_info=&#8220;{}&#8220;][et_pb_social_media_follow_network social_network=&#8220;facebook&#8220; url=&#8220;https:\/\/www.facebook.com\/AntonioMollBeingOne\/&#8220; _builder_version=&#8220;4.16&#8243; background_color=&#8220;#3b5998&#8243; global_colors_info=&#8220;{}&#8220; follow_button=&#8220;off&#8220; url_new_window=&#8220;on&#8220;]facebook[\/et_pb_social_media_follow_network][et_pb_social_media_follow_network social_network=&#8220;instagram&#8220; url=&#8220;https:\/\/www.instagram.com\/antonio.moll.official\/&#8220; _builder_version=&#8220;4.16&#8243; background_color=&#8220;#ea2c59&#8243; global_colors_info=&#8220;{}&#8220; follow_button=&#8220;off&#8220; url_new_window=&#8220;on&#8220;]instagram[\/et_pb_social_media_follow_network][et_pb_social_media_follow_network social_network=&#8220;linkedin&#8220; url=&#8220;https:\/\/www.linkedin.com\/in\/antonio-moll-b35b4380\/&#8220; _builder_version=&#8220;4.16&#8243; background_color=&#8220;#007bb6&#8243; global_colors_info=&#8220;{}&#8220; follow_button=&#8220;off&#8220; url_new_window=&#8220;on&#8220;]linkedin[\/et_pb_social_media_follow_network][\/et_pb_social_media_follow][\/et_pb_column][\/et_pb_row][et_pb_row _builder_version=&#8220;4.16&#8243; global_colors_info=&#8220;{}&#8220;][et_pb_column type=&#8220;4_4&#8243; _builder_version=&#8220;4.16&#8243; global_colors_info=&#8220;{}&#8220;][\/et_pb_column][\/et_pb_row][\/et_pb_section][et_pb_section fb_built=&#8220;1&#8243; _builder_version=&#8220;4.16&#8243; background_color=&#8220;#000000&#8243; global_colors_info=&#8220;{}&#8220;][et_pb_row _builder_version=&#8220;4.16&#8243; global_colors_info=&#8220;{}&#8220;][et_pb_column type=&#8220;4_4&#8243; _builder_version=&#8220;4.16&#8243; global_colors_info=&#8220;{}&#8220;][et_pb_text admin_label=&#8220;Hero Sub Title&#8220; _builder_version=&#8220;4.16&#8243; text_font=&#8220;Roboto||||&#8220; text_font_size=&#8220;24px&#8220; text_line_height=&#8220;1.4em&#8220; background_size=&#8220;initial&#8220; background_position=&#8220;top_left&#8220; background_repeat=&#8220;repeat&#8220; background_layout=&#8220;dark&#8220; max_width=&#8220;800px&#8220; custom_padding=&#8220;||||false|false&#8220; animation_direction=&#8220;top&#8220; locked=&#8220;off&#8220; global_colors_info=&#8220;{}&#8220;]<\/p>\n<blockquote>\n<p style=\"text-align: left;\"><em>\u201cWenn Sie sich selbst kennen und Ihre innere Welt verstehen, erreichen Sie einen Grad an Freiheit, der es Ihnen erm\u00f6glicht, Ihre Gedanken, Ihre \u00dcberzeugungen und Ihre Emotionen zu verwalten. Somit werden Sie zum \u201eEigent\u00fcmer\u201c Ihrer Gegenwart und Ihrer Zukunft. Aus dieser Freiheit der inneren F\u00fclle wird alles transformiert und du findest Antworten und L\u00f6sungen, die vorher unm\u00f6glich erschienen.\u201d<\/em><\/p>\n<\/blockquote>\n<p>[\/et_pb_text][et_pb_text admin_label=&#8220;Hero Sub Title&#8220; _builder_version=&#8220;4.16&#8243; text_font=&#8220;Roboto||||&#8220; text_font_size=&#8220;24px&#8220; text_line_height=&#8220;1.4em&#8220; background_size=&#8220;initial&#8220; background_position=&#8220;top_left&#8220; background_repeat=&#8220;repeat&#8220; background_layout=&#8220;dark&#8220; max_width=&#8220;800px&#8220; custom_padding=&#8220;||||false|false&#8220; animation_direction=&#8220;top&#8220; locked=&#8220;off&#8220; global_colors_info=&#8220;{}&#8220;]<em>&#8211; Antonio Moll.<\/em>[\/et_pb_text][\/et_pb_column][\/et_pb_row][\/et_pb_section]<\/p>\n","protected":false},"excerpt":{"rendered":"<p>SEINE GESCHICHTE Antonio Moll wurde am 22. April 1979 in Madrid geboren, mit italienischen Wurzeln. Er ist 46 Jahre alt. Autor und Unternehmer ohne Handbuch, begann er mit 20 Jahren Online-Zielgruppen aufzubauen, als niemand so recht wusste, was das Internet eigentlich war. Er war Pionier in mehreren Gesch\u00e4ftsmodellen in Spanien \u2014 von null auf Millionen [&hellip;]<\/p>\n","protected":false},"author":1,"featured_media":0,"parent":0,"menu_order":0,"comment_status":"closed","ping_status":"closed","template":"","meta":{"_et_pb_use_builder":"on","_et_pb_old_content":"","_et_gb_content_width":"","footnotes":""},"yoast_head":"<!-- This site is optimized with the Yoast SEO plugin v21.1 - https:\/\/yoast.com\/wordpress\/plugins\/seo\/ -->\n<title>ABOUT ME - Antonio Moll - DEUTSCHE SEITE Vollst\u00e4ndige Biographie<\/title>\n<meta name=\"description\" content=\"Vollst\u00e4ndige Biographie von Antonio Moll, Autor von NeoRejuvenation. Erfahren Sie mehr \u00fcber die Geschichte von Antonio Moll.\" \/>\n<meta name=\"robots\" content=\"index, follow, max-snippet:-1, max-image-preview:large, max-video-preview:-1\" \/>\n<link rel=\"canonical\" href=\"https:\/\/antoniomoll.com\/de\/about-me\/\" \/>\n<meta property=\"og:locale\" content=\"de_DE\" \/>\n<meta property=\"og:type\" content=\"article\" \/>\n<meta property=\"og:title\" content=\"ABOUT ME - Antonio Moll - DEUTSCHE SEITE Vollst\u00e4ndige Biographie\" \/>\n<meta property=\"og:description\" content=\"Vollst\u00e4ndige Biographie von Antonio Moll, Autor von NeoRejuvenation. Erfahren Sie mehr \u00fcber die Geschichte von Antonio Moll.\" \/>\n<meta property=\"og:url\" content=\"https:\/\/antoniomoll.com\/de\/about-me\/\" \/>\n<meta property=\"og:site_name\" content=\"Antonio Moll - DEUTSCHE SEITE\" \/>\n<meta property=\"article:modified_time\" content=\"2026-04-10T17:51:38+00:00\" \/>\n<meta name=\"twitter:card\" content=\"summary_large_image\" \/>\n<meta name=\"twitter:label1\" content=\"Gesch\u00e4tzte Lesezeit\" \/>\n\t<meta name=\"twitter:data1\" content=\"4\u00a0Minuten\" \/>\n<script type=\"application\/ld+json\" class=\"yoast-schema-graph\">{\"@context\":\"https:\/\/schema.org\",\"@graph\":[{\"@type\":\"WebPage\",\"@id\":\"https:\/\/antoniomoll.com\/de\/about-me\/\",\"url\":\"https:\/\/antoniomoll.com\/de\/about-me\/\",\"name\":\"ABOUT ME - Antonio Moll - DEUTSCHE SEITE Vollst\u00e4ndige Biographie\",\"isPartOf\":{\"@id\":\"https:\/\/antoniomoll.com\/de\/#website\"},\"datePublished\":\"2018-11-22T05:29:09+00:00\",\"dateModified\":\"2026-04-10T17:51:38+00:00\",\"description\":\"Vollst\u00e4ndige Biographie von Antonio Moll, Autor von NeoRejuvenation. Erfahren Sie mehr \u00fcber die Geschichte von Antonio Moll.\",\"breadcrumb\":{\"@id\":\"https:\/\/antoniomoll.com\/de\/about-me\/#breadcrumb\"},\"inLanguage\":\"de\",\"potentialAction\":[{\"@type\":\"ReadAction\",\"target\":[\"https:\/\/antoniomoll.com\/de\/about-me\/\"]}]},{\"@type\":\"BreadcrumbList\",\"@id\":\"https:\/\/antoniomoll.com\/de\/about-me\/#breadcrumb\",\"itemListElement\":[{\"@type\":\"ListItem\",\"position\":1,\"name\":\"Portada\",\"item\":\"https:\/\/antoniomoll.com\/de\/\"},{\"@type\":\"ListItem\",\"position\":2,\"name\":\"ABOUT ME\"}]},{\"@type\":\"WebSite\",\"@id\":\"https:\/\/antoniomoll.com\/de\/#website\",\"url\":\"https:\/\/antoniomoll.com\/de\/\",\"name\":\"Antonio Moll - DEUTSCHE SEITE\",\"description\":\"Offizielle Website von Antonio Moll, Gr\u00fcnder von NEOREJUVENATION\",\"publisher\":{\"@id\":\"https:\/\/antoniomoll.com\/de\/#\/schema\/person\/1aaf79d79909f6ae144a533565ec2ba9\"},\"potentialAction\":[{\"@type\":\"SearchAction\",\"target\":{\"@type\":\"EntryPoint\",\"urlTemplate\":\"https:\/\/antoniomoll.com\/de\/?s={search_term_string}\"},\"query-input\":\"required name=search_term_string\"}],\"inLanguage\":\"de\"},{\"@type\":[\"Person\",\"Organization\"],\"@id\":\"https:\/\/antoniomoll.com\/de\/#\/schema\/person\/1aaf79d79909f6ae144a533565ec2ba9\",\"name\":\"Antonio Moll\",\"image\":{\"@type\":\"ImageObject\",\"inLanguage\":\"de\",\"@id\":\"https:\/\/antoniomoll.com\/de\/#\/schema\/person\/image\/\",\"url\":\"https:\/\/antoniomoll.com\/de\/wp-content\/uploads\/2018\/11\/favicon_AM.png\",\"contentUrl\":\"https:\/\/antoniomoll.com\/de\/wp-content\/uploads\/2018\/11\/favicon_AM.png\",\"width\":512,\"height\":512,\"caption\":\"Antonio Moll\"},\"logo\":{\"@id\":\"https:\/\/antoniomoll.com\/de\/#\/schema\/person\/image\/\"}}]}<\/script>\n<!-- \/ Yoast SEO plugin. -->","yoast_head_json":{"title":"ABOUT ME - Antonio Moll - DEUTSCHE SEITE Vollst\u00e4ndige Biographie","description":"Vollst\u00e4ndige Biographie von Antonio Moll, Autor von NeoRejuvenation. Erfahren Sie mehr \u00fcber die Geschichte von Antonio Moll.","robots":{"index":"index","follow":"follow","max-snippet":"max-snippet:-1","max-image-preview":"max-image-preview:large","max-video-preview":"max-video-preview:-1"},"canonical":"https:\/\/antoniomoll.com\/de\/about-me\/","og_locale":"de_DE","og_type":"article","og_title":"ABOUT ME - Antonio Moll - DEUTSCHE SEITE Vollst\u00e4ndige Biographie","og_description":"Vollst\u00e4ndige Biographie von Antonio Moll, Autor von NeoRejuvenation. Erfahren Sie mehr \u00fcber die Geschichte von Antonio Moll.","og_url":"https:\/\/antoniomoll.com\/de\/about-me\/","og_site_name":"Antonio Moll - DEUTSCHE SEITE","article_modified_time":"2026-04-10T17:51:38+00:00","twitter_card":"summary_large_image","twitter_misc":{"Gesch\u00e4tzte Lesezeit":"4\u00a0Minuten"},"schema":{"@context":"https:\/\/schema.org","@graph":[{"@type":"WebPage","@id":"https:\/\/antoniomoll.com\/de\/about-me\/","url":"https:\/\/antoniomoll.com\/de\/about-me\/","name":"ABOUT ME - Antonio Moll - DEUTSCHE SEITE Vollst\u00e4ndige Biographie","isPartOf":{"@id":"https:\/\/antoniomoll.com\/de\/#website"},"datePublished":"2018-11-22T05:29:09+00:00","dateModified":"2026-04-10T17:51:38+00:00","description":"Vollst\u00e4ndige Biographie von Antonio Moll, Autor von NeoRejuvenation. Erfahren Sie mehr \u00fcber die Geschichte von Antonio Moll.","breadcrumb":{"@id":"https:\/\/antoniomoll.com\/de\/about-me\/#breadcrumb"},"inLanguage":"de","potentialAction":[{"@type":"ReadAction","target":["https:\/\/antoniomoll.com\/de\/about-me\/"]}]},{"@type":"BreadcrumbList","@id":"https:\/\/antoniomoll.com\/de\/about-me\/#breadcrumb","itemListElement":[{"@type":"ListItem","position":1,"name":"Portada","item":"https:\/\/antoniomoll.com\/de\/"},{"@type":"ListItem","position":2,"name":"ABOUT ME"}]},{"@type":"WebSite","@id":"https:\/\/antoniomoll.com\/de\/#website","url":"https:\/\/antoniomoll.com\/de\/","name":"Antonio Moll - DEUTSCHE SEITE","description":"Offizielle Website von Antonio Moll, Gr\u00fcnder von NEOREJUVENATION","publisher":{"@id":"https:\/\/antoniomoll.com\/de\/#\/schema\/person\/1aaf79d79909f6ae144a533565ec2ba9"},"potentialAction":[{"@type":"SearchAction","target":{"@type":"EntryPoint","urlTemplate":"https:\/\/antoniomoll.com\/de\/?s={search_term_string}"},"query-input":"required name=search_term_string"}],"inLanguage":"de"},{"@type":["Person","Organization"],"@id":"https:\/\/antoniomoll.com\/de\/#\/schema\/person\/1aaf79d79909f6ae144a533565ec2ba9","name":"Antonio Moll","image":{"@type":"ImageObject","inLanguage":"de","@id":"https:\/\/antoniomoll.com\/de\/#\/schema\/person\/image\/","url":"https:\/\/antoniomoll.com\/de\/wp-content\/uploads\/2018\/11\/favicon_AM.png","contentUrl":"https:\/\/antoniomoll.com\/de\/wp-content\/uploads\/2018\/11\/favicon_AM.png","width":512,"height":512,"caption":"Antonio Moll"},"logo":{"@id":"https:\/\/antoniomoll.com\/de\/#\/schema\/person\/image\/"}}]}},"_links":{"self":[{"href":"https:\/\/antoniomoll.com\/de\/wp-json\/wp\/v2\/pages\/261"}],"collection":[{"href":"https:\/\/antoniomoll.com\/de\/wp-json\/wp\/v2\/pages"}],"about":[{"href":"https:\/\/antoniomoll.com\/de\/wp-json\/wp\/v2\/types\/page"}],"author":[{"embeddable":true,"href":"https:\/\/antoniomoll.com\/de\/wp-json\/wp\/v2\/users\/1"}],"replies":[{"embeddable":true,"href":"https:\/\/antoniomoll.com\/de\/wp-json\/wp\/v2\/comments?post=261"}],"version-history":[{"count":119,"href":"https:\/\/antoniomoll.com\/de\/wp-json\/wp\/v2\/pages\/261\/revisions"}],"predecessor-version":[{"id":3684,"href":"https:\/\/antoniomoll.com\/de\/wp-json\/wp\/v2\/pages\/261\/revisions\/3684"}],"wp:attachment":[{"href":"https:\/\/antoniomoll.com\/de\/wp-json\/wp\/v2\/media?parent=261"}],"curies":[{"name":"wp","href":"https:\/\/api.w.org\/{rel}","templated":true}]}}