{"id":2098,"date":"2020-12-27T20:22:44","date_gmt":"2020-12-27T20:22:44","guid":{"rendered":"https:\/\/antoniomoll.com\/de\/?page_id=2098"},"modified":"2024-07-27T09:48:12","modified_gmt":"2024-07-27T07:48:12","slug":"neorejuvenation","status":"publish","type":"page","link":"https:\/\/antoniomoll.com\/de\/neorejuvenation\/","title":{"rendered":"REJUVENATION"},"content":{"rendered":"<p>[et_pb_section fb_built=&#8220;1&#8243; admin_label=&#8220;About&#8220; _builder_version=&#8220;4.16&#8243; background_color_gradient_direction=&#8220;77deg&#8220; background_size=&#8220;initial&#8220; background_position=&#8220;top_center&#8220; custom_padding=&#8220;40px||0px|||&#8220; global_colors_info=&#8220;{}&#8220;][et_pb_row column_structure=&#8220;1_2,1_2&#8243; _builder_version=&#8220;4.16&#8243; global_colors_info=&#8220;{}&#8220;][et_pb_column type=&#8220;1_2&#8243; _builder_version=&#8220;4.16&#8243; custom_padding=&#8220;|||&#8220; global_colors_info=&#8220;{}&#8220; custom_padding__hover=&#8220;|||&#8220;][et_pb_image src=&#8220;https:\/\/antoniomoll.com\/de\/wp-content\/uploads\/antonio-moll-neorejuvenation.png&#8220; align=&#8220;center&#8220; force_fullwidth=&#8220;on&#8220; _builder_version=&#8220;4.16&#8243; custom_margin=&#8220;-30px||||false|false&#8220; custom_margin_tablet=&#8220;-40px||||false|false&#8220; custom_margin_phone=&#8220;-50px||||false|false&#8220; custom_margin_last_edited=&#8220;on|phone&#8220; global_colors_info=&#8220;{}&#8220;][\/et_pb_image][\/et_pb_column][et_pb_column type=&#8220;1_2&#8243; _builder_version=&#8220;4.16&#8243; custom_padding=&#8220;|||&#8220; global_colors_info=&#8220;{}&#8220; custom_padding__hover=&#8220;|||&#8220;][et_pb_text _builder_version=&#8220;4.16&#8243; header_font=&#8220;Oxygen||||||||&#8220; header_text_align=&#8220;justify&#8220; header_text_color=&#8220;#3a1e8c&#8220; header_font_size=&#8220;50px&#8220; header_line_height=&#8220;1.5em&#8220; header_2_font=&#8220;Oxygen||||||||&#8220; header_2_text_color=&#8220;#821096&#8243; header_2_font_size=&#8220;32px&#8220; header_2_line_height=&#8220;1.3em&#8220; header_3_font=&#8220;Montserrat|500|||||||&#8220; header_3_text_align=&#8220;center&#8220; header_3_text_color=&#8220;#171728&#8243; header_3_letter_spacing=&#8220;3px&#8220; header_3_line_height=&#8220;1.2em&#8220; custom_margin=&#8220;|||-12px||&#8220; header_font_tablet=&#8220;Oswald||||||||&#8220; header_font_phone=&#8220;Oswald||||||||&#8220; header_font_last_edited=&#8220;on|desktop&#8220; header_font_size_tablet=&#8220;&#8220; header_font_size_phone=&#8220;35px&#8220; header_font_size_last_edited=&#8220;on|phone&#8220; header_2_font_size_tablet=&#8220;32px&#8220; header_2_font_size_phone=&#8220;24px&#8220; header_2_font_size_last_edited=&#8220;on|desktop&#8220; header_2_letter_spacing_tablet=&#8220;0px&#8220; header_2_letter_spacing_phone=&#8220;0px&#8220; header_2_letter_spacing_last_edited=&#8220;off|tablet&#8220; header_3_font_size_tablet=&#8220;&#8220; header_3_font_size_phone=&#8220;19px&#8220; header_3_font_size_last_edited=&#8220;on|desktop&#8220; inline_fonts=&#8220;Oswald,ABeeZee,Montserrat,Oxygen&#8220; global_colors_info=&#8220;{}&#8220;]<\/p>\n<h1 style=\"text-align: center;\"><span style=\"color: #000000;\"><strong>Lernen Sie<\/strong><\/span><\/h1>\n<h1 style=\"text-align: center;\"><span style=\"color: #800080;\"><strong>SICH ZU VERJ\u00dcNGEN<\/strong><\/span><\/h1>\n<p><span style=\"font-family: Oxygen; font-weight: normal;\"><strong><span style=\"color: rgba(131, 22, 150, 0.76);\"><span style=\"color: #7f0096;\"><\/span><\/span><\/strong><\/span>[\/et_pb_text][et_pb_text _builder_version=&#8220;4.16&#8243; text_font=&#8220;Source Sans Pro||||||||&#8220; text_font_size=&#8220;17px&#8220; text_line_height=&#8220;1.9em&#8220; transform_scale_tablet=&#8220;&#8220; transform_scale_phone=&#8220;&#8220; transform_scale_last_edited=&#8220;on|desktop&#8220; transform_translate_tablet=&#8220;&#8220; transform_translate_phone=&#8220;&#8220; transform_translate_last_edited=&#8220;on|desktop&#8220; transform_rotate_tablet=&#8220;&#8220; transform_rotate_phone=&#8220;&#8220; transform_rotate_last_edited=&#8220;on|desktop&#8220; transform_skew_tablet=&#8220;&#8220; transform_skew_phone=&#8220;&#8220; transform_skew_last_edited=&#8220;on|desktop&#8220; transform_origin_tablet=&#8220;&#8220; transform_origin_phone=&#8220;&#8220; transform_origin_last_edited=&#8220;on|desktop&#8220; transform_styles_last_edited=&#8220;on|desktop&#8220; text_font_size_tablet=&#8220;18px&#8220; text_font_size_phone=&#8220;18px&#8220; text_font_size_last_edited=&#8220;on|phone&#8220; text_letter_spacing_tablet=&#8220;&#8220; text_letter_spacing_phone=&#8220;0px&#8220; text_letter_spacing_last_edited=&#8220;on|tablet&#8220; transform_styles_tablet=&#8220;&#8220; transform_styles_phone=&#8220;&#8220; global_colors_info=&#8220;{}&#8220;]<\/p>\n<p style=\"text-align: center;\"><span>NeoRejuvenation ist eine praktische Methode, um die k\u00f6rperliche Alterung an der Wurzel auf nat\u00fcrliche Weise umzukehren.<\/span><\/p>\n<p style=\"text-align: center;\"><span style=\"color: #171728;\"><strong><\/strong><\/span><\/p>\n<p>[\/et_pb_text][et_pb_text _builder_version=&#8220;4.16&#8243; text_text_color=&#8220;#000000&#8243; text_font_size=&#8220;16px&#8220; text_font_size_tablet=&#8220;&#8220; text_font_size_phone=&#8220;&#8220; text_font_size_last_edited=&#8220;on|phone&#8220; global_colors_info=&#8220;{}&#8220;]<\/p>\n<p style=\"text-align: center;\"><strong>\u2193 WAS BEDEUTET NEOREJUVENATION \u2193<\/strong><\/p>\n<p>[\/et_pb_text][et_pb_code _builder_version=&#8220;4.16&#8243; global_colors_info=&#8220;{}&#8220;]<iframe loading=\"lazy\" src=\"https:\/\/player.vimeo.com\/video\/806094315?h=0323d226f9&#038;badge=0&#038;autopause=0&#038;player_id=0&#038;app_id=58479\" width=\"1920\" height=\"1080\" frameborder=\"0\" allow=\"autoplay; fullscreen; picture-in-picture\" allowfullscreen=\"\" title=\"video-promo-ENGLISH(1080p)_1.mp4\"><\/iframe>[\/et_pb_code][et_pb_code _builder_version=&#8220;4.16&#8243; text_orientation=&#8220;center&#8220; global_colors_info=&#8220;{}&#8220;][\/et_pb_code][et_pb_button button_url=&#8220;https:\/\/de.neorejuvenation.com&#8220; button_text=&#8220;INTERAKTIVES TRAINING&#8220; button_alignment=&#8220;center&#8220; _builder_version=&#8220;4.27.0&#8243; custom_button=&#8220;on&#8220; button_text_color=&#8220;#ffffff&#8220; button_bg_color=&#8220;#159b63&#8243; button_border_width=&#8220;0px&#8220; button_border_color=&#8220;#000000&#8243; button_border_radius=&#8220;0px&#8220; button_letter_spacing=&#8220;1px&#8220; button_font=&#8220;Oswald|on||on|&#8220; button_use_icon=&#8220;off&#8220; animation_direction=&#8220;left&#8220; hover_enabled=&#8220;0&#8243; button_text_color_hover=&#8220;#1a1a1a&#8220; button_border_color_hover=&#8220;#1a1a1a&#8220; button_border_radius_hover=&#8220;0px&#8220; button_letter_spacing_hover=&#8220;4px&#8220; button_bg_color_hover=&#8220;rgba(0,0,0,0)&#8220; locked=&#8220;off&#8220; global_colors_info=&#8220;{}&#8220; button_text_size__hover_enabled=&#8220;off&#8220; button_one_text_size__hover_enabled=&#8220;off&#8220; button_two_text_size__hover_enabled=&#8220;off&#8220; button_text_color__hover_enabled=&#8220;on&#8220; button_text_color__hover=&#8220;#ffffff&#8220; button_one_text_color__hover_enabled=&#8220;off&#8220; button_two_text_color__hover_enabled=&#8220;off&#8220; button_border_width__hover_enabled=&#8220;off&#8220; button_one_border_width__hover_enabled=&#8220;off&#8220; button_two_border_width__hover_enabled=&#8220;off&#8220; button_border_color__hover_enabled=&#8220;on|hover&#8220; button_border_color__hover=&#8220;#000000&#8243; button_one_border_color__hover_enabled=&#8220;off&#8220; button_two_border_color__hover_enabled=&#8220;off&#8220; button_border_radius__hover_enabled=&#8220;on&#8220; button_border_radius__hover=&#8220;0px&#8220; button_one_border_radius__hover_enabled=&#8220;off&#8220; button_two_border_radius__hover_enabled=&#8220;off&#8220; button_letter_spacing__hover_enabled=&#8220;on&#8220; button_letter_spacing__hover=&#8220;1px&#8220; button_one_letter_spacing__hover_enabled=&#8220;off&#8220; button_two_letter_spacing__hover_enabled=&#8220;off&#8220; button_bg_color__hover_enabled=&#8220;on|hover&#8220; button_bg_color__hover=&#8220;#000000&#8243; button_one_bg_color__hover_enabled=&#8220;off&#8220; button_two_bg_color__hover_enabled=&#8220;off&#8220; button_bg_enable_color__hover=&#8220;on&#8220; sticky_enabled=&#8220;0&#8243;][\/et_pb_button][et_pb_text _builder_version=&#8220;4.16&#8243; header_3_font=&#8220;Oswald||||||||&#8220; global_colors_info=&#8220;{}&#8220;][\/et_pb_text][\/et_pb_column][\/et_pb_row][\/et_pb_section][et_pb_section fb_built=&#8220;1&#8243; _builder_version=&#8220;4.16&#8243; background_color=&#8220;#ffffff&#8220; custom_padding=&#8220;0px|||||&#8220; global_colors_info=&#8220;{}&#8220;][et_pb_row column_structure=&#8220;1_4,1_2,1_4&#8243; _builder_version=&#8220;4.16&#8243; global_colors_info=&#8220;{}&#8220;][et_pb_column type=&#8220;1_4&#8243; _builder_version=&#8220;4.16&#8243; global_colors_info=&#8220;{}&#8220;][\/et_pb_column][et_pb_column type=&#8220;1_2&#8243; _builder_version=&#8220;4.16&#8243; global_colors_info=&#8220;{}&#8220;][\/et_pb_column][et_pb_column type=&#8220;1_4&#8243; _builder_version=&#8220;4.16&#8243; global_colors_info=&#8220;{}&#8220;][\/et_pb_column][\/et_pb_row][\/et_pb_section]<\/p>\n","protected":false},"excerpt":{"rendered":"<p>Lernen Sie SICH ZU VERJ\u00dcNGEN NeoRejuvenation ist eine praktische Methode, um die k\u00f6rperliche Alterung an der Wurzel auf nat\u00fcrliche Weise umzukehren. \u2193 WAS BEDEUTET NEOREJUVENATION \u2193<\/p>\n","protected":false},"author":1,"featured_media":0,"parent":0,"menu_order":0,"comment_status":"closed","ping_status":"closed","template":"","meta":{"_et_pb_use_builder":"on","_et_pb_old_content":"<!-- wp:divi\/placeholder \/-->","_et_gb_content_width":"","footnotes":""},"yoast_head":"<!-- This site is optimized with the Yoast SEO plugin v21.1 - https:\/\/yoast.com\/wordpress\/plugins\/seo\/ -->\n<title>REJUVENATION - Antonio Moll - DEUTSCHE SEITE<\/title>\n<meta name=\"description\" content=\"Erfahren Sie von Antonio Moll, dem Autor von NeoRejuvenation, was NeoRejuvenation ist. Mehr Infos zur Ausbildung. Schau das Video.\" \/>\n<meta name=\"robots\" content=\"index, follow, max-snippet:-1, max-image-preview:large, max-video-preview:-1\" \/>\n<link rel=\"canonical\" href=\"https:\/\/antoniomoll.com\/de\/neorejuvenation\/\" \/>\n<meta property=\"og:locale\" content=\"de_DE\" \/>\n<meta property=\"og:type\" content=\"article\" \/>\n<meta property=\"og:title\" content=\"REJUVENATION - Antonio Moll - DEUTSCHE SEITE\" \/>\n<meta property=\"og:description\" content=\"Erfahren Sie von Antonio Moll, dem Autor von NeoRejuvenation, was NeoRejuvenation ist. Mehr Infos zur Ausbildung. Schau das Video.\" \/>\n<meta property=\"og:url\" content=\"https:\/\/antoniomoll.com\/de\/neorejuvenation\/\" \/>\n<meta property=\"og:site_name\" content=\"Antonio Moll - DEUTSCHE SEITE\" \/>\n<meta property=\"article:modified_time\" content=\"2024-07-27T07:48:12+00:00\" \/>\n<meta name=\"twitter:card\" content=\"summary_large_image\" \/>\n<meta name=\"twitter:label1\" content=\"Gesch\u00e4tzte Lesezeit\" \/>\n\t<meta name=\"twitter:data1\" content=\"1\u00a0Minute\" \/>\n<script type=\"application\/ld+json\" class=\"yoast-schema-graph\">{\"@context\":\"https:\/\/schema.org\",\"@graph\":[{\"@type\":\"WebPage\",\"@id\":\"https:\/\/antoniomoll.com\/de\/neorejuvenation\/\",\"url\":\"https:\/\/antoniomoll.com\/de\/neorejuvenation\/\",\"name\":\"REJUVENATION - Antonio Moll - DEUTSCHE SEITE\",\"isPartOf\":{\"@id\":\"https:\/\/antoniomoll.com\/de\/#website\"},\"datePublished\":\"2020-12-27T20:22:44+00:00\",\"dateModified\":\"2024-07-27T07:48:12+00:00\",\"description\":\"Erfahren Sie von Antonio Moll, dem Autor von NeoRejuvenation, was NeoRejuvenation ist. Mehr Infos zur Ausbildung. Schau das Video.\",\"breadcrumb\":{\"@id\":\"https:\/\/antoniomoll.com\/de\/neorejuvenation\/#breadcrumb\"},\"inLanguage\":\"de\",\"potentialAction\":[{\"@type\":\"ReadAction\",\"target\":[\"https:\/\/antoniomoll.com\/de\/neorejuvenation\/\"]}]},{\"@type\":\"BreadcrumbList\",\"@id\":\"https:\/\/antoniomoll.com\/de\/neorejuvenation\/#breadcrumb\",\"itemListElement\":[{\"@type\":\"ListItem\",\"position\":1,\"name\":\"Portada\",\"item\":\"https:\/\/antoniomoll.com\/de\/\"},{\"@type\":\"ListItem\",\"position\":2,\"name\":\"REJUVENATION\"}]},{\"@type\":\"WebSite\",\"@id\":\"https:\/\/antoniomoll.com\/de\/#website\",\"url\":\"https:\/\/antoniomoll.com\/de\/\",\"name\":\"Antonio Moll - DEUTSCHE SEITE\",\"description\":\"Offizielle Website von Antonio Moll, Gr\u00fcnder von NEOREJUVENATION\",\"publisher\":{\"@id\":\"https:\/\/antoniomoll.com\/de\/#\/schema\/person\/1aaf79d79909f6ae144a533565ec2ba9\"},\"potentialAction\":[{\"@type\":\"SearchAction\",\"target\":{\"@type\":\"EntryPoint\",\"urlTemplate\":\"https:\/\/antoniomoll.com\/de\/?s={search_term_string}\"},\"query-input\":\"required name=search_term_string\"}],\"inLanguage\":\"de\"},{\"@type\":[\"Person\",\"Organization\"],\"@id\":\"https:\/\/antoniomoll.com\/de\/#\/schema\/person\/1aaf79d79909f6ae144a533565ec2ba9\",\"name\":\"Antonio Moll\",\"image\":{\"@type\":\"ImageObject\",\"inLanguage\":\"de\",\"@id\":\"https:\/\/antoniomoll.com\/de\/#\/schema\/person\/image\/\",\"url\":\"https:\/\/antoniomoll.com\/de\/wp-content\/uploads\/2018\/11\/favicon_AM.png\",\"contentUrl\":\"https:\/\/antoniomoll.com\/de\/wp-content\/uploads\/2018\/11\/favicon_AM.png\",\"width\":512,\"height\":512,\"caption\":\"Antonio Moll\"},\"logo\":{\"@id\":\"https:\/\/antoniomoll.com\/de\/#\/schema\/person\/image\/\"}}]}<\/script>\n<!-- \/ Yoast SEO plugin. -->","yoast_head_json":{"title":"REJUVENATION - Antonio Moll - DEUTSCHE SEITE","description":"Erfahren Sie von Antonio Moll, dem Autor von NeoRejuvenation, was NeoRejuvenation ist. Mehr Infos zur Ausbildung. Schau das Video.","robots":{"index":"index","follow":"follow","max-snippet":"max-snippet:-1","max-image-preview":"max-image-preview:large","max-video-preview":"max-video-preview:-1"},"canonical":"https:\/\/antoniomoll.com\/de\/neorejuvenation\/","og_locale":"de_DE","og_type":"article","og_title":"REJUVENATION - Antonio Moll - DEUTSCHE SEITE","og_description":"Erfahren Sie von Antonio Moll, dem Autor von NeoRejuvenation, was NeoRejuvenation ist. Mehr Infos zur Ausbildung. Schau das Video.","og_url":"https:\/\/antoniomoll.com\/de\/neorejuvenation\/","og_site_name":"Antonio Moll - DEUTSCHE SEITE","article_modified_time":"2024-07-27T07:48:12+00:00","twitter_card":"summary_large_image","twitter_misc":{"Gesch\u00e4tzte Lesezeit":"1\u00a0Minute"},"schema":{"@context":"https:\/\/schema.org","@graph":[{"@type":"WebPage","@id":"https:\/\/antoniomoll.com\/de\/neorejuvenation\/","url":"https:\/\/antoniomoll.com\/de\/neorejuvenation\/","name":"REJUVENATION - Antonio Moll - DEUTSCHE SEITE","isPartOf":{"@id":"https:\/\/antoniomoll.com\/de\/#website"},"datePublished":"2020-12-27T20:22:44+00:00","dateModified":"2024-07-27T07:48:12+00:00","description":"Erfahren Sie von Antonio Moll, dem Autor von NeoRejuvenation, was NeoRejuvenation ist. Mehr Infos zur Ausbildung. Schau das Video.","breadcrumb":{"@id":"https:\/\/antoniomoll.com\/de\/neorejuvenation\/#breadcrumb"},"inLanguage":"de","potentialAction":[{"@type":"ReadAction","target":["https:\/\/antoniomoll.com\/de\/neorejuvenation\/"]}]},{"@type":"BreadcrumbList","@id":"https:\/\/antoniomoll.com\/de\/neorejuvenation\/#breadcrumb","itemListElement":[{"@type":"ListItem","position":1,"name":"Portada","item":"https:\/\/antoniomoll.com\/de\/"},{"@type":"ListItem","position":2,"name":"REJUVENATION"}]},{"@type":"WebSite","@id":"https:\/\/antoniomoll.com\/de\/#website","url":"https:\/\/antoniomoll.com\/de\/","name":"Antonio Moll - DEUTSCHE SEITE","description":"Offizielle Website von Antonio Moll, Gr\u00fcnder von NEOREJUVENATION","publisher":{"@id":"https:\/\/antoniomoll.com\/de\/#\/schema\/person\/1aaf79d79909f6ae144a533565ec2ba9"},"potentialAction":[{"@type":"SearchAction","target":{"@type":"EntryPoint","urlTemplate":"https:\/\/antoniomoll.com\/de\/?s={search_term_string}"},"query-input":"required name=search_term_string"}],"inLanguage":"de"},{"@type":["Person","Organization"],"@id":"https:\/\/antoniomoll.com\/de\/#\/schema\/person\/1aaf79d79909f6ae144a533565ec2ba9","name":"Antonio Moll","image":{"@type":"ImageObject","inLanguage":"de","@id":"https:\/\/antoniomoll.com\/de\/#\/schema\/person\/image\/","url":"https:\/\/antoniomoll.com\/de\/wp-content\/uploads\/2018\/11\/favicon_AM.png","contentUrl":"https:\/\/antoniomoll.com\/de\/wp-content\/uploads\/2018\/11\/favicon_AM.png","width":512,"height":512,"caption":"Antonio Moll"},"logo":{"@id":"https:\/\/antoniomoll.com\/de\/#\/schema\/person\/image\/"}}]}},"_links":{"self":[{"href":"https:\/\/antoniomoll.com\/de\/wp-json\/wp\/v2\/pages\/2098"}],"collection":[{"href":"https:\/\/antoniomoll.com\/de\/wp-json\/wp\/v2\/pages"}],"about":[{"href":"https:\/\/antoniomoll.com\/de\/wp-json\/wp\/v2\/types\/page"}],"author":[{"embeddable":true,"href":"https:\/\/antoniomoll.com\/de\/wp-json\/wp\/v2\/users\/1"}],"replies":[{"embeddable":true,"href":"https:\/\/antoniomoll.com\/de\/wp-json\/wp\/v2\/comments?post=2098"}],"version-history":[{"count":106,"href":"https:\/\/antoniomoll.com\/de\/wp-json\/wp\/v2\/pages\/2098\/revisions"}],"predecessor-version":[{"id":3656,"href":"https:\/\/antoniomoll.com\/de\/wp-json\/wp\/v2\/pages\/2098\/revisions\/3656"}],"wp:attachment":[{"href":"https:\/\/antoniomoll.com\/de\/wp-json\/wp\/v2\/media?parent=2098"}],"curies":[{"name":"wp","href":"https:\/\/api.w.org\/{rel}","templated":true}]}}